{"id":947,"date":"2017-08-01T10:18:54","date_gmt":"2017-08-01T09:18:54","guid":{"rendered":"http:\/\/www.kvzrt.hu\/?page_id=947"},"modified":"2017-08-17T09:22:50","modified_gmt":"2017-08-17T08:22:50","slug":"dreher-villa-tetocsere","status":"publish","type":"page","link":"https:\/\/www.kvzrt.hu\/?page_id=947","title":{"rendered":"Dreher Villa tet\u0151csere"},"content":{"rendered":"<p><a href=\"http:\/\/www.kvzrt.hu\/wp-content\/uploads\/2017\/08\/Aj\u00e1nlatt\u00e9teli-felh\u00edv\u00e1s-megk\u00fcld\u00e9se_Dreher-Villa-tet\u0151csere_170731.pdf\">Aj\u00e1nlatt\u00e9teli felh\u00edv\u00e1s megk\u00fcld\u00e9se_Dreher Villa tet\u0151csere_170731<\/a><\/p>\n<p><a href=\"http:\/\/www.kvzrt.hu\/wp-content\/uploads\/2017\/08\/KD_Dreher-Havas-Villa-tet\u0151csere_v\u00e9gleges.pdf\">KD_Dreher Havas Villa tet\u0151csere_v\u00e9gleges<\/a><\/p>\n<p><a href=\"http:\/\/www.kvzrt.hu\/wp-content\/uploads\/2017\/08\/Dreher-villa_\u00c9p\u00edt\u00e9szeti-M\u0171szaki-le\u00edr\u00e1s.pdf\">Dreher villa_\u00c9p\u00edt\u00e9szeti M\u0171szaki le\u00edr\u00e1s<\/a><\/p>\n<p><a href=\"http:\/\/www.kvzrt.hu\/wp-content\/uploads\/2017\/08\/Dreher-Havas-Villa-tet\u0151csere-K\u00f6lts\u00e9gvet\u00e9s-\u00c1razatlan.pdf\">Dreher Havas Villa tet\u0151csere K\u00f6lts\u00e9gvet\u00e9s \u00c1razatlan<\/a><\/p>\n<p><a href=\"http:\/\/www.kvzrt.hu\/wp-content\/uploads\/2017\/08\/Jegyz\u0151k\u00f6nyv-M\u0171eml\u00e9kv\u00e9delem_2017.-febru\u00e1r-1..pdf\">Jegyz\u0151k\u00f6nyv-M\u0171eml\u00e9kv\u00e9delem_2017. febru\u00e1r 1.<\/a><\/p>\n<p><a href=\"http:\/\/www.kvzrt.hu\/wp-content\/uploads\/2017\/08\/Tart\u00f3szerkezeti-m\u0171szaki-le\u00edr\u00e1s-Dreher-villa_kiviteli-terv.pdf\">Tart\u00f3szerkezeti m\u0171szaki le\u00edr\u00e1s Dreher villa_kiviteli terv<\/a><\/p>\n<p><a href=\"http:\/\/www.kvzrt.hu\/wp-content\/uploads\/2017\/08\/K01-F\u0151szar\u00fa\u00e1ll\u00e1s-1.-emelet-A0.pdf\">K01 F\u0151szar\u00fa\u00e1ll\u00e1s 1. emelet A0<\/a><\/p>\n<p><a href=\"http:\/\/www.kvzrt.hu\/wp-content\/uploads\/2017\/08\/Faanyagv\u00e9delmi-\u00e9s-faszerkezeti-szakv\u00e9lem\u00e9ny.pdf\">Faanyagv\u00e9delmi \u00e9s faszerkezeti szakv\u00e9lem\u00e9ny<\/a><\/p>\n<p><a href=\"http:\/\/www.kvzrt.hu\/wp-content\/uploads\/2017\/08\/Dreher-villa_vill\u00e1mv\u00e9delmi-kiviteli-terv.pdf\">Dreher villa_vill\u00e1mv\u00e9delmi kiviteli terv<\/a><\/p>\n<p><a href=\"http:\/\/www.kvzrt.hu\/wp-content\/uploads\/2017\/08\/Aj\u00e1nlatt\u00e9telre-felk\u00e9rt-gazdas\u00e1gi-szerepl\u0151k-Dreher-Villa-tet\u0151csere.pdf\">Aj\u00e1nlatt\u00e9telre felk\u00e9rt gazdas\u00e1gi szerepl\u0151k Dreher Villa tet\u0151csere<\/a><\/p>\n<p><a href=\"http:\/\/www.kvzrt.hu\/wp-content\/uploads\/2017\/08\/Bont\u00e1si-jegyz\u0151k\u00f6nyv-megk\u00fcld\u00e9se_Dreher-Havas-Villa-tet\u0151csere_170817.pdf\">Bont\u00e1si jegyz\u0151k\u00f6nyv megk\u00fcld\u00e9se_Dreher Havas Villa tet\u0151csere_170817<\/a><\/p>\n","protected":false},"excerpt":{"rendered":"<p>Aj\u00e1nlatt\u00e9teli felh\u00edv\u00e1s megk\u00fcld\u00e9se_Dreher Villa tet\u0151csere_170731 KD_Dreher Havas Villa tet\u0151csere_v\u00e9gleges Dreher villa_\u00c9p\u00edt\u00e9szeti M\u0171szaki le\u00edr\u00e1s Dreher Havas Villa tet\u0151csere K\u00f6lts\u00e9gvet\u00e9s \u00c1razatlan Jegyz\u0151k\u00f6nyv-M\u0171eml\u00e9kv\u00e9delem_2017. febru\u00e1r 1. Tart\u00f3szerkezeti m\u0171szaki le\u00edr\u00e1s Dreher villa_kiviteli terv K01 F\u0151szar\u00fa\u00e1ll\u00e1s 1. emelet A0 Faanyagv\u00e9delmi \u00e9s faszerkezeti szakv\u00e9lem\u00e9ny Dreher villa_vill\u00e1mv\u00e9delmi kiviteli terv Aj\u00e1nlatt\u00e9telre felk\u00e9rt gazdas\u00e1gi szerepl\u0151k Dreher Villa tet\u0151csere Bont\u00e1si jegyz\u0151k\u00f6nyv megk\u00fcld\u00e9se_Dreher Havas Villa tet\u0151csere_170817<\/p>\n","protected":false},"author":2,"featured_media":0,"parent":720,"menu_order":0,"comment_status":"closed","ping_status":"closed","template":"","meta":{"_monsterinsights_skip_tracking":false,"_monsterinsights_sitenote_active":false,"_monsterinsights_sitenote_note":"","_monsterinsights_sitenote_category":0,"footnotes":""},"class_list":["post-947","page","type-page","status-publish","hentry"],"_links":{"self":[{"href":"https:\/\/www.kvzrt.hu\/index.php?rest_route=\/wp\/v2\/pages\/947","targetHints":{"allow":["GET"]}}],"collection":[{"href":"https:\/\/www.kvzrt.hu\/index.php?rest_route=\/wp\/v2\/pages"}],"about":[{"href":"https:\/\/www.kvzrt.hu\/index.php?rest_route=\/wp\/v2\/types\/page"}],"author":[{"embeddable":true,"href":"https:\/\/www.kvzrt.hu\/index.php?rest_route=\/wp\/v2\/users\/2"}],"replies":[{"embeddable":true,"href":"https:\/\/www.kvzrt.hu\/index.php?rest_route=%2Fwp%2Fv2%2Fcomments&post=947"}],"version-history":[{"count":5,"href":"https:\/\/www.kvzrt.hu\/index.php?rest_route=\/wp\/v2\/pages\/947\/revisions"}],"predecessor-version":[{"id":994,"href":"https:\/\/www.kvzrt.hu\/index.php?rest_route=\/wp\/v2\/pages\/947\/revisions\/994"}],"up":[{"embeddable":true,"href":"https:\/\/www.kvzrt.hu\/index.php?rest_route=\/wp\/v2\/pages\/720"}],"wp:attachment":[{"href":"https:\/\/www.kvzrt.hu\/index.php?rest_route=%2Fwp%2Fv2%2Fmedia&parent=947"}],"curies":[{"name":"wp","href":"https:\/\/api.w.org\/{rel}","templated":true}]}}