{"id":945,"date":"2017-08-01T10:18:17","date_gmt":"2017-08-01T09:18:17","guid":{"rendered":"http:\/\/www.kvzrt.hu\/?page_id=945"},"modified":"2017-08-10T14:46:55","modified_gmt":"2017-08-10T13:46:55","slug":"kiskakas-ovoda-laposteto","status":"publish","type":"page","link":"https:\/\/www.kvzrt.hu\/?page_id=945","title":{"rendered":"Kiskakas \u00d3voda lapostet\u0151"},"content":{"rendered":"<p><a href=\"http:\/\/www.kvzrt.hu\/wp-content\/uploads\/2017\/08\/Aj\u00e1nlatt\u00e9teli-felh\u00edv\u00e1s_Kiskakas-\u00d3voda-lapostet\u0151j\u00e9nek-fel\u00faj\u00edt\u00e1sa_170728.pdf\">Aj\u00e1nlatt\u00e9teli felh\u00edv\u00e1s_Kiskakas \u00d3voda lapostet\u0151j\u00e9nek fel\u00faj\u00edt\u00e1sa_170728<\/a><\/p>\n<p><a href=\"http:\/\/www.kvzrt.hu\/wp-content\/uploads\/2017\/08\/KD_Kiskakas-\u00d3voda-lapostet\u0151j\u00e9nek-fel\u00faj\u00edt\u00e1sa_170728.pdf\">KD_Kiskakas \u00d3voda lapostet\u0151j\u00e9nek fel\u00faj\u00edt\u00e1sa_170728<\/a><\/p>\n<p><a href=\"http:\/\/www.kvzrt.hu\/wp-content\/uploads\/2017\/08\/M\u00e1di-utca-86-94_Kiskakas-\u00d3voda_-SZIG_kvs_ARAZATLAN_170608.pdf\">M\u00e1di utca 86-94_Kiskakas \u00d3voda_ SZIG_kvs_ARAZATLAN_170608<\/a><\/p>\n<p><a href=\"http:\/\/www.kvzrt.hu\/wp-content\/uploads\/2017\/08\/SZ-0A-M\u00e1di-86-94_Kiskakas-\u00f3voda_170612.pdf\">SZ-0A M\u00e1di 86-94_Kiskakas \u00f3voda_170612<\/a><\/p>\n<p><a href=\"http:\/\/www.kvzrt.hu\/wp-content\/uploads\/2017\/08\/SZ-0B-M\u00e1di-86-94_Kiskakas-\u00f3voda_170612.pdf\">SZ-0B M\u00e1di 86-94_Kiskakas \u00f3voda_170612<\/a><\/p>\n<p><a href=\"http:\/\/www.kvzrt.hu\/wp-content\/uploads\/2017\/08\/SZ-1-M\u00e1di-86-94_Kiskakas-\u00f3voda_170612.pdf\">SZ-1 M\u00e1di 86-94_Kiskakas \u00f3voda_170612<\/a><\/p>\n<p><a href=\"http:\/\/www.kvzrt.hu\/wp-content\/uploads\/2017\/08\/SZ-2-M\u00e1di-86-94_Kiskakas-\u00f3voda_170612.pdf\">SZ-2 M\u00e1di 86-94_Kiskakas \u00f3voda_170612<\/a><\/p>\n<p><a href=\"http:\/\/www.kvzrt.hu\/wp-content\/uploads\/2017\/08\/SZ-3-M\u00e1di-86-94_Kiskakas-\u00f3voda_170612.pdf\">SZ-3 M\u00e1di 86-94_Kiskakas \u00f3voda_170612<\/a><\/p>\n<p><a href=\"http:\/\/www.kvzrt.hu\/wp-content\/uploads\/2017\/08\/SZ-4-M\u00e1di-86-94_Kiskakas-\u00f3voda_170612.pdf\">SZ-4 M\u00e1di 86-94_Kiskakas \u00f3voda_170612<\/a><\/p>\n<p><a href=\"http:\/\/www.kvzrt.hu\/wp-content\/uploads\/2017\/08\/SZ-5-M\u00e1di-86-94_Kiskakas-\u00f3voda_170612.pdf\">SZ-5 M\u00e1di 86-94_Kiskakas \u00f3voda_170612<\/a><\/p>\n<p><a href=\"http:\/\/www.kvzrt.hu\/wp-content\/uploads\/2017\/08\/SZ-6-M\u00e1di-86-94_Kiskakas-\u00f3voda_170612.pdf\">SZ-6 M\u00e1di 86-94_Kiskakas \u00f3voda_170612<\/a><\/p>\n<p><a href=\"http:\/\/www.kvzrt.hu\/wp-content\/uploads\/2017\/08\/SZ-7-M\u00e1di-86-94_Kiskakas-\u00f3voda_170612.pdf\">SZ-7 M\u00e1di 86-94_Kiskakas \u00f3voda_170612<\/a><\/p>\n<p><a href=\"http:\/\/www.kvzrt.hu\/wp-content\/uploads\/2017\/08\/Aj\u00e1nlatt\u00e9telre-felk\u00e9rt-gazdas\u00e1gi-szerepl\u0151k-Kiskakas-lapostet\u0151.pdf\">Aj\u00e1nlatt\u00e9telre felk\u00e9rt gazdas\u00e1gi szerepl\u0151k Kiskakas lapostet\u0151<\/a><\/p>\n<p><a href=\"http:\/\/www.kvzrt.hu\/wp-content\/uploads\/2017\/08\/Bont\u00e1si-jkv-megk\u00fcld\u00e9se_Kiskakas-\u00f3voda-lapostet\u0151_170810.pdf\">Bont\u00e1si jkv megk\u00fcld\u00e9se_Kiskakas \u00f3voda lapostet\u0151_170810<\/a><\/p>\n","protected":false},"excerpt":{"rendered":"<p>Aj\u00e1nlatt\u00e9teli felh\u00edv\u00e1s_Kiskakas \u00d3voda lapostet\u0151j\u00e9nek fel\u00faj\u00edt\u00e1sa_170728 KD_Kiskakas \u00d3voda lapostet\u0151j\u00e9nek fel\u00faj\u00edt\u00e1sa_170728 M\u00e1di utca 86-94_Kiskakas \u00d3voda_ SZIG_kvs_ARAZATLAN_170608 SZ-0A M\u00e1di 86-94_Kiskakas \u00f3voda_170612 SZ-0B M\u00e1di 86-94_Kiskakas \u00f3voda_170612 SZ-1 M\u00e1di 86-94_Kiskakas \u00f3voda_170612 SZ-2 M\u00e1di 86-94_Kiskakas \u00f3voda_170612 SZ-3 M\u00e1di 86-94_Kiskakas \u00f3voda_170612 SZ-4 M\u00e1di 86-94_Kiskakas \u00f3voda_170612 SZ-5 M\u00e1di 86-94_Kiskakas \u00f3voda_170612 SZ-6 M\u00e1di 86-94_Kiskakas \u00f3voda_170612 SZ-7 M\u00e1di 86-94_Kiskakas \u00f3voda_170612 Aj\u00e1nlatt\u00e9telre felk\u00e9rt gazdas\u00e1gi szerepl\u0151k Kiskakas [&hellip;]<\/p>\n","protected":false},"author":2,"featured_media":0,"parent":720,"menu_order":0,"comment_status":"closed","ping_status":"closed","template":"","meta":{"_monsterinsights_skip_tracking":false,"_monsterinsights_sitenote_active":false,"_monsterinsights_sitenote_note":"","_monsterinsights_sitenote_category":0,"footnotes":""},"class_list":["post-945","page","type-page","status-publish","hentry"],"_links":{"self":[{"href":"https:\/\/www.kvzrt.hu\/index.php?rest_route=\/wp\/v2\/pages\/945","targetHints":{"allow":["GET"]}}],"collection":[{"href":"https:\/\/www.kvzrt.hu\/index.php?rest_route=\/wp\/v2\/pages"}],"about":[{"href":"https:\/\/www.kvzrt.hu\/index.php?rest_route=\/wp\/v2\/types\/page"}],"author":[{"embeddable":true,"href":"https:\/\/www.kvzrt.hu\/index.php?rest_route=\/wp\/v2\/users\/2"}],"replies":[{"embeddable":true,"href":"https:\/\/www.kvzrt.hu\/index.php?rest_route=%2Fwp%2Fv2%2Fcomments&post=945"}],"version-history":[{"count":4,"href":"https:\/\/www.kvzrt.hu\/index.php?rest_route=\/wp\/v2\/pages\/945\/revisions"}],"predecessor-version":[{"id":988,"href":"https:\/\/www.kvzrt.hu\/index.php?rest_route=\/wp\/v2\/pages\/945\/revisions\/988"}],"up":[{"embeddable":true,"href":"https:\/\/www.kvzrt.hu\/index.php?rest_route=\/wp\/v2\/pages\/720"}],"wp:attachment":[{"href":"https:\/\/www.kvzrt.hu\/index.php?rest_route=%2Fwp%2Fv2%2Fmedia&parent=945"}],"curies":[{"name":"wp","href":"https:\/\/api.w.org\/{rel}","templated":true}]}}