{"id":931,"date":"2017-07-26T08:02:47","date_gmt":"2017-07-26T07:02:47","guid":{"rendered":"http:\/\/www.kvzrt.hu\/?page_id=931"},"modified":"2017-07-26T08:08:54","modified_gmt":"2017-07-26T07:08:54","slug":"ujhegyi-17-19-ovoda-es-bolcsode-laposteto-ii","status":"publish","type":"page","link":"https:\/\/www.kvzrt.hu\/?page_id=931","title":{"rendered":"\u00dajhegyi 17-19 \u00d3voda \u00e9s B\u00f6lcs\u0151de lapostet\u0151 II."},"content":{"rendered":"<p><a href=\"http:\/\/www.kvzrt.hu\/wp-content\/uploads\/2017\/07\/Aj\u00e1nlatt\u00e9teli-felh\u00edv\u00e1s_\u00dajhegyi-17-19-\u00d3voda-B\u00f6lcs\u0151de-lapostet\u0151_170725.pdf\">Aj\u00e1nlatt\u00e9teli felh\u00edv\u00e1s_\u00dajhegyi 17-19 \u00d3voda-B\u00f6lcs\u0151de lapostet\u0151_170725<\/a><\/p>\n<p><a href=\"http:\/\/www.kvzrt.hu\/wp-content\/uploads\/2017\/07\/KD_\u00dajhegyi-stny-17-19-\u00f3voda-b\u00f6lcs\u0151de-lapostet\u0151-fel\u00faj\u00edt\u00e1sa_kik\u00fcld\u00f6tt.pdf\">KD_\u00dajhegyi stny 17-19 \u00f3voda-b\u00f6lcs\u0151de lapostet\u0151 fel\u00faj\u00edt\u00e1sa_kik\u00fcld\u00f6tt<\/a><\/p>\n<p><a href=\"http:\/\/www.kvzrt.hu\/wp-content\/uploads\/2017\/07\/SZ-0A-\u00dajhegyi-s\u00e9t\u00e1ny-17-19_Csodafa-\u00f3voda_SZIG_170517.pdf\">SZ-0A \u00dajhegyi s\u00e9t\u00e1ny 17-19_Csodafa \u00f3voda_SZIG_170517<\/a><\/p>\n<p><a href=\"http:\/\/www.kvzrt.hu\/wp-content\/uploads\/2017\/07\/\u00dajhelyi-s\u00e9t\u00e1ny-17-19_Csodafa-\u00d3vi_-SZIG_kltsgv_\u00e1razatlan.pdf\">\u00dajhelyi s\u00e9t\u00e1ny 17-19_Csodafa \u00d3vi_ SZIG_kltsgv_\u00e1razatlan<\/a><\/p>\n<p><a href=\"http:\/\/www.kvzrt.hu\/wp-content\/uploads\/2017\/07\/\u00dajhelyi-s\u00e9t\u00e1ny-17-19_Gyermeksziget-b\u00f6lcsi_-SZIG_kltsgv-II.-\u00fctem_\u00e1razatlan.pdf\">\u00dajhelyi s\u00e9t\u00e1ny 17-19_Gyermeksziget b\u00f6lcsi_ SZIG_kltsgv II. \u00fctem_\u00e1razatlan<\/a><\/p>\n","protected":false},"excerpt":{"rendered":"<p>Aj\u00e1nlatt\u00e9teli felh\u00edv\u00e1s_\u00dajhegyi 17-19 \u00d3voda-B\u00f6lcs\u0151de lapostet\u0151_170725 KD_\u00dajhegyi stny 17-19 \u00f3voda-b\u00f6lcs\u0151de lapostet\u0151 fel\u00faj\u00edt\u00e1sa_kik\u00fcld\u00f6tt SZ-0A \u00dajhegyi s\u00e9t\u00e1ny 17-19_Csodafa \u00f3voda_SZIG_170517 \u00dajhelyi s\u00e9t\u00e1ny 17-19_Csodafa \u00d3vi_ SZIG_kltsgv_\u00e1razatlan \u00dajhelyi s\u00e9t\u00e1ny 17-19_Gyermeksziget b\u00f6lcsi_ SZIG_kltsgv II. \u00fctem_\u00e1razatlan<\/p>\n","protected":false},"author":2,"featured_media":0,"parent":720,"menu_order":0,"comment_status":"closed","ping_status":"closed","template":"","meta":{"_monsterinsights_skip_tracking":false,"_monsterinsights_sitenote_active":false,"_monsterinsights_sitenote_note":"","_monsterinsights_sitenote_category":0,"footnotes":""},"class_list":["post-931","page","type-page","status-publish","hentry"],"_links":{"self":[{"href":"https:\/\/www.kvzrt.hu\/index.php?rest_route=\/wp\/v2\/pages\/931","targetHints":{"allow":["GET"]}}],"collection":[{"href":"https:\/\/www.kvzrt.hu\/index.php?rest_route=\/wp\/v2\/pages"}],"about":[{"href":"https:\/\/www.kvzrt.hu\/index.php?rest_route=\/wp\/v2\/types\/page"}],"author":[{"embeddable":true,"href":"https:\/\/www.kvzrt.hu\/index.php?rest_route=\/wp\/v2\/users\/2"}],"replies":[{"embeddable":true,"href":"https:\/\/www.kvzrt.hu\/index.php?rest_route=%2Fwp%2Fv2%2Fcomments&post=931"}],"version-history":[{"count":3,"href":"https:\/\/www.kvzrt.hu\/index.php?rest_route=\/wp\/v2\/pages\/931\/revisions"}],"predecessor-version":[{"id":938,"href":"https:\/\/www.kvzrt.hu\/index.php?rest_route=\/wp\/v2\/pages\/931\/revisions\/938"}],"up":[{"embeddable":true,"href":"https:\/\/www.kvzrt.hu\/index.php?rest_route=\/wp\/v2\/pages\/720"}],"wp:attachment":[{"href":"https:\/\/www.kvzrt.hu\/index.php?rest_route=%2Fwp%2Fv2%2Fmedia&parent=931"}],"curies":[{"name":"wp","href":"https:\/\/api.w.org\/{rel}","templated":true}]}}