{"id":91,"date":"2015-11-18T11:00:54","date_gmt":"2015-11-18T10:00:54","guid":{"rendered":"http:\/\/wordpress.kvzrt.dmz\/wordpress\/?page_id=91"},"modified":"2017-10-19T14:17:48","modified_gmt":"2017-10-19T13:17:48","slug":"rendeletek","status":"publish","type":"page","link":"https:\/\/www.kvzrt.hu\/?page_id=91","title":{"rendered":"Rendeletek"},"content":{"rendered":"<p style=\"text-align: justify;\"><a href=\"https:\/\/net.jogtar.hu\/jr\/gen\/hjegy_doc.cgi?rendelettar=fovaros&amp;docid=A1000030.FOV\" target=\"_blank\" rel=\"noopener\">&#8211; A Budapest F\u0151v\u00e1ros k\u00f6zigazgat\u00e1si ter\u00fclet\u00e9n a j\u00e1rm\u0171vel v\u00e1rakoz\u00e1s rendj\u00e9nek egys\u00e9ges kialak\u00edt\u00e1s\u00e1r\u00f3l, a v\u00e1rakoz\u00e1s d\u00edj\u00e1r\u00f3l \u00e9s az \u00fczemk\u00e9ptelen j\u00e1rm\u0171vek t\u00e1rol\u00e1s\u00e1nak szab\u00e1lyoz\u00e1s\u00e1r\u00f3l sz\u00f3l\u00f3 30\/2010. (VI. 4.) F\u0151v. Kgy. rendelet<\/a><\/p>\n<p style=\"text-align: justify;\"><a href=\"http:\/\/kobanya.hu\/index.php?module=regulations&amp;action=getufile&amp;ruid=192\" target=\"_blank\" rel=\"noopener\">&#8211; Budapest F\u0151v\u00e1ros X. ker\u00fclet K\u0151b\u00e1nyai \u00d6nkorm\u00e1nyzat K\u00e9pvisel\u0151-test\u00fclet\u00e9nek 29\/2013. (VII. 2.) \u00f6nkorm\u00e1nyzati rendelete a Budapest F\u0151v\u00e1ros X. ker\u00fclet K\u0151b\u00e1nyai \u00d6nkorm\u00e1nyzat k\u00f6zigazgat\u00e1si ter\u00fclet\u00e9n a j\u00e1rm\u0171vel v\u00e1rakoz\u00e1s rendj\u00e9r\u0151l (Egys\u00e9ges szerkezetben)<\/a><\/p>\n","protected":false},"excerpt":{"rendered":"<p>&#8211; A Budapest F\u0151v\u00e1ros k\u00f6zigazgat\u00e1si ter\u00fclet\u00e9n a j\u00e1rm\u0171vel v\u00e1rakoz\u00e1s rendj\u00e9nek egys\u00e9ges kialak\u00edt\u00e1s\u00e1r\u00f3l, a v\u00e1rakoz\u00e1s d\u00edj\u00e1r\u00f3l \u00e9s az \u00fczemk\u00e9ptelen j\u00e1rm\u0171vek t\u00e1rol\u00e1s\u00e1nak szab\u00e1lyoz\u00e1s\u00e1r\u00f3l sz\u00f3l\u00f3 30\/2010. (VI. 4.) F\u0151v. Kgy. rendelet &#8211; Budapest F\u0151v\u00e1ros X. ker\u00fclet K\u0151b\u00e1nyai \u00d6nkorm\u00e1nyzat K\u00e9pvisel\u0151-test\u00fclet\u00e9nek 29\/2013. (VII. 2.) \u00f6nkorm\u00e1nyzati rendelete a Budapest F\u0151v\u00e1ros X. ker\u00fclet K\u0151b\u00e1nyai \u00d6nkorm\u00e1nyzat k\u00f6zigazgat\u00e1si ter\u00fclet\u00e9n a j\u00e1rm\u0171vel v\u00e1rakoz\u00e1s rendj\u00e9r\u0151l (Egys\u00e9ges [&hellip;]<\/p>\n","protected":false},"author":1,"featured_media":0,"parent":83,"menu_order":0,"comment_status":"closed","ping_status":"closed","template":"","meta":{"_monsterinsights_skip_tracking":false,"_monsterinsights_sitenote_active":false,"_monsterinsights_sitenote_note":"","_monsterinsights_sitenote_category":0,"footnotes":""},"class_list":["post-91","page","type-page","status-publish","hentry"],"_links":{"self":[{"href":"https:\/\/www.kvzrt.hu\/index.php?rest_route=\/wp\/v2\/pages\/91","targetHints":{"allow":["GET"]}}],"collection":[{"href":"https:\/\/www.kvzrt.hu\/index.php?rest_route=\/wp\/v2\/pages"}],"about":[{"href":"https:\/\/www.kvzrt.hu\/index.php?rest_route=\/wp\/v2\/types\/page"}],"author":[{"embeddable":true,"href":"https:\/\/www.kvzrt.hu\/index.php?rest_route=\/wp\/v2\/users\/1"}],"replies":[{"embeddable":true,"href":"https:\/\/www.kvzrt.hu\/index.php?rest_route=%2Fwp%2Fv2%2Fcomments&post=91"}],"version-history":[{"count":5,"href":"https:\/\/www.kvzrt.hu\/index.php?rest_route=\/wp\/v2\/pages\/91\/revisions"}],"predecessor-version":[{"id":1066,"href":"https:\/\/www.kvzrt.hu\/index.php?rest_route=\/wp\/v2\/pages\/91\/revisions\/1066"}],"up":[{"embeddable":true,"href":"https:\/\/www.kvzrt.hu\/index.php?rest_route=\/wp\/v2\/pages\/83"}],"wp:attachment":[{"href":"https:\/\/www.kvzrt.hu\/index.php?rest_route=%2Fwp%2Fv2%2Fmedia&parent=91"}],"curies":[{"name":"wp","href":"https:\/\/api.w.org\/{rel}","templated":true}]}}