{"id":909,"date":"2017-07-10T17:35:40","date_gmt":"2017-07-10T16:35:40","guid":{"rendered":"http:\/\/www.kvzrt.hu\/?page_id=909"},"modified":"2017-07-20T09:51:52","modified_gmt":"2017-07-20T08:51:52","slug":"kozutak-melletti-jardafelujitasok-2017","status":"publish","type":"page","link":"https:\/\/www.kvzrt.hu\/?page_id=909","title":{"rendered":"K\u00f6zutak melletti j\u00e1rdafel\u00faj\u00edt\u00e1sok 2017"},"content":{"rendered":"<p><a href=\"http:\/\/www.kvzrt.hu\/wp-content\/uploads\/2017\/07\/Elj\u00e1r\u00e1st-megind\u00edt\u00f3-felh\u00edv\u00e1s-megk\u00fcld\u00e9se_K\u00f6zutak-melletti-j\u00e1rd\u00e1k_170710.pdf\">Elj\u00e1r\u00e1st megind\u00edt\u00f3 felh\u00edv\u00e1s megk\u00fcld\u00e9se_K\u00f6zutak melletti j\u00e1rd\u00e1k_170710<\/a><\/p>\n<p><a href=\"http:\/\/www.kvzrt.hu\/wp-content\/uploads\/2017\/07\/KD_K\u00f6zutak-melletti-j\u00e1rd\u00e1k_170710.pdf\">KD_K\u00f6zutak melletti j\u00e1rd\u00e1k_170710<\/a><\/p>\n<p><a href=\"http:\/\/www.kvzrt.hu\/wp-content\/uploads\/2017\/07\/2017-J\u00e1rda\u00e9p\u00edt\u00e9sek_-\u00e1razatlan-t\u00e9teles-k\u00f6lts\u00e9gvet\u00e9s.pdf\">2017 J\u00e1rda\u00e9p\u00edt\u00e9sek_ \u00e1razatlan t\u00e9teles k\u00f6lts\u00e9gvet\u00e9s<\/a><\/p>\n<p><a href=\"http:\/\/www.kvzrt.hu\/wp-content\/uploads\/2017\/07\/Aj\u00e1nlatt\u00e9telre-felk\u00e9rt-gazdas\u00e1gi-szerepl\u0151k-K\u00f6zutak-melletti-j\u00e1rd\u00e1k.pdf\">Aj\u00e1nlatt\u00e9telre felk\u00e9rt gazdas\u00e1gi szerepl\u0151k K\u00f6zutak melletti j\u00e1rd\u00e1k<\/a><\/p>\n<p><a href=\"http:\/\/www.kvzrt.hu\/wp-content\/uploads\/2017\/07\/Bont\u00e1si-jkv-megk\u00fcld\u00e9se_K\u00f6zutak-melletti-j\u00e1rd\u00e1k_170719.pdf\">Bont\u00e1si jkv megk\u00fcld\u00e9se_K\u00f6zutak melletti j\u00e1rd\u00e1k_170719<\/a><\/p>\n","protected":false},"excerpt":{"rendered":"<p>Elj\u00e1r\u00e1st megind\u00edt\u00f3 felh\u00edv\u00e1s megk\u00fcld\u00e9se_K\u00f6zutak melletti j\u00e1rd\u00e1k_170710 KD_K\u00f6zutak melletti j\u00e1rd\u00e1k_170710 2017 J\u00e1rda\u00e9p\u00edt\u00e9sek_ \u00e1razatlan t\u00e9teles k\u00f6lts\u00e9gvet\u00e9s Aj\u00e1nlatt\u00e9telre felk\u00e9rt gazdas\u00e1gi szerepl\u0151k K\u00f6zutak melletti j\u00e1rd\u00e1k Bont\u00e1si jkv megk\u00fcld\u00e9se_K\u00f6zutak melletti j\u00e1rd\u00e1k_170719<\/p>\n","protected":false},"author":2,"featured_media":0,"parent":720,"menu_order":0,"comment_status":"closed","ping_status":"closed","template":"","meta":{"_monsterinsights_skip_tracking":false,"_monsterinsights_sitenote_active":false,"_monsterinsights_sitenote_note":"","_monsterinsights_sitenote_category":0,"footnotes":""},"class_list":["post-909","page","type-page","status-publish","hentry"],"_links":{"self":[{"href":"https:\/\/www.kvzrt.hu\/index.php?rest_route=\/wp\/v2\/pages\/909","targetHints":{"allow":["GET"]}}],"collection":[{"href":"https:\/\/www.kvzrt.hu\/index.php?rest_route=\/wp\/v2\/pages"}],"about":[{"href":"https:\/\/www.kvzrt.hu\/index.php?rest_route=\/wp\/v2\/types\/page"}],"author":[{"embeddable":true,"href":"https:\/\/www.kvzrt.hu\/index.php?rest_route=\/wp\/v2\/users\/2"}],"replies":[{"embeddable":true,"href":"https:\/\/www.kvzrt.hu\/index.php?rest_route=%2Fwp%2Fv2%2Fcomments&post=909"}],"version-history":[{"count":3,"href":"https:\/\/www.kvzrt.hu\/index.php?rest_route=\/wp\/v2\/pages\/909\/revisions"}],"predecessor-version":[{"id":930,"href":"https:\/\/www.kvzrt.hu\/index.php?rest_route=\/wp\/v2\/pages\/909\/revisions\/930"}],"up":[{"embeddable":true,"href":"https:\/\/www.kvzrt.hu\/index.php?rest_route=\/wp\/v2\/pages\/720"}],"wp:attachment":[{"href":"https:\/\/www.kvzrt.hu\/index.php?rest_route=%2Fwp%2Fv2%2Fmedia&parent=909"}],"curies":[{"name":"wp","href":"https:\/\/api.w.org\/{rel}","templated":true}]}}