{"id":89,"date":"2015-11-18T11:00:33","date_gmt":"2015-11-18T10:00:33","guid":{"rendered":"http:\/\/wordpress.kvzrt.dmz\/wordpress\/?page_id=89"},"modified":"2025-09-16T06:06:05","modified_gmt":"2025-09-16T05:06:05","slug":"letoltheto-dokumentumok-parkolas","status":"publish","type":"page","link":"https:\/\/www.kvzrt.hu\/?page_id=89","title":{"rendered":"Let\u00f6lthet\u0151 dokumentumok &#8211; Parkol\u00e1s"},"content":{"rendered":"<div id=\"container_main\" class=\"j51contain\">\n<div class=\"wrapper960\">\n<div id=\"main\" class=\"block_holder\">\n<div id=\"content_full\" class=\"side_margins\">\n<div class=\"maincontent\">\n<div class=\"item-page\">\n<div>\n<p><strong>Lakoss\u00e1gi v\u00e1rakoz\u00e1si hozz\u00e1j\u00e1rul\u00e1s ig\u00e9nyl\u00e9shez<\/strong><br \/>\n<a href=\"https:\/\/www.kvzrt.hu\/wp-content\/uploads\/2025\/09\/2025-Lakossagi-hozzajarulas-kerelem.pdf\" target=\"_blank\" rel=\"noopener\"><strong> &#8211; <span style=\"text-decoration: underline;\">K\u00e9relem (.pdf)<\/span><\/strong><\/a><br \/>\n<a href=\"https:\/\/www.kvzrt.hu\/wp-content\/uploads\/2021\/02\/Munk\u00e1ltat\u00f3i-Nyilatkozat.pdf\" target=\"_blank\" rel=\"noopener\"><strong> <span style=\"text-decoration: underline;\">&#8211; Munk\u00e1ltat\u00f3i igazol\u00e1s (.pdf)<\/span><\/strong><\/a><br \/>\n<a href=\"https:\/\/www.kvzrt.hu\/wp-content\/uploads\/2025\/09\/2025-Meghatalmazas.pdf\" target=\"_blank\" rel=\"noopener\"><strong> <span style=\"text-decoration: underline;\">&#8211; Meghatalmaz\u00e1s (.pdf)<\/span><\/strong><\/a><\/p>\n<p><strong>Gazd\u00e1lkod\u00f3i v\u00e1rakoz\u00e1si hozz\u00e1j\u00e1rul\u00e1s ig\u00e9nyl\u00e9shez<\/strong><br \/>\n<a href=\"https:\/\/www.kvzrt.hu\/wp-content\/uploads\/2025\/09\/2025-Gazdalkodoi-hozzajarulas-kerelem.pdf\" target=\"_blank\" rel=\"noopener\"><strong> &#8211; K\u00e9relem (.pdf)<\/strong><\/a><br \/>\n<strong> <span style=\"text-decoration: underline;\">&#8211; <a href=\"https:\/\/www.kvzrt.hu\/wp-content\/uploads\/2025\/09\/2025-Meghatalmazas.pdf\">Meghatalmaz\u00e1s (.pdf)<\/a><\/span><\/strong><\/p>\n<p><strong>Eg\u00e9szs\u00e9g\u00fcgyi v\u00e1rakoz\u00e1si hozz\u00e1j\u00e1rul\u00e1s ig\u00e9nyl\u00e9shez<\/strong><\/p>\n<\/div>\n<p><strong><a href=\"https:\/\/www.kvzrt.hu\/wp-content\/uploads\/2025\/09\/2025-Egeszsegugyi-hozzajarulas-kerelem.pdf\" target=\"_blank\" rel=\"noopener\">&#8211; K\u00e9relem<\/a><\/strong><\/p>\n<\/div>\n<div class=\"item-page\"><strong style=\"color: initial;\"><span style=\"text-decoration: underline;\">&#8211; <a href=\"https:\/\/www.kvzrt.hu\/wp-content\/uploads\/2025\/09\/2025-Meghatalmazas.pdf\">Meghatalmaz\u00e1s (.pdf)<\/a><\/span><\/strong><\/div>\n<div class=\"item-page\">\n<div><\/div>\n<div><strong>Int\u00e9zm\u00e9nyi v\u00e1rakoz\u00e1si hozz\u00e1j\u00e1rul\u00e1s ig\u00e9nyl\u00e9shez<\/strong><br \/>\n<a href=\"https:\/\/www.kvzrt.hu\/wp-content\/uploads\/2025\/09\/2025-nevelesi-intezmenyi-hozzajarulas-kerelem.pdf\" target=\"_blank\" rel=\"noopener\"><strong>&#8211; K\u00e9relem (.pdf)<\/strong><\/a><\/div>\n<div><\/div>\n<div><strong>Egy\u00e9b dokumentumok<\/strong><\/div>\n<div class=\"clear\">&#8211;<strong><span style=\"text-decoration: underline;\"><a href=\"https:\/\/www.kvzrt.hu\/wp-content\/uploads\/2024\/03\/Ugyfel-elegedettsegi-kerdoiv.pdf\">\u00a0\u00dcgyf\u00e9l el\u00e9gedetts\u00e9gi k\u00e9rd\u0151\u00edv (.pdf)<\/a><\/span><\/strong><\/div>\n<\/div>\n<\/div>\n<\/div>\n<\/div>\n<div id=\"container_bottom_modules\" class=\"j51contain\"><strong><span style=\"text-decoration: underline;\">&#8211; <a href=\"https:\/\/www.kvzrt.hu\/wp-content\/uploads\/2025\/09\/2025-Panaszbejelento.pdf\" target=\"_blank\" rel=\"noopener\">Panaszbejelent\u0151 (.pdf)<\/a><\/span><\/strong><\/div>\n<\/div>\n<\/div>\n","protected":false},"excerpt":{"rendered":"<p>Lakoss\u00e1gi v\u00e1rakoz\u00e1si hozz\u00e1j\u00e1rul\u00e1s ig\u00e9nyl\u00e9shez &#8211; K\u00e9relem (.pdf) &#8211; Munk\u00e1ltat\u00f3i igazol\u00e1s (.pdf) &#8211; Meghatalmaz\u00e1s (.pdf) Gazd\u00e1lkod\u00f3i v\u00e1rakoz\u00e1si hozz\u00e1j\u00e1rul\u00e1s ig\u00e9nyl\u00e9shez &#8211; K\u00e9relem (.pdf) &#8211; Meghatalmaz\u00e1s (.pdf) Eg\u00e9szs\u00e9g\u00fcgyi v\u00e1rakoz\u00e1si hozz\u00e1j\u00e1rul\u00e1s ig\u00e9nyl\u00e9shez &#8211; K\u00e9relem &#8211; Meghatalmaz\u00e1s (.pdf) Int\u00e9zm\u00e9nyi v\u00e1rakoz\u00e1si hozz\u00e1j\u00e1rul\u00e1s ig\u00e9nyl\u00e9shez &#8211; K\u00e9relem (.pdf) Egy\u00e9b dokumentumok &#8211;\u00a0\u00dcgyf\u00e9l el\u00e9gedetts\u00e9gi k\u00e9rd\u0151\u00edv (.pdf) &#8211; Panaszbejelent\u0151 (.pdf)<\/p>\n","protected":false},"author":1,"featured_media":0,"parent":83,"menu_order":0,"comment_status":"closed","ping_status":"closed","template":"","meta":{"_monsterinsights_skip_tracking":false,"_monsterinsights_sitenote_active":false,"_monsterinsights_sitenote_note":"","_monsterinsights_sitenote_category":0,"footnotes":""},"class_list":["post-89","page","type-page","status-publish","hentry"],"_links":{"self":[{"href":"https:\/\/www.kvzrt.hu\/index.php?rest_route=\/wp\/v2\/pages\/89","targetHints":{"allow":["GET"]}}],"collection":[{"href":"https:\/\/www.kvzrt.hu\/index.php?rest_route=\/wp\/v2\/pages"}],"about":[{"href":"https:\/\/www.kvzrt.hu\/index.php?rest_route=\/wp\/v2\/types\/page"}],"author":[{"embeddable":true,"href":"https:\/\/www.kvzrt.hu\/index.php?rest_route=\/wp\/v2\/users\/1"}],"replies":[{"embeddable":true,"href":"https:\/\/www.kvzrt.hu\/index.php?rest_route=%2Fwp%2Fv2%2Fcomments&post=89"}],"version-history":[{"count":47,"href":"https:\/\/www.kvzrt.hu\/index.php?rest_route=\/wp\/v2\/pages\/89\/revisions"}],"predecessor-version":[{"id":3074,"href":"https:\/\/www.kvzrt.hu\/index.php?rest_route=\/wp\/v2\/pages\/89\/revisions\/3074"}],"up":[{"embeddable":true,"href":"https:\/\/www.kvzrt.hu\/index.php?rest_route=\/wp\/v2\/pages\/83"}],"wp:attachment":[{"href":"https:\/\/www.kvzrt.hu\/index.php?rest_route=%2Fwp%2Fv2%2Fmedia&parent=89"}],"curies":[{"name":"wp","href":"https:\/\/api.w.org\/{rel}","templated":true}]}}