{"id":886,"date":"2017-06-27T12:29:02","date_gmt":"2017-06-27T11:29:02","guid":{"rendered":"http:\/\/www.kvzrt.hu\/?page_id=886"},"modified":"2017-07-10T10:07:51","modified_gmt":"2017-07-10T09:07:51","slug":"ujhegyi-17-19-ovoda-es-bolcsode-laposteto","status":"publish","type":"page","link":"https:\/\/www.kvzrt.hu\/?page_id=886","title":{"rendered":"\u00dajhegyi 17-19 \u00d3voda \u00e9s B\u00f6lcs\u0151de lapostet\u0151"},"content":{"rendered":"<p><a href=\"http:\/\/www.kvzrt.hu\/wp-content\/uploads\/2017\/07\/Aj\u00e1nlatt\u00e9telre-felk\u00e9rt-gazdas\u00e1gi-szerepl\u0151k-\u00dajhegyi-17-19-\u00d3voda-B\u00f6lcs\u0151de-lapostet\u0151.pdf\">Aj\u00e1nlatt\u00e9telre felk\u00e9rt gazdas\u00e1gi szerepl\u0151k \u00dajhegyi 17-19 \u00d3voda-B\u00f6lcs\u0151de lapostet\u0151<\/a><\/p>\n<p><a href=\"http:\/\/www.kvzrt.hu\/wp-content\/uploads\/2017\/06\/KD_\u00dajhegyi-stny-17-19-\u00f3voda-b\u00f6lcs\u0151de-lapostet\u0151-fel\u00faj\u00edt\u00e1sa_170626.pdf\">KD_\u00dajhegyi stny 17-19 \u00f3voda-b\u00f6lcs\u0151de lapostet\u0151 fel\u00faj\u00edt\u00e1sa_170626<\/a><\/p>\n<p><a href=\"http:\/\/www.kvzrt.hu\/wp-content\/uploads\/2017\/06\/SZ-M-\u00dajhegyi-s\u00e9t\u00e1ny-17-19_Csodafa-\u00f3voda_SZIG_170522.pdf\">SZ-M \u00dajhegyi s\u00e9t\u00e1ny 17-19_Csodafa \u00f3voda_SZIG_170522<\/a><\/p>\n<p><a href=\"http:\/\/www.kvzrt.hu\/wp-content\/uploads\/2017\/06\/SZ-0A-\u00dajhegyi-s\u00e9t\u00e1ny-17-19_Csodafa-\u00f3voda_SZIG_170517.pdf\">SZ-0A \u00dajhegyi s\u00e9t\u00e1ny 17-19_Csodafa \u00f3voda_SZIG_170517<\/a><\/p>\n<p><a href=\"http:\/\/www.kvzrt.hu\/wp-content\/uploads\/2017\/06\/SZ-0B-\u00dajhegyi-s\u00e9t\u00e1ny-17-19_Csodafa-\u00f3voda_SZIG_170517.pdf\">SZ-0B \u00dajhegyi s\u00e9t\u00e1ny 17-19_Csodafa \u00f3voda_SZIG_170517<\/a><\/p>\n<p><a href=\"http:\/\/www.kvzrt.hu\/wp-content\/uploads\/2017\/06\/\u00dajhegyi-stny-17-19_B\u00d6LCS\u0150DE_SZ-M_mu_szaki-le\u00edr\u00e1s_160628.pdf\">\u00dajhegyi stny 17-19_B\u00d6LCS\u0150DE_SZ-M_mu_szaki le\u00edr\u00e1s_160628<\/a><\/p>\n<p><a href=\"http:\/\/www.kvzrt.hu\/wp-content\/uploads\/2017\/06\/\u00dajhegyi-stny-17-19_B\u00d6LCS\u0150DE_SZ-0A_lejt\u00e9sterv_160628.pdf\">\u00dajhegyi stny 17-19_B\u00d6LCS\u0150DE_SZ-0A_lejt\u00e9sterv_160628<\/a><\/p>\n<p><a href=\"http:\/\/www.kvzrt.hu\/wp-content\/uploads\/2017\/06\/\u00dajhegyi-stny-17-19_B\u00d6LCS\u0150DE_SZ-0B_r\u00f6gz\u00edt\u00e9s_160628.pdf\">\u00dajhegyi stny 17-19_B\u00d6LCS\u0150DE_SZ-0B_r\u00f6gz\u00edt\u00e9s_160628<\/a><\/p>\n<p><a href=\"http:\/\/www.kvzrt.hu\/wp-content\/uploads\/2017\/06\/\u00dajhelyi-s\u00e9t\u00e1ny-17-19_Csodafa-\u00d3vi_-SZIG_kltsgv_\u00e1razatlan.pdf\">\u00dajhelyi s\u00e9t\u00e1ny 17-19_Csodafa \u00d3vi_ SZIG_kltsgv_\u00e1razatlan<\/a><\/p>\n<p><a href=\"http:\/\/www.kvzrt.hu\/wp-content\/uploads\/2017\/06\/\u00dajhelyi-s\u00e9t\u00e1ny-17-19_Gyermeksziget-b\u00f6lcsi_-SZIG_kltsgv-II.-\u00fctem_\u00e1razatlan.pdf\">\u00dajhelyi s\u00e9t\u00e1ny 17-19_Gyermeksziget b\u00f6lcsi_ SZIG_kltsgv II. \u00fctem_\u00e1razatlan<\/a><\/p>\n<p><a href=\"http:\/\/www.kvzrt.hu\/wp-content\/uploads\/2017\/07\/Aj\u00e1nlatt\u00e9telre-felk\u00e9rt-gazdas\u00e1gi-szerepl\u0151k-\u00dajhegyi-17-19-\u00d3voda-B\u00f6lcs\u0151de-lapostet\u0151.pdf\">Aj\u00e1nlatt\u00e9telre felk\u00e9rt gazdas\u00e1gi szerepl\u0151k \u00dajhegyi 17-19 \u00d3voda-B\u00f6lcs\u0151de lapostet\u0151<\/a><\/p>\n<p><a href=\"http:\/\/www.kvzrt.hu\/wp-content\/uploads\/2017\/07\/Bont\u00e1si-jkv-megk\u00fcld\u00e9se_\u00dajhegyi-s\u00e9t\u00e1ny-17-19-\u00d3voda-B\u00f6lcs\u00f6de_170710.pdf\">Bont\u00e1si jkv megk\u00fcld\u00e9se_\u00dajhegyi s\u00e9t\u00e1ny 17-19 \u00d3voda-B\u00f6lcs\u00f6de_170710<\/a><\/p>\n<p>&nbsp;<\/p>\n","protected":false},"excerpt":{"rendered":"<p>Aj\u00e1nlatt\u00e9telre felk\u00e9rt gazdas\u00e1gi szerepl\u0151k \u00dajhegyi 17-19 \u00d3voda-B\u00f6lcs\u0151de lapostet\u0151 KD_\u00dajhegyi stny 17-19 \u00f3voda-b\u00f6lcs\u0151de lapostet\u0151 fel\u00faj\u00edt\u00e1sa_170626 SZ-M \u00dajhegyi s\u00e9t\u00e1ny 17-19_Csodafa \u00f3voda_SZIG_170522 SZ-0A \u00dajhegyi s\u00e9t\u00e1ny 17-19_Csodafa \u00f3voda_SZIG_170517 SZ-0B \u00dajhegyi s\u00e9t\u00e1ny 17-19_Csodafa \u00f3voda_SZIG_170517 \u00dajhegyi stny 17-19_B\u00d6LCS\u0150DE_SZ-M_mu_szaki le\u00edr\u00e1s_160628 \u00dajhegyi stny 17-19_B\u00d6LCS\u0150DE_SZ-0A_lejt\u00e9sterv_160628 \u00dajhegyi stny 17-19_B\u00d6LCS\u0150DE_SZ-0B_r\u00f6gz\u00edt\u00e9s_160628 \u00dajhelyi s\u00e9t\u00e1ny 17-19_Csodafa \u00d3vi_ SZIG_kltsgv_\u00e1razatlan \u00dajhelyi s\u00e9t\u00e1ny 17-19_Gyermeksziget b\u00f6lcsi_ SZIG_kltsgv II. \u00fctem_\u00e1razatlan Aj\u00e1nlatt\u00e9telre felk\u00e9rt gazdas\u00e1gi szerepl\u0151k [&hellip;]<\/p>\n","protected":false},"author":2,"featured_media":0,"parent":720,"menu_order":0,"comment_status":"closed","ping_status":"closed","template":"","meta":{"_monsterinsights_skip_tracking":false,"_monsterinsights_sitenote_active":false,"_monsterinsights_sitenote_note":"","_monsterinsights_sitenote_category":0,"footnotes":""},"class_list":["post-886","page","type-page","status-publish","hentry"],"_links":{"self":[{"href":"https:\/\/www.kvzrt.hu\/index.php?rest_route=\/wp\/v2\/pages\/886","targetHints":{"allow":["GET"]}}],"collection":[{"href":"https:\/\/www.kvzrt.hu\/index.php?rest_route=\/wp\/v2\/pages"}],"about":[{"href":"https:\/\/www.kvzrt.hu\/index.php?rest_route=\/wp\/v2\/types\/page"}],"author":[{"embeddable":true,"href":"https:\/\/www.kvzrt.hu\/index.php?rest_route=\/wp\/v2\/users\/2"}],"replies":[{"embeddable":true,"href":"https:\/\/www.kvzrt.hu\/index.php?rest_route=%2Fwp%2Fv2%2Fcomments&post=886"}],"version-history":[{"count":5,"href":"https:\/\/www.kvzrt.hu\/index.php?rest_route=\/wp\/v2\/pages\/886\/revisions"}],"predecessor-version":[{"id":908,"href":"https:\/\/www.kvzrt.hu\/index.php?rest_route=\/wp\/v2\/pages\/886\/revisions\/908"}],"up":[{"embeddable":true,"href":"https:\/\/www.kvzrt.hu\/index.php?rest_route=\/wp\/v2\/pages\/720"}],"wp:attachment":[{"href":"https:\/\/www.kvzrt.hu\/index.php?rest_route=%2Fwp%2Fv2%2Fmedia&parent=886"}],"curies":[{"name":"wp","href":"https:\/\/api.w.org\/{rel}","templated":true}]}}