{"id":87,"date":"2015-11-18T10:59:34","date_gmt":"2015-11-18T09:59:34","guid":{"rendered":"http:\/\/wordpress.kvzrt.dmz\/wordpress\/?page_id=87"},"modified":"2025-11-26T13:16:04","modified_gmt":"2025-11-26T12:16:04","slug":"ugyfelszolgalat","status":"publish","type":"page","link":"https:\/\/www.kvzrt.hu\/?page_id=87","title":{"rendered":"\u00dcgyf\u00e9lszolg\u00e1lat"},"content":{"rendered":"<p style=\"text-align: justify;\"><strong>K\u0151b\u00e1nyai Vagyonkezel\u0151 Zrt. Parkol\u00e1s\u00fczemeltet\u0151 Iroda \u00dcgyf\u00e9lszolg\u00e1lat<\/strong><br \/>\n1105 Budapest, Rom\u00e1n utca 2<\/p>\n<p style=\"text-align: justify;\">Telefonsz\u00e1m: 06-1-431 7276<br \/>\nFax: 06-1-431 7277<br \/>\nE-mail: <span id=\"cloak43703\"><a href=\"mailto:parkolas@kvzrt.hu\">parkolas@kvzrt.hu<\/a><\/span><br \/>\nNyitva tart\u00e1s:<\/p>\n<p style=\"text-align: justify;\">H\u00e9tf\u0151, Kedd, Cs\u00fct\u00f6rt\u00f6k: 9.00 &#8211; 17.00<br \/>\nSzerda : 9.00 &#8211; 18.00<br \/>\nP\u00e9ntek: 9.00 &#8211; 16.00<\/p>\n<p style=\"text-align: justify;\">Az \u00dcgyf\u00e9lszolg\u00e1lat az al\u00e1bbi szolg\u00e1ltat\u00e1sokkal v\u00e1rja \u00fcgyfeleit:<br \/>\n&#8211; inform\u00e1ci\u00f3 a parkol\u00e1si renddel kapcsolatban;<br \/>\n&#8211; v\u00e1rakoz\u00e1si hozz\u00e1j\u00e1rul\u00e1sok (lakoss\u00e1gi, gazd\u00e1lkod\u00f3i, eg\u00e9szs\u00e9g\u00fcgyi) teljes k\u00f6r\u0171 int\u00e9z\u00e9se (let\u00f6lthet\u0151 dokumentumok<a href=\"http:\/\/www.kvzrt.hu\/?page_id=87\"> itt<\/a>);<br \/>\n&#8211; p\u00f3td\u00edjak befizet\u00e9se p\u00e9nzt\u00e1rban;<br \/>\n&#8211; gazd\u00e1lkod\u00f3i \u00e9rt\u00e9kk\u00e1rty\u00e1k felt\u00f6lt\u00e9se;<br \/>\n&#8211; parkol\u00e1ssal kapcsolatos panaszbejelent\u00e9s, panaszok kivizsg\u00e1l\u00e1sa;<\/p>\n<div><em>Abban az esetben, ha a parkol\u00e1si p\u00f3td\u00edjjal kapcsolatos panasz\u00e1ra adott elutas\u00edt\u00f3 v\u00e1laszunkkal nem \u00e9rt egyet, a fogyaszt\u00f3v\u00e9delemr\u0151l sz\u00f3l\u00f3 1997. \u00e9vi CLV. t\u00f6rv\u00e9ny alapj\u00e1n lehet\u0151s\u00e9ge van panasz\u00e1val a lakc\u00edme, illetve tart\u00f3zkod\u00e1si helye szerinti b\u00e9k\u00e9ltet\u0151 test\u00fclethez fordulni. A B\u00e9k\u00e9ltet\u0151 Test\u00fcletek el\u00e9rhet\u0151s\u00e9geit itt tal\u00e1lja:\u00a0 <a href=\"https:\/\/bekeltetes.hu\">https:\/\/bekeltetes.hu<\/a>. <\/em><\/div>\n","protected":false},"excerpt":{"rendered":"<p>K\u0151b\u00e1nyai Vagyonkezel\u0151 Zrt. Parkol\u00e1s\u00fczemeltet\u0151 Iroda \u00dcgyf\u00e9lszolg\u00e1lat 1105 Budapest, Rom\u00e1n utca 2 Telefonsz\u00e1m: 06-1-431 7276 Fax: 06-1-431 7277 E-mail: parkolas@kvzrt.hu Nyitva tart\u00e1s: H\u00e9tf\u0151, Kedd, Cs\u00fct\u00f6rt\u00f6k: 9.00 &#8211; 17.00 Szerda : 9.00 &#8211; 18.00 P\u00e9ntek: 9.00 &#8211; 16.00 Az \u00dcgyf\u00e9lszolg\u00e1lat az al\u00e1bbi szolg\u00e1ltat\u00e1sokkal v\u00e1rja \u00fcgyfeleit: &#8211; inform\u00e1ci\u00f3 a parkol\u00e1si renddel kapcsolatban; &#8211; v\u00e1rakoz\u00e1si hozz\u00e1j\u00e1rul\u00e1sok (lakoss\u00e1gi, gazd\u00e1lkod\u00f3i, eg\u00e9szs\u00e9g\u00fcgyi) [&hellip;]<\/p>\n","protected":false},"author":1,"featured_media":0,"parent":83,"menu_order":0,"comment_status":"closed","ping_status":"closed","template":"","meta":{"_monsterinsights_skip_tracking":false,"_monsterinsights_sitenote_active":false,"_monsterinsights_sitenote_note":"","_monsterinsights_sitenote_category":0,"footnotes":""},"class_list":["post-87","page","type-page","status-publish","hentry"],"_links":{"self":[{"href":"https:\/\/www.kvzrt.hu\/index.php?rest_route=\/wp\/v2\/pages\/87","targetHints":{"allow":["GET"]}}],"collection":[{"href":"https:\/\/www.kvzrt.hu\/index.php?rest_route=\/wp\/v2\/pages"}],"about":[{"href":"https:\/\/www.kvzrt.hu\/index.php?rest_route=\/wp\/v2\/types\/page"}],"author":[{"embeddable":true,"href":"https:\/\/www.kvzrt.hu\/index.php?rest_route=\/wp\/v2\/users\/1"}],"replies":[{"embeddable":true,"href":"https:\/\/www.kvzrt.hu\/index.php?rest_route=%2Fwp%2Fv2%2Fcomments&post=87"}],"version-history":[{"count":25,"href":"https:\/\/www.kvzrt.hu\/index.php?rest_route=\/wp\/v2\/pages\/87\/revisions"}],"predecessor-version":[{"id":3093,"href":"https:\/\/www.kvzrt.hu\/index.php?rest_route=\/wp\/v2\/pages\/87\/revisions\/3093"}],"up":[{"embeddable":true,"href":"https:\/\/www.kvzrt.hu\/index.php?rest_route=\/wp\/v2\/pages\/83"}],"wp:attachment":[{"href":"https:\/\/www.kvzrt.hu\/index.php?rest_route=%2Fwp%2Fv2%2Fmedia&parent=87"}],"curies":[{"name":"wp","href":"https:\/\/api.w.org\/{rel}","templated":true}]}}