{"id":866,"date":"2017-05-30T07:29:46","date_gmt":"2017-05-30T06:29:46","guid":{"rendered":"http:\/\/www.kvzrt.hu\/?page_id=866"},"modified":"2019-06-03T10:47:50","modified_gmt":"2019-06-03T09:47:50","slug":"eves-statisztikai-osszegezes","status":"publish","type":"page","link":"https:\/\/www.kvzrt.hu\/?page_id=866","title":{"rendered":"\u00c9ves statisztikai \u00f6sszegez\u00e9s"},"content":{"rendered":"<p><a href=\"http:\/\/www.kvzrt.hu\/wp-content\/uploads\/2019\/06\/\u00c9ves-statisztikai-\u00f6sszegez\u00e9s_2018_KVZrt.pdf\">\u00c9ves statisztikai \u00f6sszegez\u00e9s_2018_KVZrt<\/a><\/p>\n<p><a href=\"http:\/\/www.kvzrt.hu\/wp-content\/uploads\/2017\/05\/17._Az_\u00e9ves_statisztikai_\u00f6sszegez\u00e9s_klasszikus_aj\u00e1nlatk\u00e9r\u0151k_KV-Zrt_2016.pdf\">17._Az_\u00e9ves_statisztikai_\u00f6sszegez\u00e9s_klasszikus_aj\u00e1nlatk\u00e9r\u0151k_KV Zrt_2016<\/a><\/p>\n","protected":false},"excerpt":{"rendered":"<p>\u00c9ves statisztikai \u00f6sszegez\u00e9s_2018_KVZrt 17._Az_\u00e9ves_statisztikai_\u00f6sszegez\u00e9s_klasszikus_aj\u00e1nlatk\u00e9r\u0151k_KV Zrt_2016<\/p>\n","protected":false},"author":2,"featured_media":0,"parent":10,"menu_order":0,"comment_status":"closed","ping_status":"closed","template":"","meta":{"_monsterinsights_skip_tracking":false,"_monsterinsights_sitenote_active":false,"_monsterinsights_sitenote_note":"","_monsterinsights_sitenote_category":0,"footnotes":""},"class_list":["post-866","page","type-page","status-publish","hentry"],"_links":{"self":[{"href":"https:\/\/www.kvzrt.hu\/index.php?rest_route=\/wp\/v2\/pages\/866","targetHints":{"allow":["GET"]}}],"collection":[{"href":"https:\/\/www.kvzrt.hu\/index.php?rest_route=\/wp\/v2\/pages"}],"about":[{"href":"https:\/\/www.kvzrt.hu\/index.php?rest_route=\/wp\/v2\/types\/page"}],"author":[{"embeddable":true,"href":"https:\/\/www.kvzrt.hu\/index.php?rest_route=\/wp\/v2\/users\/2"}],"replies":[{"embeddable":true,"href":"https:\/\/www.kvzrt.hu\/index.php?rest_route=%2Fwp%2Fv2%2Fcomments&post=866"}],"version-history":[{"count":3,"href":"https:\/\/www.kvzrt.hu\/index.php?rest_route=\/wp\/v2\/pages\/866\/revisions"}],"predecessor-version":[{"id":1705,"href":"https:\/\/www.kvzrt.hu\/index.php?rest_route=\/wp\/v2\/pages\/866\/revisions\/1705"}],"up":[{"embeddable":true,"href":"https:\/\/www.kvzrt.hu\/index.php?rest_route=\/wp\/v2\/pages\/10"}],"wp:attachment":[{"href":"https:\/\/www.kvzrt.hu\/index.php?rest_route=%2Fwp%2Fv2%2Fmedia&parent=866"}],"curies":[{"name":"wp","href":"https:\/\/api.w.org\/{rel}","templated":true}]}}