{"id":841,"date":"2017-05-17T11:02:52","date_gmt":"2017-05-17T10:02:52","guid":{"rendered":"http:\/\/www.kvzrt.hu\/?page_id=841"},"modified":"2017-05-31T09:59:05","modified_gmt":"2017-05-31T08:59:05","slug":"ujhegyi-ltp-belso-utak-iii","status":"publish","type":"page","link":"https:\/\/www.kvzrt.hu\/?page_id=841","title":{"rendered":"\u00dajhegyi ltp bels\u0151 utak III"},"content":{"rendered":"<p><a href=\"http:\/\/www.kvzrt.hu\/wp-content\/uploads\/2017\/05\/Elj\u00e1r\u00e1st-megind\u00edt\u00f3-felh\u00edv\u00e1s_\u00dajhegyi-lak\u00f3telep-bels\u0151-utak-III-_170517.pdf\">Elj\u00e1r\u00e1st megind\u00edt\u00f3 felh\u00edv\u00e1s_\u00dajhegyi lak\u00f3telep bels\u0151 utak III _170517<\/a><\/p>\n<p><a href=\"http:\/\/www.kvzrt.hu\/wp-content\/uploads\/2017\/05\/KD_\u00dajhegyi-lak\u00f3telep-bels\u0151-utak-III-_170516_kik\u00fcld\u00f6tt.pdf\">KD_\u00dajhegyi lak\u00f3telep bels\u0151 utak III _170516_kik\u00fcld\u00f6tt<\/a><\/p>\n<p><a href=\"http:\/\/www.kvzrt.hu\/wp-content\/uploads\/2017\/05\/X_-\u00dajhegyi_-ltp-_m\u0171le\u00edr_kiv.doc\">X_ \u00dajhegyi_ ltp _m\u0171le\u00edr_kiv<\/a><\/p>\n<p><a href=\"http:\/\/www.kvzrt.hu\/wp-content\/uploads\/2017\/05\/X_Ujhegyi_-ltp_kv1118.pdf\">X_Ujhegyi_ ltp_kv1118<\/a><\/p>\n<p><a href=\"http:\/\/www.kvzrt.hu\/wp-content\/uploads\/2017\/05\/A_0_\u00c1tn\u00e9zeti.pdf\">A_0_\u00c1tn\u00e9zeti<\/a><\/p>\n<p><a href=\"http:\/\/www.kvzrt.hu\/wp-content\/uploads\/2017\/05\/Bp10-02-648-Ujhegyi-Harmat-Hangar-Banyato-u-KSZ.pdf\">Bp10-02-648-Ujhegyi-Harmat-Hangar-Banyato u KSZ<\/a><\/p>\n<p><a href=\"http:\/\/www.kvzrt.hu\/wp-content\/uploads\/2017\/05\/Bont\u00e1si-jkv-megk\u00fcld\u00e9se_\u00dajhegyi-bels\u0151-utak-III_170530.pdf\">Bont\u00e1si jkv megk\u00fcld\u00e9se_\u00dajhegyi bels\u0151 utak III_170530<\/a><\/p>\n<p><a href=\"http:\/\/www.kvzrt.hu\/wp-content\/uploads\/2017\/05\/Aj\u00e1nlatt\u00e9telre-felk\u00e9rt-gazdas\u00e1gi-szerepl\u0151k-\u00dajhegyi-lak\u00f3telep-bels\u0151-utak.pdf\">Aj\u00e1nlatt\u00e9telre felk\u00e9rt gazdas\u00e1gi szerepl\u0151k \u00dajhegyi lak\u00f3telep bels\u0151 utak<\/a><\/p>\n","protected":false},"excerpt":{"rendered":"<p>Elj\u00e1r\u00e1st megind\u00edt\u00f3 felh\u00edv\u00e1s_\u00dajhegyi lak\u00f3telep bels\u0151 utak III _170517 KD_\u00dajhegyi lak\u00f3telep bels\u0151 utak III _170516_kik\u00fcld\u00f6tt X_ \u00dajhegyi_ ltp _m\u0171le\u00edr_kiv X_Ujhegyi_ ltp_kv1118 A_0_\u00c1tn\u00e9zeti Bp10-02-648-Ujhegyi-Harmat-Hangar-Banyato u KSZ Bont\u00e1si jkv megk\u00fcld\u00e9se_\u00dajhegyi bels\u0151 utak III_170530 Aj\u00e1nlatt\u00e9telre felk\u00e9rt gazdas\u00e1gi szerepl\u0151k \u00dajhegyi lak\u00f3telep bels\u0151 utak<\/p>\n","protected":false},"author":2,"featured_media":0,"parent":720,"menu_order":0,"comment_status":"closed","ping_status":"closed","template":"","meta":{"_monsterinsights_skip_tracking":false,"_monsterinsights_sitenote_active":false,"_monsterinsights_sitenote_note":"","_monsterinsights_sitenote_category":0,"footnotes":""},"class_list":["post-841","page","type-page","status-publish","hentry"],"_links":{"self":[{"href":"https:\/\/www.kvzrt.hu\/index.php?rest_route=\/wp\/v2\/pages\/841","targetHints":{"allow":["GET"]}}],"collection":[{"href":"https:\/\/www.kvzrt.hu\/index.php?rest_route=\/wp\/v2\/pages"}],"about":[{"href":"https:\/\/www.kvzrt.hu\/index.php?rest_route=\/wp\/v2\/types\/page"}],"author":[{"embeddable":true,"href":"https:\/\/www.kvzrt.hu\/index.php?rest_route=\/wp\/v2\/users\/2"}],"replies":[{"embeddable":true,"href":"https:\/\/www.kvzrt.hu\/index.php?rest_route=%2Fwp%2Fv2%2Fcomments&post=841"}],"version-history":[{"count":4,"href":"https:\/\/www.kvzrt.hu\/index.php?rest_route=\/wp\/v2\/pages\/841\/revisions"}],"predecessor-version":[{"id":872,"href":"https:\/\/www.kvzrt.hu\/index.php?rest_route=\/wp\/v2\/pages\/841\/revisions\/872"}],"up":[{"embeddable":true,"href":"https:\/\/www.kvzrt.hu\/index.php?rest_route=\/wp\/v2\/pages\/720"}],"wp:attachment":[{"href":"https:\/\/www.kvzrt.hu\/index.php?rest_route=%2Fwp%2Fv2%2Fmedia&parent=841"}],"curies":[{"name":"wp","href":"https:\/\/api.w.org\/{rel}","templated":true}]}}