{"id":806,"date":"2017-04-26T08:02:52","date_gmt":"2017-04-26T07:02:52","guid":{"rendered":"http:\/\/www.kvzrt.hu\/?page_id=806"},"modified":"2017-04-26T08:13:24","modified_gmt":"2017-04-26T07:13:24","slug":"ohegy-parki-jardak","status":"publish","type":"page","link":"https:\/\/www.kvzrt.hu\/?page_id=806","title":{"rendered":"\u00d3hegy parki j\u00e1rd\u00e1k"},"content":{"rendered":"<p><a href=\"http:\/\/www.kvzrt.hu\/wp-content\/uploads\/2017\/04\/Elj\u00e1r\u00e1st-megind\u00edt\u00f3-felh\u00edv\u00e1s_\u00d3hegy-parki-j\u00e1rd\u00e1k_170413.pdf\">Elj\u00e1r\u00e1st megind\u00edt\u00f3 felh\u00edv\u00e1s_\u00d3hegy parki j\u00e1rd\u00e1k_170413<\/a><\/p>\n<p><a href=\"http:\/\/www.kvzrt.hu\/wp-content\/uploads\/2017\/04\/KD_-\u00d3hegy-parki-j\u00e1rd\u00e1k_20170413.pdf\">KD_ \u00d3hegy parki j\u00e1rd\u00e1k_20170413<\/a><\/p>\n<p><a href=\"http:\/\/www.kvzrt.hu\/wp-content\/uploads\/2017\/04\/\u00d3hegy-parki-burkolat-fel\u00faj\u00edt\u00e1s-2017-\u00e1razatlan-ktv.pdf\">\u00d3hegy parki burkolat fel\u00faj\u00edt\u00e1s 2017 \u00e1razatlan ktv<\/a><\/p>\n<p><a href=\"http:\/\/www.kvzrt.hu\/wp-content\/uploads\/2017\/04\/\u00d3hegy-parki-burkolatok-2017.pdf\">\u00d3hegy parki burkolatok 2017<\/a><\/p>\n<p><a href=\"http:\/\/www.kvzrt.hu\/wp-content\/uploads\/2017\/04\/Bont\u00e1si-jegyz\u0151k\u00f6nyv-megk\u00fcld\u00e9se_\u00d3hegy-parki-j\u00e1rd\u00e1k_170425.pdf\">Bont\u00e1si jegyz\u0151k\u00f6nyv megk\u00fcld\u00e9se_\u00d3hegy parki j\u00e1rd\u00e1k_170425<\/a><\/p>\n<p><a href=\"http:\/\/www.kvzrt.hu\/wp-content\/uploads\/2017\/04\/Aj\u00e1nlatt\u00e9telre-felk\u00e9rt-gazdas\u00e1gi-szerepl\u0151k-\u00d3hegy-parki-j\u00e1rd\u00e1k-fel\u00faj\u00edt\u00e1sa.pdf\">Aj\u00e1nlatt\u00e9telre felk\u00e9rt gazdas\u00e1gi szerepl\u0151k \u00d3hegy parki j\u00e1rd\u00e1k fel\u00faj\u00edt\u00e1sa<\/a><\/p>\n","protected":false},"excerpt":{"rendered":"<p>Elj\u00e1r\u00e1st megind\u00edt\u00f3 felh\u00edv\u00e1s_\u00d3hegy parki j\u00e1rd\u00e1k_170413 KD_ \u00d3hegy parki j\u00e1rd\u00e1k_20170413 \u00d3hegy parki burkolat fel\u00faj\u00edt\u00e1s 2017 \u00e1razatlan ktv \u00d3hegy parki burkolatok 2017 Bont\u00e1si jegyz\u0151k\u00f6nyv megk\u00fcld\u00e9se_\u00d3hegy parki j\u00e1rd\u00e1k_170425 Aj\u00e1nlatt\u00e9telre felk\u00e9rt gazdas\u00e1gi szerepl\u0151k \u00d3hegy parki j\u00e1rd\u00e1k fel\u00faj\u00edt\u00e1sa<\/p>\n","protected":false},"author":2,"featured_media":0,"parent":720,"menu_order":0,"comment_status":"closed","ping_status":"closed","template":"","meta":{"_monsterinsights_skip_tracking":false,"_monsterinsights_sitenote_active":false,"_monsterinsights_sitenote_note":"","_monsterinsights_sitenote_category":0,"footnotes":""},"class_list":["post-806","page","type-page","status-publish","hentry"],"_links":{"self":[{"href":"https:\/\/www.kvzrt.hu\/index.php?rest_route=\/wp\/v2\/pages\/806","targetHints":{"allow":["GET"]}}],"collection":[{"href":"https:\/\/www.kvzrt.hu\/index.php?rest_route=\/wp\/v2\/pages"}],"about":[{"href":"https:\/\/www.kvzrt.hu\/index.php?rest_route=\/wp\/v2\/types\/page"}],"author":[{"embeddable":true,"href":"https:\/\/www.kvzrt.hu\/index.php?rest_route=\/wp\/v2\/users\/2"}],"replies":[{"embeddable":true,"href":"https:\/\/www.kvzrt.hu\/index.php?rest_route=%2Fwp%2Fv2%2Fcomments&post=806"}],"version-history":[{"count":3,"href":"https:\/\/www.kvzrt.hu\/index.php?rest_route=\/wp\/v2\/pages\/806\/revisions"}],"predecessor-version":[{"id":813,"href":"https:\/\/www.kvzrt.hu\/index.php?rest_route=\/wp\/v2\/pages\/806\/revisions\/813"}],"up":[{"embeddable":true,"href":"https:\/\/www.kvzrt.hu\/index.php?rest_route=\/wp\/v2\/pages\/720"}],"wp:attachment":[{"href":"https:\/\/www.kvzrt.hu\/index.php?rest_route=%2Fwp%2Fv2%2Fmedia&parent=806"}],"curies":[{"name":"wp","href":"https:\/\/api.w.org\/{rel}","templated":true}]}}