{"id":796,"date":"2017-04-21T13:11:36","date_gmt":"2017-04-21T12:11:36","guid":{"rendered":"http:\/\/www.kvzrt.hu\/?page_id=796"},"modified":"2017-05-05T08:48:49","modified_gmt":"2017-05-05T07:48:49","slug":"dijfizeto-parkolo-ovezet-kialakitasa","status":"publish","type":"page","link":"https:\/\/www.kvzrt.hu\/?page_id=796","title":{"rendered":"D\u00edjfizet\u0151 parkol\u00f3 \u00f6vezet kialak\u00edt\u00e1sa"},"content":{"rendered":"<p><a href=\"http:\/\/www.kvzrt.hu\/wp-content\/uploads\/2017\/04\/Elj\u00e1r\u00e1st-megind\u00edt\u00f3-felh\u00edv\u00e1s_D\u00edjfizet\u0151-parkol\u00f3-\u00f6vezet-kialak\u00edt\u00e1sa_170421.pdf\">Elj\u00e1r\u00e1st megind\u00edt\u00f3 felh\u00edv\u00e1s_D\u00edjfizet\u0151 parkol\u00f3 \u00f6vezet kialak\u00edt\u00e1sa_170421<\/a><\/p>\n<p><a href=\"http:\/\/www.kvzrt.hu\/wp-content\/uploads\/2017\/04\/KD_-D\u00edjfizet\u0151-parkol\u00f3-\u00f6vezet_170421.pdf\">KD_ D\u00edjfizet\u0151 parkol\u00f3 \u00f6vezet_170421<\/a><\/p>\n<p><a href=\"http:\/\/www.kvzrt.hu\/wp-content\/uploads\/2017\/04\/\u00c1RAZATLAN-K\u00d6LTS\u00c9GVET\u00c9SEK.zip\">\u00c1RAZATLAN K\u00d6LTS\u00c9GVET\u00c9SEK<\/a><\/p>\n<p><a href=\"http:\/\/www.kvzrt.hu\/wp-content\/uploads\/2017\/04\/Somfa-K\u00f6z-\u00fatfel\u00faj\u00edt\u00e1sa-2017.zip\">Somfa K\u00f6z \u00fatfel\u00faj\u00edt\u00e1sa 2017<\/a><\/p>\n<p><a href=\"http:\/\/www.kvzrt.hu\/wp-content\/uploads\/2017\/05\/Aj\u00e1nlatt\u00e9telre-felk\u00e9rt-gazdas\u00e1gi-szerepl\u0151k-D\u00edjfizet\u0151-\u00f6vezet.pdf\">Aj\u00e1nlatt\u00e9telre felk\u00e9rt gazdas\u00e1gi szerepl\u0151k D\u00edjfizet\u0151 \u00f6vezet<\/a><\/p>\n<p><a href=\"http:\/\/www.kvzrt.hu\/wp-content\/uploads\/2017\/05\/Bont\u00e1si-jegyz\u0151k\u00f6nyv-megk\u00fcld\u00e9se_D\u00edjfizet\u0151-\u00f6vezet_170505.pdf\">Bont\u00e1si jegyz\u0151k\u00f6nyv megk\u00fcld\u00e9se_D\u00edjfizet\u0151 \u00f6vezet_170505<\/a><\/p>\n","protected":false},"excerpt":{"rendered":"<p>Elj\u00e1r\u00e1st megind\u00edt\u00f3 felh\u00edv\u00e1s_D\u00edjfizet\u0151 parkol\u00f3 \u00f6vezet kialak\u00edt\u00e1sa_170421 KD_ D\u00edjfizet\u0151 parkol\u00f3 \u00f6vezet_170421 \u00c1RAZATLAN K\u00d6LTS\u00c9GVET\u00c9SEK Somfa K\u00f6z \u00fatfel\u00faj\u00edt\u00e1sa 2017 Aj\u00e1nlatt\u00e9telre felk\u00e9rt gazdas\u00e1gi szerepl\u0151k D\u00edjfizet\u0151 \u00f6vezet Bont\u00e1si jegyz\u0151k\u00f6nyv megk\u00fcld\u00e9se_D\u00edjfizet\u0151 \u00f6vezet_170505<\/p>\n","protected":false},"author":2,"featured_media":0,"parent":720,"menu_order":0,"comment_status":"closed","ping_status":"closed","template":"","meta":{"_monsterinsights_skip_tracking":false,"_monsterinsights_sitenote_active":false,"_monsterinsights_sitenote_note":"","_monsterinsights_sitenote_category":0,"footnotes":""},"class_list":["post-796","page","type-page","status-publish","hentry"],"_links":{"self":[{"href":"https:\/\/www.kvzrt.hu\/index.php?rest_route=\/wp\/v2\/pages\/796","targetHints":{"allow":["GET"]}}],"collection":[{"href":"https:\/\/www.kvzrt.hu\/index.php?rest_route=\/wp\/v2\/pages"}],"about":[{"href":"https:\/\/www.kvzrt.hu\/index.php?rest_route=\/wp\/v2\/types\/page"}],"author":[{"embeddable":true,"href":"https:\/\/www.kvzrt.hu\/index.php?rest_route=\/wp\/v2\/users\/2"}],"replies":[{"embeddable":true,"href":"https:\/\/www.kvzrt.hu\/index.php?rest_route=%2Fwp%2Fv2%2Fcomments&post=796"}],"version-history":[{"count":3,"href":"https:\/\/www.kvzrt.hu\/index.php?rest_route=\/wp\/v2\/pages\/796\/revisions"}],"predecessor-version":[{"id":817,"href":"https:\/\/www.kvzrt.hu\/index.php?rest_route=\/wp\/v2\/pages\/796\/revisions\/817"}],"up":[{"embeddable":true,"href":"https:\/\/www.kvzrt.hu\/index.php?rest_route=\/wp\/v2\/pages\/720"}],"wp:attachment":[{"href":"https:\/\/www.kvzrt.hu\/index.php?rest_route=%2Fwp%2Fv2%2Fmedia&parent=796"}],"curies":[{"name":"wp","href":"https:\/\/api.w.org\/{rel}","templated":true}]}}