{"id":778,"date":"2017-04-06T08:39:04","date_gmt":"2017-04-06T07:39:04","guid":{"rendered":"http:\/\/www.kvzrt.hu\/?page_id=778"},"modified":"2017-04-13T10:55:37","modified_gmt":"2017-04-13T09:55:37","slug":"gepeszeti-gyorsszolgalat","status":"publish","type":"page","link":"https:\/\/www.kvzrt.hu\/?page_id=778","title":{"rendered":"G\u00e9p\u00e9szeti gyorsszolg\u00e1lat"},"content":{"rendered":"<p><a href=\"http:\/\/www.kvzrt.hu\/wp-content\/uploads\/2017\/04\/Bont\u00e1si-jkv-megk\u00fcld\u00e9se_G\u00e9p\u00e9szet-gyorsszolg\u00e1lat_20170413.pdf\">Bont\u00e1si jkv megk\u00fcld\u00e9se_G\u00e9p\u00e9szet gyorsszolg\u00e1lat_20170413<\/a><\/p>\n<p><a href=\"http:\/\/www.kvzrt.hu\/wp-content\/uploads\/2017\/04\/KD_-G\u00e9p\u00e9szeti-gyorsszolg\u00e1lat_20170405.pdf\">KD_ G\u00e9p\u00e9szeti gyorsszolg\u00e1lat_20170405<\/a><\/p>\n<p><a href=\"http:\/\/www.kvzrt.hu\/wp-content\/uploads\/2017\/04\/V\u00e1llalkoz\u00e1si-szerz\u0151d\u00e9shez_Munkalap-minta-3.-sz.-mell\u00e9klet.pdf\">V\u00e1llalkoz\u00e1si szerz\u0151d\u00e9shez_Munkalap minta 3. sz. mell\u00e9klet<\/a><\/p>\n<p><a href=\"http:\/\/www.kvzrt.hu\/wp-content\/uploads\/2017\/04\/V\u00e1llalkoz\u00e1si-szerz\u0151d\u00e9shez_Megrendel\u0151-lap-minta-4.-sz.-mell\u00e9klet.pdf\">V\u00e1llalkoz\u00e1si szerz\u0151d\u00e9shez_Megrendel\u0151 lap minta 4. sz. mell\u00e9klet<\/a><\/p>\n<p><a href=\"http:\/\/www.kvzrt.hu\/wp-content\/uploads\/2017\/04\/Gyorsszolg\u00e1lat-\u00e9p\u00fcletg\u00e9p\u00e9szet_\u00e1razatlan-t\u00e9teles-k\u00f6lts\u00e9gvet\u00e9s.pdf\">Gyorsszolg\u00e1lat \u00e9p\u00fcletg\u00e9p\u00e9szet_\u00e1razatlan t\u00e9teles k\u00f6lts\u00e9gvet\u00e9s<\/a><\/p>\n<p><a href=\"http:\/\/www.kvzrt.hu\/wp-content\/uploads\/2017\/04\/Bont\u00e1si-jkv-megk\u00fcld\u00e9se_G\u00e9p\u00e9szet-gyorsszolg\u00e1lat_20170413.pdf\">Bont\u00e1si jkv megk\u00fcld\u00e9se_G\u00e9p\u00e9szet gyorsszolg\u00e1lat_20170413<\/a><\/p>\n<p><a href=\"http:\/\/www.kvzrt.hu\/wp-content\/uploads\/2017\/04\/Aj\u00e1nlatt\u00e9telre-felk\u00e9rt-gazdas\u00e1gi-szerepl\u0151k-g\u00e9p\u00e9szeti-gyorsszolg\u00e1lat.pdf\">Aj\u00e1nlatt\u00e9telre felk\u00e9rt gazdas\u00e1gi szerepl\u0151k g\u00e9p\u00e9szeti gyorsszolg\u00e1lat<\/a><\/p>\n","protected":false},"excerpt":{"rendered":"<p>Bont\u00e1si jkv megk\u00fcld\u00e9se_G\u00e9p\u00e9szet gyorsszolg\u00e1lat_20170413 KD_ G\u00e9p\u00e9szeti gyorsszolg\u00e1lat_20170405 V\u00e1llalkoz\u00e1si szerz\u0151d\u00e9shez_Munkalap minta 3. sz. mell\u00e9klet V\u00e1llalkoz\u00e1si szerz\u0151d\u00e9shez_Megrendel\u0151 lap minta 4. sz. mell\u00e9klet Gyorsszolg\u00e1lat \u00e9p\u00fcletg\u00e9p\u00e9szet_\u00e1razatlan t\u00e9teles k\u00f6lts\u00e9gvet\u00e9s Bont\u00e1si jkv megk\u00fcld\u00e9se_G\u00e9p\u00e9szet gyorsszolg\u00e1lat_20170413 Aj\u00e1nlatt\u00e9telre felk\u00e9rt gazdas\u00e1gi szerepl\u0151k g\u00e9p\u00e9szeti gyorsszolg\u00e1lat<\/p>\n","protected":false},"author":2,"featured_media":0,"parent":720,"menu_order":0,"comment_status":"closed","ping_status":"closed","template":"","meta":{"_monsterinsights_skip_tracking":false,"_monsterinsights_sitenote_active":false,"_monsterinsights_sitenote_note":"","_monsterinsights_sitenote_category":0,"footnotes":""},"class_list":["post-778","page","type-page","status-publish","hentry"],"_links":{"self":[{"href":"https:\/\/www.kvzrt.hu\/index.php?rest_route=\/wp\/v2\/pages\/778","targetHints":{"allow":["GET"]}}],"collection":[{"href":"https:\/\/www.kvzrt.hu\/index.php?rest_route=\/wp\/v2\/pages"}],"about":[{"href":"https:\/\/www.kvzrt.hu\/index.php?rest_route=\/wp\/v2\/types\/page"}],"author":[{"embeddable":true,"href":"https:\/\/www.kvzrt.hu\/index.php?rest_route=\/wp\/v2\/users\/2"}],"replies":[{"embeddable":true,"href":"https:\/\/www.kvzrt.hu\/index.php?rest_route=%2Fwp%2Fv2%2Fcomments&post=778"}],"version-history":[{"count":4,"href":"https:\/\/www.kvzrt.hu\/index.php?rest_route=\/wp\/v2\/pages\/778\/revisions"}],"predecessor-version":[{"id":791,"href":"https:\/\/www.kvzrt.hu\/index.php?rest_route=\/wp\/v2\/pages\/778\/revisions\/791"}],"up":[{"embeddable":true,"href":"https:\/\/www.kvzrt.hu\/index.php?rest_route=\/wp\/v2\/pages\/720"}],"wp:attachment":[{"href":"https:\/\/www.kvzrt.hu\/index.php?rest_route=%2Fwp%2Fv2%2Fmedia&parent=778"}],"curies":[{"name":"wp","href":"https:\/\/api.w.org\/{rel}","templated":true}]}}