{"id":765,"date":"2017-04-03T09:58:03","date_gmt":"2017-04-03T08:58:03","guid":{"rendered":"http:\/\/www.kvzrt.hu\/?page_id=765"},"modified":"2017-04-20T13:39:36","modified_gmt":"2017-04-20T12:39:36","slug":"budapest-x-keruleti-kiralydomb-csapadekviz-elvezetesi-munkainak-elvegzese","status":"publish","type":"page","link":"https:\/\/www.kvzrt.hu\/?page_id=765","title":{"rendered":"&#8222;Kir\u00e1lydomb&#8221; csapad\u00e9kv\u00edz elvezet\u00e9s"},"content":{"rendered":"<p><a href=\"http:\/\/www.kvzrt.hu\/wp-content\/uploads\/2017\/04\/Elj\u00e1r\u00e1st-megind\u00edt\u00f3-felh\u00edv\u00e1s_Kir\u00e1lydomb-csapad\u00e9kv\u00edz-elvezet\u00e9s_170331.pdf\">Elj\u00e1r\u00e1st megind\u00edt\u00f3 felh\u00edv\u00e1s_Kir\u00e1lydomb csapad\u00e9kv\u00edz elvezet\u00e9s_170331<\/a><\/p>\n<p><a href=\"http:\/\/www.kvzrt.hu\/wp-content\/uploads\/2017\/04\/KD_-Kir\u00e1lydomb_20170329_v\u00e9gleges.pdf\">KD_ Kir\u00e1lydomb_20170329_v\u00e9gleges<\/a><\/p>\n<p><a href=\"http:\/\/www.kvzrt.hu\/wp-content\/uploads\/2017\/04\/Dorogi-utca.zip\">Dorogi utca<\/a><\/p>\n<p><a href=\"http:\/\/www.kvzrt.hu\/wp-content\/uploads\/2017\/04\/Pog\u00e1ny-utca.zip\">Pog\u00e1ny utca<\/a><\/p>\n<p><a href=\"http:\/\/www.kvzrt.hu\/wp-content\/uploads\/2017\/04\/V\u00e1lt\u00f3-utca-R\u00e1kosv\u00f6lgyi-k\u00f6z.zip\">V\u00e1lt\u00f3 utca- R\u00e1kosv\u00f6lgyi k\u00f6z<\/a><\/p>\n<p><a href=\"http:\/\/www.kvzrt.hu\/wp-content\/uploads\/2017\/04\/\u00d6sszes\u00edt\u0151-ktv.pdf\">\u00d6sszes\u00edt\u0151 ktv<\/a><\/p>\n<p><a href=\"http:\/\/www.kvzrt.hu\/wp-content\/uploads\/2017\/04\/Aj\u00e1nlatt\u00e9telre-felk\u00e9rt-gazdas\u00e1gi-szerepl\u0151k-Kir\u00e1lydomb-csapad\u00e9kv\u00edz-elvezet\u00e9s.pdf\">Aj\u00e1nlatt\u00e9telre felk\u00e9rt gazdas\u00e1gi szerepl\u0151k Kir\u00e1lydomb csapad\u00e9kv\u00edz elvezet\u00e9s<\/a><\/p>\n<p><a href=\"http:\/\/www.kvzrt.hu\/wp-content\/uploads\/2017\/04\/Bont\u00e1si-jegyz\u0151k\u00f6nyv-megk\u00fcld\u00e9se_Kir\u00e1lydomb_170420.pdf\">Bont\u00e1si jegyz\u0151k\u00f6nyv megk\u00fcld\u00e9se_Kir\u00e1lydomb_170420<\/a><\/p>\n","protected":false},"excerpt":{"rendered":"<p>Elj\u00e1r\u00e1st megind\u00edt\u00f3 felh\u00edv\u00e1s_Kir\u00e1lydomb csapad\u00e9kv\u00edz elvezet\u00e9s_170331 KD_ Kir\u00e1lydomb_20170329_v\u00e9gleges Dorogi utca Pog\u00e1ny utca V\u00e1lt\u00f3 utca- R\u00e1kosv\u00f6lgyi k\u00f6z \u00d6sszes\u00edt\u0151 ktv Aj\u00e1nlatt\u00e9telre felk\u00e9rt gazdas\u00e1gi szerepl\u0151k Kir\u00e1lydomb csapad\u00e9kv\u00edz elvezet\u00e9s Bont\u00e1si jegyz\u0151k\u00f6nyv megk\u00fcld\u00e9se_Kir\u00e1lydomb_170420<\/p>\n","protected":false},"author":2,"featured_media":0,"parent":720,"menu_order":0,"comment_status":"closed","ping_status":"closed","template":"","meta":{"_monsterinsights_skip_tracking":false,"_monsterinsights_sitenote_active":false,"_monsterinsights_sitenote_note":"","_monsterinsights_sitenote_category":0,"footnotes":""},"class_list":["post-765","page","type-page","status-publish","hentry"],"_links":{"self":[{"href":"https:\/\/www.kvzrt.hu\/index.php?rest_route=\/wp\/v2\/pages\/765","targetHints":{"allow":["GET"]}}],"collection":[{"href":"https:\/\/www.kvzrt.hu\/index.php?rest_route=\/wp\/v2\/pages"}],"about":[{"href":"https:\/\/www.kvzrt.hu\/index.php?rest_route=\/wp\/v2\/types\/page"}],"author":[{"embeddable":true,"href":"https:\/\/www.kvzrt.hu\/index.php?rest_route=\/wp\/v2\/users\/2"}],"replies":[{"embeddable":true,"href":"https:\/\/www.kvzrt.hu\/index.php?rest_route=%2Fwp%2Fv2%2Fcomments&post=765"}],"version-history":[{"count":5,"href":"https:\/\/www.kvzrt.hu\/index.php?rest_route=\/wp\/v2\/pages\/765\/revisions"}],"predecessor-version":[{"id":794,"href":"https:\/\/www.kvzrt.hu\/index.php?rest_route=\/wp\/v2\/pages\/765\/revisions\/794"}],"up":[{"embeddable":true,"href":"https:\/\/www.kvzrt.hu\/index.php?rest_route=\/wp\/v2\/pages\/720"}],"wp:attachment":[{"href":"https:\/\/www.kvzrt.hu\/index.php?rest_route=%2Fwp%2Fv2%2Fmedia&parent=765"}],"curies":[{"name":"wp","href":"https:\/\/api.w.org\/{rel}","templated":true}]}}