{"id":74,"date":"2015-11-18T10:48:18","date_gmt":"2015-11-18T09:48:18","guid":{"rendered":"http:\/\/wordpress.kvzrt.dmz\/wordpress\/?page_id=74"},"modified":"2026-03-03T06:55:13","modified_gmt":"2026-03-03T05:55:13","slug":"ugyfelfogadas","status":"publish","type":"page","link":"https:\/\/www.kvzrt.hu\/?page_id=74","title":{"rendered":"\u00dcgyf\u00e9lfogad\u00e1s"},"content":{"rendered":"<p><strong>Figyelem!<\/strong><\/p>\n<p><a href=\"https:\/\/www.kvzrt.hu\/?p=2279\" target=\"_blank\" rel=\"noopener\"><strong>Szem\u00e9lyes \u00fcgyint\u00e9z\u00e9s 2021. november 8. napj\u00e1t\u00f3l<\/strong><\/a><\/p>\n<p>Iroda\u00e9p\u00fclet\u00fcnkbe kiz\u00e1r\u00f3lag halaszthatatlan \u00fcgyek int\u00e9z\u00e9se miatt, telefonon el\u0151re egyeztetett id\u0151pontra lehet bel\u00e9pni azon \u00fcgycsoportokban, amelyek mindenk\u00e9ppen szem\u00e9lyes megjelen\u00e9s\u00fcket teszik sz\u00fcks\u00e9gess\u00e9.<\/p>\n<p><strong>A KIZ\u00c1R\u00d3LAG SZEM\u00c9LYESEN INT\u00c9ZHET\u0150 \u00dcGYEKR\u0150L T\u00c1J\u00c9KOZTAT\u00c1ST AZ AL\u00c1BBI SZ\u00c1MOKON KAPHAT, VALAMINT ID\u0150PONTOT IS EZEKEN FOGLALHAT:<\/strong><\/p>\n<p>B\u00e9rleti szerz\u0151d\u00e9sk\u00f6t\u00e9sek \u00fcgy\u00e9ben: + 36 1\u00a06662 708<\/p>\n<p>Jogi \u00fcgyekben: + 36 1\u00a06662 749<\/p>\n<p>P\u00e9nz\u00fcgyi \u00fcgyekben: + 36 1\u00a06662 722<\/p>\n<p>T\u00e1rsash\u00e1z-kezel\u00e9si \u00fcgyekben: + 36 1\u00a06662 777<\/p>\n<p>V\u00e9tel\u00e1rh\u00e1tral\u00e9k-kezel\u00e9si \u00fcgyekben: + 36 1\u00a06662 725<\/p>\n<p>M\u0171szaki \u00fcgyekben: + 36 1 6662 779<\/p>\n<p>(A gyors-szolg\u00e1lati hibaelh\u00e1r\u00edt\u00e1s telefonsz\u00e1ma h\u00e9tk\u00f6znapokon munkaid\u0151ben: 061\/66-62-779, 061\/66-62- 766, 061\/66-62-732<br \/>\nMunkaid\u0151n k\u00edv\u00fcl, h\u00e9tv\u00e9g\u00e9n \u00e9s \u00fcnnepnapokon \u00fcgyeleti gyors-szolg\u00e1lati hibaelh\u00e1r\u00edt\u00e1s telefonsz\u00e1ma: 06 30 689-3013)<\/p>\n<p style=\"text-align: justify;\"><strong>K\u0151b\u00e1nyai Vagyonkezel\u0151 Zrt. &#8211; \u00dcgyf\u00e9lfogad\u00e1s<\/strong><\/p>\n<p style=\"text-align: justify;\">H\u00e9tf\u0151: 14.00 &#8211; 17.30<br \/>\nSzerda: 08.00 &#8211; 16.00<br \/>\nP\u00e9ntek: 08.00 &#8211; 11.30<\/p>\n<p style=\"text-align: justify;\"><strong>El\u00e9rhet\u0151s\u00e9geink :<\/strong><\/p>\n<p style=\"text-align: justify;\">Lev\u00e9lc\u00edm: 1475 Bp. Pf. 56<br \/>\nTelefonsz\u00e1m: (061) 66-62-700<br \/>\nC\u00edm: 1107 Budapest, Cegl\u00e9di utca 30.<\/p>\n<p style=\"text-align: justify;\">Gyors-szolg\u00e1lati hibaelh\u00e1r\u00edt\u00e1s<br \/>\n&#8211; h\u00e9tk\u00f6znapokon munkaid\u0151ben: 061\/66-62-779, 061\/66-62-766, 061\/66-62-732<br \/>\n&#8211; munkaid\u0151n t\u00fal, h\u00e9tv\u00e9g\u00e9n \u00e9s \u00fcnnepnapokon \u00fcgyeleti telefonsz\u00e1m: 0630-689-3013<\/p>\n<p style=\"text-align: justify;\">E-mail c\u00edm: <span id=\"cloak66774\"><a href=\"mailto:kvzrt@kvzrt.hu\">kvzrt@kvzrt.hu<\/a><\/span><\/p>\n<p>Lak\u00e1s \u00e9s nem lak\u00e1sc\u00e9l\u00fa b\u00e9rlem\u00e9nyek d\u00edjfizet\u00e9s\u00e9vel kapcsolatban (foly\u00f3sz\u00e1mla egyeztet\u00e9sek, h\u00e1tral\u00e9kkezel\u00e9s, r\u00e9szletfizet\u00e9si k\u00e9relmek, null\u00e1s igazol\u00e1sok kiad\u00e1sa, stb.): dijszcsop@kvzrt.hu<\/p>\n<p style=\"text-align: justify;\"><strong>SZERVEZETI EGYS\u00c9GEK:\u00a0<\/strong><strong><br \/>\n<\/strong><\/p>\n<p style=\"text-align: justify;\"><em><strong>Ingatlankezel\u00e9si igazgat\u00f3s\u00e1g:<\/strong><\/em><\/p>\n<p style=\"text-align: justify;\">&#8211; Ingatlankezel\u00e9si csoport: 100%-ban \u00f6nkorm\u00e1nyzati tulajdon\u00fa lak\u00f3ingatlanok kezel\u00e9se, m\u0171k\u00f6dtet\u00e9se, energetikai feladatok ell\u00e1t\u00e1sa.<br \/>\n&#8211; Tulajdonosi csoport: T\u00e1rsash\u00e1zakban tal\u00e1lhat\u00f3 \u00f6nkorm\u00e1nyzati tulajdon\u00fa albet\u00e9tek tulajdonosi k\u00e9pviselete.<br \/>\nF\u00f6ldszint 05. iroda<\/p>\n<p style=\"text-align: justify;\">&#8211; Helyis\u00e9ggazd\u00e1lkod\u00e1si csoport: Nem lak\u00f3 ingatlanok (helyis\u00e9gek, ipar-, \u00e9s mez\u0151gazdas\u00e1gi ter\u00fcletek, telkek, \u00e9p\u00edt\u00e9si telkek, rekl\u00e1mt\u00e1bl\u00e1k.stb.) kezel\u00e9se, \u00fczemeltet\u00e9se, birtokba ad\u00e1sa, birtokbav\u00e9tele, b\u00e9rleti szerz\u0151d\u00e9sek k\u00f6t\u00e9se.<br \/>\nF\u00f6ldszint 08. iroda<\/p>\n<p style=\"text-align: justify;\">&#8211; Szerz\u0151d\u00e9sk\u00f6t\u0151 csoport: \u00d6nkorm\u00e1nyzati tulajdon\u00fa b\u00e9rlak\u00e1sok kiutal\u00e1s alapj\u00e1n t\u00f6rt\u00e9n\u0151 lak\u00e1sb\u00e9rleti szerz\u0151d\u00e9sek megk\u00f6t\u00e9se, m\u00f3dos\u00edt\u00e1sa, megsz\u00fcntet\u00e9se.<br \/>\nF\u00f6ldszint 12. iroda<\/p>\n<p style=\"text-align: justify;\">&#8211; B\u00e9rlem\u00e9ny ellen\u0151rz\u0151 csoport: \u00d6nkorm\u00e1nyzati tulajdon\u00fa b\u00e9rlak\u00e1sok \u00e9s helyis\u00e9gek rendeltet\u00e9sszer\u0171 haszn\u00e1lat\u00e1nak ellen\u0151rz\u00e9se \u00fctemezett \u00e9s rendk\u00edv\u00fcli ellen\u0151rz\u00e9s form\u00e1j\u00e1ban.<br \/>\nF\u00f6ldszint 12. iroda<\/p>\n<p style=\"text-align: justify;\">&#8211; T\u00e1rsash\u00e1zkezel\u0151 csoport:T\u00e1rsash\u00e1zak kezel\u00e9se, k\u00f6z\u00f6s k\u00e9pviselet ell\u00e1t\u00e1sa, t\u00e1rsash\u00e1zak k\u00f6nyvel\u00e9se.<br \/>\nF\u00f6ldszint 07. iroda<\/p>\n<p style=\"text-align: justify;\"><em><strong>M\u0171szaki igazgat\u00f3s\u00e1g:<\/strong><\/em><\/p>\n<p style=\"text-align: justify;\">-M\u0171szaki Iroda: \u00f6nkorm\u00e1nyzati tulajdon\u00fa nem int\u00e9zm\u00e9nyi ingatlanok fenntart\u00e1s\u00e1val, karbantart\u00e1s\u00e1val, fel\u00faj\u00edt\u00e1s\u00e1val kapcsolatos m\u0171szaki, el\u0151k\u00e9sz\u00edt\u0151, lebonyol\u00edt\u00f3 tev\u00e9kenys\u00e9g ell\u00e1t\u00e1sa, hibaelh\u00e1r\u00edt\u00e1s, \u00e9letvesz\u00e9ly elh\u00e1r\u00edt\u00e1s megrendel\u00e9se, a sz\u00fcks\u00e9ges kivitelez\u0151i kapacit\u00e1s biztos\u00edt\u00e1sa.<br \/>\nII. emelet 203. iroda<\/p>\n<p style=\"text-align: justify;\">-Int\u00e9zm\u00e9nyi Iroda: \u00f6nkorm\u00e1nyzati tulajdon\u00fa int\u00e9zm\u00e9nyi ingatlanok fenntart\u00e1s\u00e1val, karbantart\u00e1s\u00e1val, fel\u00faj\u00edt\u00e1s\u00e1val kapcsolatos m\u0171szaki, el\u0151k\u00e9sz\u00edt\u0151, lebonyol\u00edt\u00f3 tev\u00e9kenys\u00e9g ell\u00e1t\u00e1sa, hibaelh\u00e1r\u00edt\u00e1s, \u00e9letvesz\u00e9ly elh\u00e1r\u00edt\u00e1s megrendel\u00e9se, a sz\u00fcks\u00e9ges kivitelez\u0151i kapacit\u00e1s biztos\u00edt\u00e1sa<br \/>\nII. emelet 202. iroda<\/p>\n<p style=\"text-align: justify;\"><em><strong>Ingatlan\u00fcgyi Iroda:<\/strong><\/em><\/p>\n<p style=\"text-align: justify;\">Az ingatlanokkal kapcsolatos tulajdonba v\u00e9teli, nyilv\u00e1ntart\u00e1si \u00e9s tulajdonb\u00f3l t\u00f6rt\u00e9n\u0151 kiad\u00e1si feladatok ell\u00e1t\u00e1sa.<br \/>\nI. emelet 101-103. irod\u00e1k<\/p>\n<p style=\"text-align: justify;\"><em><strong>D\u00edjsz\u00e1ml\u00e1z\u00e1si csoport:<\/strong><\/em><\/p>\n<p style=\"text-align: justify;\">\u00d6nkorm\u00e1nyzati tulajdonban l\u00e9v\u0151 lak\u00e1sok \u00e9s helyis\u00e9gek sz\u00e1ml\u00e1z\u00e1si feladatainak ell\u00e1t\u00e1sa, egyenlegk\u00f6zl\u0151k kiad\u00e1sa.<br \/>\nI. emelet 107. iroda<\/p>\n<p style=\"text-align: justify;\"><strong><em>Iratkezel\u00e9s:<\/em><\/strong><\/p>\n<p style=\"text-align: justify;\">Bej\u00f6v\u0151 levelez\u00e9s\u00e9nek iktat\u00e1sa, \u00fcgyfelek beadv\u00e1nyainak \u00e1tv\u00e9tele.<br \/>\nF\u00f6ldszint 04. iroda<\/p>\n","protected":false},"excerpt":{"rendered":"<p>Figyelem! Szem\u00e9lyes \u00fcgyint\u00e9z\u00e9s 2021. november 8. napj\u00e1t\u00f3l Iroda\u00e9p\u00fclet\u00fcnkbe kiz\u00e1r\u00f3lag halaszthatatlan \u00fcgyek int\u00e9z\u00e9se miatt, telefonon el\u0151re egyeztetett id\u0151pontra lehet bel\u00e9pni azon \u00fcgycsoportokban, amelyek mindenk\u00e9ppen szem\u00e9lyes megjelen\u00e9s\u00fcket teszik sz\u00fcks\u00e9gess\u00e9. A KIZ\u00c1R\u00d3LAG SZEM\u00c9LYESEN INT\u00c9ZHET\u0150 \u00dcGYEKR\u0150L T\u00c1J\u00c9KOZTAT\u00c1ST AZ AL\u00c1BBI SZ\u00c1MOKON KAPHAT, VALAMINT ID\u0150PONTOT IS EZEKEN FOGLALHAT: B\u00e9rleti szerz\u0151d\u00e9sk\u00f6t\u00e9sek \u00fcgy\u00e9ben: + 36 1\u00a06662 708 Jogi \u00fcgyekben: + 36 1\u00a06662 749 [&hellip;]<\/p>\n","protected":false},"author":1,"featured_media":0,"parent":0,"menu_order":2,"comment_status":"closed","ping_status":"closed","template":"","meta":{"_monsterinsights_skip_tracking":false,"_monsterinsights_sitenote_active":false,"_monsterinsights_sitenote_note":"","_monsterinsights_sitenote_category":0,"footnotes":""},"class_list":["post-74","page","type-page","status-publish","hentry"],"_links":{"self":[{"href":"https:\/\/www.kvzrt.hu\/index.php?rest_route=\/wp\/v2\/pages\/74","targetHints":{"allow":["GET"]}}],"collection":[{"href":"https:\/\/www.kvzrt.hu\/index.php?rest_route=\/wp\/v2\/pages"}],"about":[{"href":"https:\/\/www.kvzrt.hu\/index.php?rest_route=\/wp\/v2\/types\/page"}],"author":[{"embeddable":true,"href":"https:\/\/www.kvzrt.hu\/index.php?rest_route=\/wp\/v2\/users\/1"}],"replies":[{"embeddable":true,"href":"https:\/\/www.kvzrt.hu\/index.php?rest_route=%2Fwp%2Fv2%2Fcomments&post=74"}],"version-history":[{"count":12,"href":"https:\/\/www.kvzrt.hu\/index.php?rest_route=\/wp\/v2\/pages\/74\/revisions"}],"predecessor-version":[{"id":3125,"href":"https:\/\/www.kvzrt.hu\/index.php?rest_route=\/wp\/v2\/pages\/74\/revisions\/3125"}],"wp:attachment":[{"href":"https:\/\/www.kvzrt.hu\/index.php?rest_route=%2Fwp%2Fv2%2Fmedia&parent=74"}],"curies":[{"name":"wp","href":"https:\/\/api.w.org\/{rel}","templated":true}]}}