{"id":726,"date":"2017-03-02T11:23:35","date_gmt":"2017-03-02T10:23:35","guid":{"rendered":"http:\/\/www.kvzrt.hu\/?page_id=726"},"modified":"2017-03-06T09:49:12","modified_gmt":"2017-03-06T08:49:12","slug":"katyuzasi-es-gyorsjavitasi-munkak-2017","status":"publish","type":"page","link":"https:\/\/www.kvzrt.hu\/?page_id=726","title":{"rendered":"K\u00e1ty\u00faz\u00e1si \u00e9s gyorsjav\u00edt\u00e1si munk\u00e1k"},"content":{"rendered":"<p><a href=\"http:\/\/www.kvzrt.hu\/wp-content\/uploads\/2017\/03\/Elj\u00e1r\u00e1st-megind\u00edt\u00f3-felh\u00edv\u00e1s_K\u00e1ty\u00faz\u00e1s-2017.pdf\">Elj\u00e1r\u00e1st megind\u00edt\u00f3 felh\u00edv\u00e1s_K\u00e1ty\u00faz\u00e1s 2017<\/a><\/p>\n<p><a href=\"http:\/\/www.kvzrt.hu\/wp-content\/uploads\/2017\/03\/KD_-k\u00e1ty\u00faz\u00e1s_20170216_KIK\u00dcLD\u00d6TT.pdf\">KD_ k\u00e1ty\u00faz\u00e1s_20170216_KIK\u00dcLD\u00d6TT<\/a><\/p>\n<p><a href=\"http:\/\/www.kvzrt.hu\/wp-content\/uploads\/2017\/03\/V\u00e1llalkoz\u00e1si-szerz\u0151d\u00e9s_-TERVEZET_170214_V\u00c9GLEGES.pdf\">V\u00e1llalkoz\u00e1si szerz\u0151d\u00e9s_ TERVEZET_170214_V\u00c9GLEGES<\/a><\/p>\n<p><a href=\"http:\/\/www.kvzrt.hu\/wp-content\/uploads\/2017\/03\/\u00c1razatlan-k\u00f6lts\u00e9gvet\u00e9s-ki\u00edr\u00e1s_k\u00e1ty\u00faz\u00e1s-2017.pdf\">\u00c1razatlan k\u00f6lts\u00e9gvet\u00e9s ki\u00edr\u00e1s_k\u00e1ty\u00faz\u00e1s 2017<\/a><\/p>\n<p><a href=\"http:\/\/www.kvzrt.hu\/wp-content\/uploads\/2017\/03\/Aj\u00e1nlatt\u00e9telre-felk\u00e9rt-gazdas\u00e1gi-szerepl\u0151k.pdf\">Aj\u00e1nlatt\u00e9telre felk\u00e9rt gazdas\u00e1gi szerepl\u0151k<\/a><\/p>\n<p><a href=\"http:\/\/www.kvzrt.hu\/wp-content\/uploads\/2017\/03\/Bont\u00e1si-jkv-megk\u00fcld\u00e9se_K\u00e1ty\u00faz\u00e1s-2017.pdf\">Bont\u00e1si jkv megk\u00fcld\u00e9se_K\u00e1ty\u00faz\u00e1s 2017<\/a><\/p>\n","protected":false},"excerpt":{"rendered":"<p>Elj\u00e1r\u00e1st megind\u00edt\u00f3 felh\u00edv\u00e1s_K\u00e1ty\u00faz\u00e1s 2017 KD_ k\u00e1ty\u00faz\u00e1s_20170216_KIK\u00dcLD\u00d6TT V\u00e1llalkoz\u00e1si szerz\u0151d\u00e9s_ TERVEZET_170214_V\u00c9GLEGES \u00c1razatlan k\u00f6lts\u00e9gvet\u00e9s ki\u00edr\u00e1s_k\u00e1ty\u00faz\u00e1s 2017 Aj\u00e1nlatt\u00e9telre felk\u00e9rt gazdas\u00e1gi szerepl\u0151k Bont\u00e1si jkv megk\u00fcld\u00e9se_K\u00e1ty\u00faz\u00e1s 2017<\/p>\n","protected":false},"author":2,"featured_media":0,"parent":720,"menu_order":0,"comment_status":"closed","ping_status":"closed","template":"","meta":{"_monsterinsights_skip_tracking":false,"_monsterinsights_sitenote_active":false,"_monsterinsights_sitenote_note":"","_monsterinsights_sitenote_category":0,"footnotes":""},"class_list":["post-726","page","type-page","status-publish","hentry"],"_links":{"self":[{"href":"https:\/\/www.kvzrt.hu\/index.php?rest_route=\/wp\/v2\/pages\/726","targetHints":{"allow":["GET"]}}],"collection":[{"href":"https:\/\/www.kvzrt.hu\/index.php?rest_route=\/wp\/v2\/pages"}],"about":[{"href":"https:\/\/www.kvzrt.hu\/index.php?rest_route=\/wp\/v2\/types\/page"}],"author":[{"embeddable":true,"href":"https:\/\/www.kvzrt.hu\/index.php?rest_route=\/wp\/v2\/users\/2"}],"replies":[{"embeddable":true,"href":"https:\/\/www.kvzrt.hu\/index.php?rest_route=%2Fwp%2Fv2%2Fcomments&post=726"}],"version-history":[{"count":5,"href":"https:\/\/www.kvzrt.hu\/index.php?rest_route=\/wp\/v2\/pages\/726\/revisions"}],"predecessor-version":[{"id":738,"href":"https:\/\/www.kvzrt.hu\/index.php?rest_route=\/wp\/v2\/pages\/726\/revisions\/738"}],"up":[{"embeddable":true,"href":"https:\/\/www.kvzrt.hu\/index.php?rest_route=\/wp\/v2\/pages\/720"}],"wp:attachment":[{"href":"https:\/\/www.kvzrt.hu\/index.php?rest_route=%2Fwp%2Fv2%2Fmedia&parent=726"}],"curies":[{"name":"wp","href":"https:\/\/api.w.org\/{rel}","templated":true}]}}