{"id":720,"date":"2017-03-02T11:11:24","date_gmt":"2017-03-02T10:11:24","guid":{"rendered":"http:\/\/www.kvzrt.hu\/?page_id=720"},"modified":"2017-04-06T08:44:16","modified_gmt":"2017-04-06T07:44:16","slug":"aktualis","status":"publish","type":"page","link":"https:\/\/www.kvzrt.hu\/?page_id=720","title":{"rendered":"2017"},"content":{"rendered":"<p>K\u00e1ty\u00faz\u00e1si \u00e9s gyorsjav\u00edt\u00e1si munk\u00e1k<\/p>\n<p>&#8222;Kir\u00e1lydomb&#8221; csapad\u00e9kv\u00edz elvezet\u00e9s<\/p>\n<p>G\u00e9p\u00e9szeti gyorsszolg\u00e1lat<\/p>\n<p>&nbsp;<\/p>\n","protected":false},"excerpt":{"rendered":"<p>K\u00e1ty\u00faz\u00e1si \u00e9s gyorsjav\u00edt\u00e1si munk\u00e1k &#8222;Kir\u00e1lydomb&#8221; csapad\u00e9kv\u00edz elvezet\u00e9s G\u00e9p\u00e9szeti gyorsszolg\u00e1lat &nbsp;<\/p>\n","protected":false},"author":2,"featured_media":0,"parent":54,"menu_order":0,"comment_status":"closed","ping_status":"closed","template":"","meta":{"_monsterinsights_skip_tracking":false,"_monsterinsights_sitenote_active":false,"_monsterinsights_sitenote_note":"","_monsterinsights_sitenote_category":0,"footnotes":""},"class_list":["post-720","page","type-page","status-publish","hentry"],"_links":{"self":[{"href":"https:\/\/www.kvzrt.hu\/index.php?rest_route=\/wp\/v2\/pages\/720","targetHints":{"allow":["GET"]}}],"collection":[{"href":"https:\/\/www.kvzrt.hu\/index.php?rest_route=\/wp\/v2\/pages"}],"about":[{"href":"https:\/\/www.kvzrt.hu\/index.php?rest_route=\/wp\/v2\/types\/page"}],"author":[{"embeddable":true,"href":"https:\/\/www.kvzrt.hu\/index.php?rest_route=\/wp\/v2\/users\/2"}],"replies":[{"embeddable":true,"href":"https:\/\/www.kvzrt.hu\/index.php?rest_route=%2Fwp%2Fv2%2Fcomments&post=720"}],"version-history":[{"count":9,"href":"https:\/\/www.kvzrt.hu\/index.php?rest_route=\/wp\/v2\/pages\/720\/revisions"}],"predecessor-version":[{"id":787,"href":"https:\/\/www.kvzrt.hu\/index.php?rest_route=\/wp\/v2\/pages\/720\/revisions\/787"}],"up":[{"embeddable":true,"href":"https:\/\/www.kvzrt.hu\/index.php?rest_route=\/wp\/v2\/pages\/54"}],"wp:attachment":[{"href":"https:\/\/www.kvzrt.hu\/index.php?rest_route=%2Fwp%2Fv2%2Fmedia&parent=720"}],"curies":[{"name":"wp","href":"https:\/\/api.w.org\/{rel}","templated":true}]}}