{"id":677,"date":"2017-01-27T10:40:38","date_gmt":"2017-01-27T09:40:38","guid":{"rendered":"http:\/\/www.kvzrt.hu\/?page_id=677"},"modified":"2020-08-03T13:28:11","modified_gmt":"2020-08-03T12:28:11","slug":"szerzodesek-teljesitese","status":"publish","type":"page","link":"https:\/\/www.kvzrt.hu\/?page_id=677","title":{"rendered":"Szerz\u0151d\u00e9sek teljes\u00edt\u00e9se"},"content":{"rendered":"<p><a href=\"http:\/\/www.kvzrt.hu\/wp-content\/uploads\/2017\/02\/Szerz\u0151d\u00e9s-teljes\u00edt\u00e9se-Rece-fice-\u00d3voda-\u00e9s-Csillagf\u00fcrt-B\u00f6lcs\u0151de-fel\u00faj\u00edt\u00e1sa.pdf\">Szerz\u0151d\u00e9s teljes\u00edt\u00e9se Rece-fice \u00d3voda \u00e9s Csillagf\u00fcrt B\u00f6lcs\u0151de fel\u00faj\u00edt\u00e1sa<\/a><\/p>\n<p><a href=\"http:\/\/www.kvzrt.hu\/wp-content\/uploads\/2017\/02\/Szerz\u0151d\u00e9s-teljes\u00edt\u00e9se-\u00c9p\u00edt\u0151mesteri-\u00e9s-szakipari-gyorsszolg\u00e1lat.pdf\">Szerz\u0151d\u00e9s teljes\u00edt\u00e9se \u00c9p\u00edt\u0151mesteri \u00e9s szakipari gyorsszolg\u00e1lat<\/a><\/p>\n<p><a href=\"http:\/\/www.kvzrt.hu\/wp-content\/uploads\/2017\/02\/Szerz\u0151d\u00e9s-teljes\u00edt\u00e9se-Rece-fice-\u00d3voda-kertrendez\u00e9s.pdf\">Szerz\u0151d\u00e9s teljes\u00edt\u00e9se Rece-fice \u00d3voda kertrendez\u00e9s<\/a><\/p>\n<p><a href=\"http:\/\/www.kvzrt.hu\/wp-content\/uploads\/2017\/02\/Szerz\u0151d\u00e9s-teljes\u00edt\u00e9se-Lak\u00f3-ingatlanok-z\u00f6ldter\u00fclet-gondoz\u00e1s.pdf\">Szerz\u0151d\u00e9s teljes\u00edt\u00e9se Lak\u00f3 ingatlanok z\u00f6ldter\u00fclet gondoz\u00e1s<\/a><\/p>\n<p><a href=\"http:\/\/www.kvzrt.hu\/wp-content\/uploads\/2017\/01\/Szerz\u0151d\u00e9s-teljes\u00edt\u00e9se-Elektromos-gyorsszolg\u00e1lat.pdf\">Szerz\u0151d\u00e9s teljes\u00edt\u00e9se Elektromos gyorsszolg\u00e1lat<\/a><\/p>\n<p><a href=\"http:\/\/www.kvzrt.hu\/wp-content\/uploads\/2017\/01\/Szerz\u0151d\u00e9s-teljes\u00edt\u00e9se-Szent-L\u00e1szl\u00f3-Iskola-f\u0171t\u00e9skorszer\u0171s\u00edt\u00e9s.pdf\">Szerz\u0151d\u00e9s teljes\u00edt\u00e9se Szent L\u00e1szl\u00f3 Iskola f\u0171t\u00e9skorszer\u0171s\u00edt\u00e9s<\/a><\/p>\n<p><a href=\"http:\/\/www.kvzrt.hu\/wp-content\/uploads\/2017\/01\/Szerz\u0151d\u00e9s-teljes\u00edt\u00e9se-\u00dajhegyi-lak\u00f3telep-bels\u0151-utak.pdf\">Szerz\u0151d\u00e9s teljes\u00edt\u00e9se \u00dajhegyi lak\u00f3telep bels\u0151 utak<\/a><\/p>\n<p><a href=\"http:\/\/www.kvzrt.hu\/wp-content\/uploads\/2017\/01\/Szerz\u0151d\u00e9s-teljes\u00edt\u00e9se-Sz\u00e1rnyas-utca-fel\u00faj\u00edt\u00e1sa.pdf\">Szerz\u0151d\u00e9s teljes\u00edt\u00e9se Sz\u00e1rnyas utca fel\u00faj\u00edt\u00e1sa<\/a><\/p>\n<p><a href=\"http:\/\/www.kvzrt.hu\/wp-content\/uploads\/2017\/01\/Kiskakas-\u00d3voda-1104-Budapest-M\u00e1di-u.-86-94.-f\u0171t\u00e9skorszer\u0171s\u00edt\u00e9s.pdf\">Kiskakas \u00d3voda (1104 Budapest, M\u00e1di u. 86-94.) f\u0171t\u00e9skorszer\u0171s\u00edt\u00e9s<\/a><\/p>\n<p><a href=\"http:\/\/www.kvzrt.hu\/wp-content\/uploads\/2017\/01\/Budapest-X.-ker\u00fclet-Halom-utca-40.-sz.-lak\u00f3\u00e9p\u00fclet-tet\u0151fel\u00faj\u00edt\u00e1si-munk\u00e1i.pdf\">Budapest X. ker\u00fclet, Halom utca 40. sz. lak\u00f3\u00e9p\u00fclet tet\u0151fel\u00faj\u00edt\u00e1si munk\u00e1i<\/a><\/p>\n<p><a href=\"http:\/\/www.kvzrt.hu\/wp-content\/uploads\/2017\/01\/Kada-Mih\u00e1ly-\u00c1ltal\u00e1nos-Iskola-\u00e9s-Gyermekek-H\u00e1za-\u00e9s-\u00d3vod\u00e1ja-1103-Budapest-Kada-utca-27-29.-\u00e9p\u00fcletek-tet\u0151szerkezet\u00e9nek-jav\u00edt\u00e1sa-fel\u00faj\u00ed.pdf\">Kada Mih\u00e1ly \u00c1ltal\u00e1nos Iskola \u00e9s Gyermekek H\u00e1za \u00e9s \u00d3vod\u00e1ja (1103 Budapest, Kada utca 27-29.) \u00e9p\u00fcletek tet\u0151szerkezet\u00e9nek jav\u00edt\u00e1sa, fel\u00faj\u00ed<\/a><\/p>\n<p><a href=\"http:\/\/www.kvzrt.hu\/wp-content\/uploads\/2017\/01\/Budapest-X.-ker\u00fclet-Halom-utca-40.-sz.-lak\u00f3\u00e9p\u00fclet-g\u00e9p\u00e9szeti-vezet\u00e9keinek-kiv\u00e1lt\u00e1sa.pdf\">Budapest X. ker\u00fclet, Halom utca 40. sz. lak\u00f3\u00e9p\u00fclet g\u00e9p\u00e9szeti vezet\u00e9keinek kiv\u00e1lt\u00e1sa<\/a><\/p>\n<p><a href=\"http:\/\/www.kvzrt.hu\/wp-content\/uploads\/2017\/01\/Budapest-X.-ker\u00fclet-Halom-utca-40.-sz\u00e1m-alatti-15-lak\u00e1sos-lak\u00f3\u00e9p\u00fclet-homlokzatkarbantart\u00e1si-munk\u00e1i.pdf\">Budapest X. ker\u00fclet, Halom utca 40. sz\u00e1m alatti 15 lak\u00e1sos lak\u00f3\u00e9p\u00fclet homlokzatkarbantart\u00e1si munk\u00e1i<\/a><\/p>\n<p><a href=\"http:\/\/www.kvzrt.hu\/wp-content\/uploads\/2017\/01\/Budapest-X.-ker\u00fclet-Halom-utca-40.-sz\u00e1m-alatti-lak\u00f3\u00e9p\u00fclet-l\u00e1bazat-fel\u00faj\u00edt\u00e1si-\u00e9s-ut\u00f3lagos-falszigetel\u00e9si-munk\u00e1i.pdf\">Budapest X. ker\u00fclet, Halom utca 40. sz\u00e1m alatti lak\u00f3\u00e9p\u00fclet l\u00e1bazat fel\u00faj\u00edt\u00e1si \u00e9s ut\u00f3lagos falszigetel\u00e9si munk\u00e1i<\/a><\/p>\n<p><a href=\"http:\/\/www.kvzrt.hu\/wp-content\/uploads\/2017\/01\/Budapest-X.-ker\u00fclet-2016.-\u00e9vi-j\u00e1rda-fel\u00faj\u00edt\u00e1sok.pdf\">Budapest X. ker\u00fclet 2016. \u00e9vi j\u00e1rda fel\u00faj\u00edt\u00e1sok<\/a><\/p>\n<p><a href=\"http:\/\/www.kvzrt.hu\/wp-content\/uploads\/2017\/01\/Budapest-X.-ker\u00fclet-parki-j\u00e1rd\u00e1k-fel\u00faj\u00edt\u00e1sa-2016..pdf\">Budapest X. ker\u00fclet parki j\u00e1rd\u00e1k fel\u00faj\u00edt\u00e1sa 2016.<\/a><\/p>\n<p><a href=\"http:\/\/www.kvzrt.hu\/wp-content\/uploads\/2017\/01\/Budapest-X.-ker\u00fclet-Sz\u00e1va-utca-fel\u00faj\u00edt\u00e1sa.pdf\">Budapest X. ker\u00fclet, Sz\u00e1va utca fel\u00faj\u00edt\u00e1sa<\/a><\/p>\n<p><a href=\"http:\/\/www.kvzrt.hu\/wp-content\/uploads\/2017\/01\/Budapest-X.-ker\u00fclet-Sibrik-Mikl\u00f3s-\u00fat-Gergely-b\u00e1nya-ter\u00fclet\u00e9n-szem\u00e9lyg\u00e9pkocsii-parkol\u00f3-\u00e9p\u00edt\u00e9s-v\u00edzell\u00e1t\u00e1s-v\u00edzelvezet\u00e9s-kont\u00e9ner-tele.pdf\">Budapest X. ker\u00fclet, Sibrik Mikl\u00f3s \u00fat (Gergely b\u00e1nya ter\u00fclet\u00e9n) szem\u00e9lyg\u00e9pkocsi parkol\u00f3 \u00e9p\u00edt\u00e9s, v\u00edzell\u00e1t\u00e1s-v\u00edzelvezet\u00e9s, kont\u00e9ner tele<\/a><\/p>\n<p><a href=\"http:\/\/www.kvzrt.hu\/wp-content\/uploads\/2017\/06\/Szerz\u0151d\u00e9s-teljes\u00edt\u00e9s\u00e9re-vonatkoz\u00f3-adatok_K\u00e1ty\u00faz\u00e1s-2016.pdf\">Szerz\u0151d\u00e9s teljes\u00edt\u00e9s\u00e9re vonatkoz\u00f3 adatok_K\u00e1ty\u00faz\u00e1s 2016<\/a><\/p>\n<p><a href=\"http:\/\/www.kvzrt.hu\/wp-content\/uploads\/2017\/06\/Szerz\u0151d\u00e9s-teljes\u00edt\u00e9s\u00e9re-vonatkoz\u00f3-adatok_G\u00e9p\u00e9szeti-gyorsszolg\u00e1lat-2016.pdf\">Szerz\u0151d\u00e9s teljes\u00edt\u00e9s\u00e9re vonatkoz\u00f3 adatok_G\u00e9p\u00e9szeti gyorsszolg\u00e1lat 2016<\/a><\/p>\n<p><a href=\"http:\/\/www.kvzrt.hu\/wp-content\/uploads\/2017\/06\/Szerz\u0151d\u00e9s-teljes\u00edt\u00e9s\u00e9re-vonatkoz\u00f3-adatok_Somfa-k\u00f6zi-parkol\u00f3k.pdf\">Szerz\u0151d\u00e9s teljes\u00edt\u00e9s\u00e9re vonatkoz\u00f3 adatok_Somfa k\u00f6zi parkol\u00f3k<\/a><\/p>\n<p><a href=\"http:\/\/www.kvzrt.hu\/wp-content\/uploads\/2017\/08\/Szerz\u0151d\u00e9s-teljes\u00edt\u00e9s\u00e9re-vonatkoz\u00f3-adatok_K\u0151b\u00e1nyai-nem-lak\u00f3ingatlanok-z\u00f6ldter\u00fclet-gondoz\u00e1si-feladatok.pdf\">Szerz\u0151d\u00e9s teljes\u00edt\u00e9s\u00e9re vonatkoz\u00f3 adatok_K\u0151b\u00e1nyai nem lak\u00f3ingatlanok z\u00f6ldter\u00fclet gondoz\u00e1si feladatok<\/a><\/p>\n<p><a href=\"http:\/\/www.kvzrt.hu\/wp-content\/uploads\/2017\/08\/Szerz\u0151d\u00e9s-teljes\u00edt\u00e9s\u00e9re-vonatkoz\u00f3-adatok_Budapest-X.-\u00d3hegy-parki-j\u00e1rd\u00e1k-fel\u00faj\u00edt\u00e1sa.pdf\">Szerz\u0151d\u00e9s teljes\u00edt\u00e9s\u00e9re vonatkoz\u00f3 adatok_Budapest, X. \u00d3hegy parki j\u00e1rd\u00e1k fel\u00faj\u00edt\u00e1sa<\/a><\/p>\n<p><a href=\"http:\/\/www.kvzrt.hu\/wp-content\/uploads\/2017\/09\/Szerz\u0151d\u00e9s-teljes\u00edt\u00e9s\u00e9re-vonatkoz\u00f3-adatok_Kir\u00e1lydomb_3.-Dorogi-utca.pdf\">Szerz\u0151d\u00e9s teljes\u00edt\u00e9s\u00e9re vonatkoz\u00f3 adatok_Kir\u00e1lydomb_3. Dorogi utca<\/a><\/p>\n<p><a href=\"http:\/\/www.kvzrt.hu\/wp-content\/uploads\/2017\/09\/Szerz\u0151d\u00e9s-teljes\u00edt\u00e9s\u00e9re-vonatkoz\u00f3-adatok_Kir\u00e1lydomb_4.-Pog\u00e1ny-utca.pdf\">Szerz\u0151d\u00e9s teljes\u00edt\u00e9s\u00e9re vonatkoz\u00f3 adatok_Kir\u00e1lydomb_4. Pog\u00e1ny utca<\/a><\/p>\n<p><a href=\"http:\/\/www.kvzrt.hu\/wp-content\/uploads\/2017\/09\/Szerz\u0151d\u00e9s-teljes\u00edt\u00e9s\u00e9re-vonatkoz\u00f3-adatok_Kir\u00e1lydomb_5.-V\u00e1lt\u00f3-utca.pdf\">Szerz\u0151d\u00e9s teljes\u00edt\u00e9s\u00e9re vonatkoz\u00f3 adatok_Kir\u00e1lydomb_5. V\u00e1lt\u00f3 utca<\/a><\/p>\n<p><a href=\"http:\/\/www.kvzrt.hu\/wp-content\/uploads\/2017\/09\/Szerz\u0151d\u00e9s-teljes\u00edt\u00e9s\u00e9re-vonatkoz\u00f3-adatok_\u00dajhegyi-lak\u00f3telep-bels\u0151-utak-III.-\u00fctem.pdf\">Szerz\u0151d\u00e9s teljes\u00edt\u00e9s\u00e9re vonatkoz\u00f3 adatok_\u00dajhegyi lak\u00f3telep bels\u0151 utak III. \u00fctem<\/a><\/p>\n<p><a href=\"http:\/\/www.kvzrt.hu\/wp-content\/uploads\/2018\/07\/2017.M.2.-Kereszt\u00fari-D.\u00c1.I._szerz\u0151d\u00e9s-telj..pdf\">2017.M.2. Kereszt\u00fari D.\u00c1.I._szerz\u0151d\u00e9s telj.<\/a><\/p>\n<p><a href=\"http:\/\/www.kvzrt.hu\/wp-content\/uploads\/2018\/07\/2017.M.4.-DREHER-Villa-lapostet\u0151_szerz\u0151d\u00e9s-telj..pdf\">2017.M.4. DREHER Villa lapostet\u0151_szerz\u0151d\u00e9s telj.<\/a><\/p>\n<p><a href=\"http:\/\/www.kvzrt.hu\/wp-content\/uploads\/2018\/07\/2017.M.5.-Szolg\u00e1ltat\u00f3h\u00e1z-bont\u00e1sa_szerz\u0151d\u00e9s-telj..pdf\">2017.M.5. Szolg\u00e1ltat\u00f3h\u00e1z bont\u00e1sa_szerz\u0151d\u00e9s telj.<\/a><\/p>\n<p><a href=\"http:\/\/www.kvzrt.hu\/wp-content\/uploads\/2018\/07\/2017.M.6.-Ih\u00e1sz-utca_szerz\u0151d\u00e9s-telj..pdf\">2017.M.6. Ih\u00e1sz utca_szerz\u0151d\u00e9s telj.<\/a><\/p>\n<p><a href=\"http:\/\/www.kvzrt.hu\/wp-content\/uploads\/2018\/07\/2017.M.7.-Szolg\u00e1ltat\u00f3h\u00e1z-hely\u00e9n-k\u00f6zpark_szerz\u0151d\u00e9s-telj..pdf\">2017.M.7. Szolg\u00e1ltat\u00f3h\u00e1z hely\u00e9n k\u00f6zpark_szerz\u0151d\u00e9s telj.<\/a><\/p>\n<p><a href=\"http:\/\/www.kvzrt.hu\/wp-content\/uploads\/2018\/07\/2017.V.F.2.-Csodafa-Gyermeksziget-lapostet\u0151-II._szerz\u0151d\u00e9s-telj..pdf\">2017.V.F.2. Csodafa-Gyermeksziget lapostet\u0151 II._szerz\u0151d\u00e9s telj.<\/a><\/p>\n<p><a href=\"http:\/\/www.kvzrt.hu\/wp-content\/uploads\/2018\/07\/2017.V.\u00dc.1.-K\u00e1ty\u00faz\u00e1s_szerz\u0151d\u00e9s-telj..pdf\">2017.V.\u00dc.1. K\u00e1ty\u00faz\u00e1s_szerz\u0151d\u00e9s telj.<\/a><\/p>\n<p><a href=\"http:\/\/www.kvzrt.hu\/wp-content\/uploads\/2018\/07\/2017.V.\u00dc.5.-\u00dcll\u0151i-\u00fat-fizet\u0151-parkol\u00f3k_szerz\u0151d\u00e9sek-telj..pdf\">2017.V.\u00dc.5. \u00dcll\u0151i \u00fat fizet\u0151 parkol\u00f3k_szerz\u0151d\u00e9sek telj.<\/a><\/p>\n<p><a href=\"https:\/\/www.kvzrt.hu\/wp-content\/uploads\/2020\/06\/Lak\u00e1sfel\u00faj\u00edt\u00e1sok-2019-I.\u00fctem-1.r\u00e9sz_1_Alk\u00e9r-19.-fszt.10..pdf\">Lak\u00e1sfel\u00faj\u00edt\u00e1sok 2019 I.\u00fctem 1.r\u00e9sz_1_Alk\u00e9r 19. fszt.10.<\/a><\/p>\n<p><a href=\"https:\/\/www.kvzrt.hu\/wp-content\/uploads\/2020\/06\/Lak\u00e1sfel\u00faj\u00edt\u00e1sok-2019-I.\u00fctem-1.r\u00e9sz_2_B\u00e1nya-10.-fszt.-8..pdf\">Lak\u00e1sfel\u00faj\u00edt\u00e1sok 2019 I.\u00fctem 1.r\u00e9sz_2_B\u00e1nya 10. fszt. 8.<\/a><\/p>\n<p><a href=\"https:\/\/www.kvzrt.hu\/wp-content\/uploads\/2020\/06\/Lak\u00e1sfel\u00faj\u00edt\u00e1sok-2019-I.\u00fctem-1.r\u00e9sz_3_F\u00fcz\u00e9r-31.-fszt.-7..pdf\">Lak\u00e1sfel\u00faj\u00edt\u00e1sok 2019 I.\u00fctem 1.r\u00e9sz_3_F\u00fcz\u00e9r 31. fszt. 7.<\/a><\/p>\n<p><a href=\"https:\/\/www.kvzrt.hu\/wp-content\/uploads\/2020\/06\/Lak\u00e1sfel\u00faj\u00edt\u00e1sok-2019-I.\u00fctem-1.r\u00e9sz_4_F\u00fcz\u00e9r-31.-fszt.-9..pdf\">Lak\u00e1sfel\u00faj\u00edt\u00e1sok 2019 I.\u00fctem 1.r\u00e9sz_4_F\u00fcz\u00e9r 31. fszt. 9.<\/a><\/p>\n<p><a href=\"https:\/\/www.kvzrt.hu\/wp-content\/uploads\/2020\/06\/Lak\u00e1sfel\u00faj\u00edt\u00e1sok-2019-I.\u00fctem-1.r\u00e9sz_5_H\u00f6lgy-19.-fszt.-1..pdf\">Lak\u00e1sfel\u00faj\u00edt\u00e1sok 2019 I.\u00fctem 1.r\u00e9sz_5_H\u00f6lgy 19. fszt. 1.<\/a><\/p>\n<p><a href=\"https:\/\/www.kvzrt.hu\/wp-content\/uploads\/2020\/06\/Lak\u00e1sfel\u00faj\u00edt\u00e1sok-2019-I.\u00fctem-2.r\u00e9sz_1_Mal\u00e1ta-13.-fszt.-18..pdf\">Lak\u00e1sfel\u00faj\u00edt\u00e1sok 2019 I.\u00fctem 2.r\u00e9sz_1_Mal\u00e1ta 13. fszt. 18.<\/a><\/p>\n<p><a href=\"https:\/\/www.kvzrt.hu\/wp-content\/uploads\/2020\/06\/Lak\u00e1sfel\u00faj\u00edt\u00e1sok-2019-I.\u00fctem-2.r\u00e9sz_2_Mal\u00e1ta-14a-fszt.-12..pdf\">Lak\u00e1sfel\u00faj\u00edt\u00e1sok 2019 I.\u00fctem 2.r\u00e9sz_2_Mal\u00e1ta 14a fszt. 12.<\/a><\/p>\n<p><a href=\"https:\/\/www.kvzrt.hu\/wp-content\/uploads\/2020\/06\/Lak\u00e1sfel\u00faj\u00edt\u00e1sok-2019-I.\u00fctem-2.r\u00e9sz_3_T\u00e1rna-4.-II.em_.-69..pdf\">Lak\u00e1sfel\u00faj\u00edt\u00e1sok 2019 I.\u00fctem 2.r\u00e9sz_3_T\u00e1rna 4. II.em. 69.<\/a><\/p>\n<p><a href=\"https:\/\/www.kvzrt.hu\/wp-content\/uploads\/2020\/06\/Lak\u00e1sfel\u00faj\u00edt\u00e1sok-2019-I.\u00fctem-2.r\u00e9sz_4_T\u00e1rna-4.-II.em_.-74..pdf\">Lak\u00e1sfel\u00faj\u00edt\u00e1sok 2019 I.\u00fctem 2.r\u00e9sz_4_T\u00e1rna 4. II.em. 74.<\/a><\/p>\n<p><a href=\"https:\/\/www.kvzrt.hu\/wp-content\/uploads\/2020\/06\/Lak\u00e1sfel\u00faj\u00edt\u00e1sok-2019-I.\u00fctem-2.r\u00e9sz_5_T\u00e1rna-4.-III.em_.-91..pdf\">Lak\u00e1sfel\u00faj\u00edt\u00e1sok 2019 I.\u00fctem 2.r\u00e9sz_5_T\u00e1rna 4. III.em. 91.<\/a><\/p>\n<p><a href=\"https:\/\/www.kvzrt.hu\/wp-content\/uploads\/2020\/06\/Lak\u00e1sfel\u00faj\u00edt\u00e1sok-2019-II.\u00fctem-1.r\u00e9sz_1_Csilla-4b-III.em_.-705..pdf\">Lak\u00e1sfel\u00faj\u00edt\u00e1sok 2019 II.\u00fctem 1.r\u00e9sz_1_Csilla 4b III.em. 705.<\/a><\/p>\n<p><a href=\"https:\/\/www.kvzrt.hu\/wp-content\/uploads\/2020\/06\/Lak\u00e1sfel\u00faj\u00edt\u00e1sok-2019-II.\u00fctem-1.r\u00e9sz_2_Csilla-9a-II.-em.-491..pdf\">Lak\u00e1sfel\u00faj\u00edt\u00e1sok 2019 II.\u00fctem 1.r\u00e9sz_2_Csilla 9a II. em. 491.<\/a><\/p>\n<p><a href=\"https:\/\/www.kvzrt.hu\/wp-content\/uploads\/2020\/06\/Lak\u00e1sfel\u00faj\u00edt\u00e1sok-2019-II.\u00fctem-1.r\u00e9sz_3_Csilla-10a-I.-em.-426..pdf\">Lak\u00e1sfel\u00faj\u00edt\u00e1sok 2019 II.\u00fctem 1.r\u00e9sz_3_Csilla 10a I. em. 426.<\/a><\/p>\n<p><a href=\"https:\/\/www.kvzrt.hu\/wp-content\/uploads\/2020\/06\/Lak\u00e1sfel\u00faj\u00edt\u00e1sok-2019-II.\u00fctem-1.r\u00e9sz_4_Csilla-10c-I.em_.-459..pdf\">Lak\u00e1sfel\u00faj\u00edt\u00e1sok 2019 II.\u00fctem 1.r\u00e9sz_4_Csilla 10c I.em. 459.<\/a><\/p>\n<p><a href=\"https:\/\/www.kvzrt.hu\/wp-content\/uploads\/2020\/06\/Lak\u00e1sfel\u00faj\u00edt\u00e1sok-2019-II.\u00fctem-1.r\u00e9sz_5_Salg\u00f3tarj\u00e1ni-47b-II.em_.-392..pdf\">Lak\u00e1sfel\u00faj\u00edt\u00e1sok 2019 II.\u00fctem 1.r\u00e9sz_5_Salg\u00f3tarj\u00e1ni 47b II.em. 392.<\/a><\/p>\n<p><a href=\"https:\/\/www.kvzrt.hu\/wp-content\/uploads\/2020\/06\/Lak\u00e1sfel\u00faj\u00edt\u00e1sok-2019-II.\u00fctem-2.r\u00e9sz_1_Alk\u00e9r-13.-fszt.-4..pdf\">Lak\u00e1sfel\u00faj\u00edt\u00e1sok 2019 II.\u00fctem 2.r\u00e9sz_1_Alk\u00e9r 13. fszt. 4.<\/a><\/p>\n<p><a href=\"https:\/\/www.kvzrt.hu\/wp-content\/uploads\/2020\/06\/Lak\u00e1sfel\u00faj\u00edt\u00e1sok-2019-II.\u00fctem-2.r\u00e9sz_2_Bolg\u00e1r-10.-fszt.10..pdf\">Lak\u00e1sfel\u00faj\u00edt\u00e1sok 2019 II.\u00fctem 2.r\u00e9sz_2_Bolg\u00e1r 10. fszt.10.<\/a><\/p>\n<p><a href=\"https:\/\/www.kvzrt.hu\/wp-content\/uploads\/2020\/06\/Lak\u00e1sfel\u00faj\u00edt\u00e1sok-2019-II.\u00fctem-2.r\u00e9sz_3_Gergely-6.-fszt.-4..pdf\">Lak\u00e1sfel\u00faj\u00edt\u00e1sok 2019 II.\u00fctem 2.r\u00e9sz_3_Gergely 6. fszt. 4.<\/a><\/p>\n<p><a href=\"https:\/\/www.kvzrt.hu\/wp-content\/uploads\/2020\/06\/Lak\u00e1sfel\u00faj\u00edt\u00e1sok-2019-II.\u00fctem-2.r\u00e9sz_4_Gergely-38.-fszt.15..pdf\">Lak\u00e1sfel\u00faj\u00edt\u00e1sok 2019 II.\u00fctem 2.r\u00e9sz_4_Gergely 38. fszt.15.<\/a><\/p>\n<p><a href=\"https:\/\/www.kvzrt.hu\/wp-content\/uploads\/2020\/06\/Lak\u00e1sfel\u00faj\u00edt\u00e1sok-2019-II.\u00fctem-2.r\u00e9sz_5_Szl\u00e1vy-37.-fszt.-1a.pdf\">Lak\u00e1sfel\u00faj\u00edt\u00e1sok 2019 II.\u00fctem 2.r\u00e9sz_5_Szl\u00e1vy 37. fszt. 1a<\/a><\/p>\n<p><a href=\"https:\/\/www.kvzrt.hu\/wp-content\/uploads\/2020\/06\/Lak\u00e1sfel\u00faj\u00edt\u00e1sok-2019-III.\u00fctem_1_H\u00f6lgy-22.-fszt.-2..pdf\">Lak\u00e1sfel\u00faj\u00edt\u00e1sok 2019 III.\u00fctem_1_H\u00f6lgy 22. fszt. 2.<\/a><\/p>\n<p><a href=\"https:\/\/www.kvzrt.hu\/wp-content\/uploads\/2020\/06\/Lak\u00e1sfel\u00faj\u00edt\u00e1sok-2019-III.\u00fctem_2_H\u00f6lgy-22.-I.em_.-8..pdf\">Lak\u00e1sfel\u00faj\u00edt\u00e1sok 2019 III.\u00fctem_2_H\u00f6lgy 22. I.em. 8.<\/a><\/p>\n<p><a href=\"https:\/\/www.kvzrt.hu\/wp-content\/uploads\/2020\/06\/Lak\u00e1sfel\u00faj\u00edt\u00e1sok-2019-III.\u00fctem_3_H\u00f6lgy-22.-I.em_.-9..pdf\">Lak\u00e1sfel\u00faj\u00edt\u00e1sok 2019 III.\u00fctem_3_H\u00f6lgy 22. I.em. 9.<\/a><\/p>\n<p><a href=\"https:\/\/www.kvzrt.hu\/wp-content\/uploads\/2020\/06\/Lak\u00e1sfel\u00faj\u00edt\u00e1sok-2019-III.\u00fctem_4_H\u00f6lgy-22.-I.em_.-12..pdf\">Lak\u00e1sfel\u00faj\u00edt\u00e1sok 2019 III.\u00fctem_4_H\u00f6lgy 22. I.em. 12.<\/a><\/p>\n<p><a href=\"https:\/\/www.kvzrt.hu\/wp-content\/uploads\/2020\/06\/Lak\u00e1sfel\u00faj\u00edt\u00e1sok-2019-III.\u00fctem_5_H\u00f6lgy-22.-I.em_.-16..pdf\">Lak\u00e1sfel\u00faj\u00edt\u00e1sok 2019 III.\u00fctem_5_H\u00f6lgy 22. I.em. 16.<\/a><\/p>\n<p><a href=\"https:\/\/www.kvzrt.hu\/wp-content\/uploads\/2020\/08\/V\u00dc1.2019-Farkasalma-Medvesz\u0151l\u0151.pdf\">V\u00dc1.2019 Farkasalma-Medvesz\u0151l\u0151<\/a><\/p>\n<p><a href=\"https:\/\/www.kvzrt.hu\/wp-content\/uploads\/2020\/08\/V\u00dc2.2019-K\u00c1TY\u00daZ\u00c1S.pdf\">V\u00dc2.2019 K\u00c1TY\u00daZ\u00c1S<\/a><\/p>\n<p><a href=\"https:\/\/www.kvzrt.hu\/wp-content\/uploads\/2020\/08\/V\u00dc.4.2019-Gyakorl\u00f3-utca-fel\u00faj\u00edt\u00e1s.pdf\">V\u00dc.4.2019 Gyakorl\u00f3 utca fel\u00faj\u00edt\u00e1s<\/a><\/p>\n<p><a href=\"https:\/\/www.kvzrt.hu\/wp-content\/uploads\/2020\/08\/V\u00dc.5.2019-Lavotta-utca.pdf\">V\u00dc.5.2019 Lavotta utca<\/a><\/p>\n<p><a href=\"https:\/\/www.kvzrt.hu\/wp-content\/uploads\/2020\/08\/V\u00dc.6.2019-J\u00e1rdafel\u00faj\u00edt\u00e1s-2019.pdf\">V\u00dc.6.2019 J\u00e1rdafel\u00faj\u00edt\u00e1s 2019<\/a><\/p>\n<p><a href=\"https:\/\/www.kvzrt.hu\/wp-content\/uploads\/2020\/08\/V.F.3.-M\u00e1zsa-t\u00e9ri-sportcentrum-tervez\u00e9s_2018.pdf\">V.F.3. M\u00e1zsa t\u00e9ri sportcentrum tervez\u00e9s_2018<\/a><\/p>\n<p><a href=\"https:\/\/www.kvzrt.hu\/wp-content\/uploads\/2020\/08\/V\u00dc3.2019-Parkol\u00f3k-1.r\u00e9sz.pdf\">V\u00dc3.2019 Parkol\u00f3k 1.r\u00e9sz<\/a><\/p>\n<p><a href=\"https:\/\/www.kvzrt.hu\/wp-content\/uploads\/2020\/08\/V\u00dc3.2019-Parkol\u00f3k-2.r\u00e9sz.pdf\">V\u00dc3.2019 Parkol\u00f3k 2.r\u00e9sz<\/a><\/p>\n<p><a href=\"https:\/\/www.kvzrt.hu\/wp-content\/uploads\/2020\/08\/V\u00dc3.2019-Parkol\u00f3k-3.r\u00e9sz.pdf\">V\u00dc3.2019 Parkol\u00f3k 3.r\u00e9sz<\/a><\/p>\n","protected":false},"excerpt":{"rendered":"<p>Szerz\u0151d\u00e9s teljes\u00edt\u00e9se Rece-fice \u00d3voda \u00e9s Csillagf\u00fcrt B\u00f6lcs\u0151de fel\u00faj\u00edt\u00e1sa Szerz\u0151d\u00e9s teljes\u00edt\u00e9se \u00c9p\u00edt\u0151mesteri \u00e9s szakipari gyorsszolg\u00e1lat Szerz\u0151d\u00e9s teljes\u00edt\u00e9se Rece-fice \u00d3voda kertrendez\u00e9s Szerz\u0151d\u00e9s teljes\u00edt\u00e9se Lak\u00f3 ingatlanok z\u00f6ldter\u00fclet gondoz\u00e1s Szerz\u0151d\u00e9s teljes\u00edt\u00e9se Elektromos gyorsszolg\u00e1lat Szerz\u0151d\u00e9s teljes\u00edt\u00e9se Szent L\u00e1szl\u00f3 Iskola f\u0171t\u00e9skorszer\u0171s\u00edt\u00e9s Szerz\u0151d\u00e9s teljes\u00edt\u00e9se \u00dajhegyi lak\u00f3telep bels\u0151 utak Szerz\u0151d\u00e9s teljes\u00edt\u00e9se Sz\u00e1rnyas utca fel\u00faj\u00edt\u00e1sa Kiskakas \u00d3voda (1104 Budapest, M\u00e1di u. 86-94.) f\u0171t\u00e9skorszer\u0171s\u00edt\u00e9s Budapest [&hellip;]<\/p>\n","protected":false},"author":2,"featured_media":0,"parent":10,"menu_order":0,"comment_status":"closed","ping_status":"closed","template":"","meta":{"_monsterinsights_skip_tracking":false,"_monsterinsights_sitenote_active":false,"_monsterinsights_sitenote_note":"","_monsterinsights_sitenote_category":0,"footnotes":""},"class_list":["post-677","page","type-page","status-publish","hentry"],"_links":{"self":[{"href":"https:\/\/www.kvzrt.hu\/index.php?rest_route=\/wp\/v2\/pages\/677","targetHints":{"allow":["GET"]}}],"collection":[{"href":"https:\/\/www.kvzrt.hu\/index.php?rest_route=\/wp\/v2\/pages"}],"about":[{"href":"https:\/\/www.kvzrt.hu\/index.php?rest_route=\/wp\/v2\/types\/page"}],"author":[{"embeddable":true,"href":"https:\/\/www.kvzrt.hu\/index.php?rest_route=\/wp\/v2\/users\/2"}],"replies":[{"embeddable":true,"href":"https:\/\/www.kvzrt.hu\/index.php?rest_route=%2Fwp%2Fv2%2Fcomments&post=677"}],"version-history":[{"count":19,"href":"https:\/\/www.kvzrt.hu\/index.php?rest_route=\/wp\/v2\/pages\/677\/revisions"}],"predecessor-version":[{"id":2097,"href":"https:\/\/www.kvzrt.hu\/index.php?rest_route=\/wp\/v2\/pages\/677\/revisions\/2097"}],"up":[{"embeddable":true,"href":"https:\/\/www.kvzrt.hu\/index.php?rest_route=\/wp\/v2\/pages\/10"}],"wp:attachment":[{"href":"https:\/\/www.kvzrt.hu\/index.php?rest_route=%2Fwp%2Fv2%2Fmedia&parent=677"}],"curies":[{"name":"wp","href":"https:\/\/api.w.org\/{rel}","templated":true}]}}