{"id":638,"date":"2016-10-11T13:19:06","date_gmt":"2016-10-11T12:19:06","guid":{"rendered":"http:\/\/www.kvzrt.hu\/?page_id=638"},"modified":"2024-11-27T06:41:57","modified_gmt":"2024-11-27T05:41:57","slug":"sibrik-parkolo","status":"publish","type":"page","link":"https:\/\/www.kvzrt.hu\/?page_id=638","title":{"rendered":"Sibrik Parkol\u00f3"},"content":{"rendered":"<p>Tisztelt K\u0151b\u00e1nyaiak!<\/p>\n<p>Ez \u00faton t\u00e1j\u00e9koztatjuk \u00d6n\u00f6ket, hogy 2016. okt\u00f3ber 15. napon <strong>z\u00e1rt parkol\u00f3t<\/strong> nyitunk a Sibrik Mikl\u00f3s \u00fat 34. sz\u00e1m alatti ter\u00fcleten.<\/p>\n<p style=\"text-align: left;\">A parkol\u00f3ra vonatkoz\u00f3 szab\u00e1lyok, d\u00edjszab\u00e1s \u00e9s egy\u00e9b tudnival\u00f3k elolvashat\u00f3k a bejegyz\u00e9sben.<!--more--><\/p>\n<p style=\"text-align: left;\"><strong>&#8211; SIBRIK PARKOL\u00d3 &#8211;<\/strong><br \/>\n<strong>parkol\u00e1si szab\u00e1lyzat<\/strong><\/p>\n<p>A szab\u00e1lyzat hat\u00e1lya kiterjed a \u201eSibrik parkol\u00f3\u201d-t (tov\u00e1bbiakban: parkol\u00f3) ig\u00e9nybe vev\u0151 szem\u00e9lyekre.<\/p>\n<p>A parkol\u00f3 haszn\u00e1l\u00f3ira a KRESZ \u00e9s a parkol\u00e1si szab\u00e1lyzat el\u0151\u00edr\u00e1sai a parkol\u00f3k ter\u00fclet\u00e9re t\u00f6rt\u00e9n\u0151 bel\u00e9p\u00e9st\u0151l k\u00f6telez\u0151ek. A parkol\u00f3 ter\u00fclet\u00e9n a megengedett sebess\u00e9g 10 km\/h.<\/p>\n<p>A parkol\u00f3 nyitvatart\u00e1si ideje: minden nap 00:00-24:00.<\/p>\n<p>A parkol\u00f3 z\u00e1rt, nem \u0151rz\u00f6tt, mindenki saj\u00e1t kock\u00e1zat\u00e1ra \u00e9s felel\u0151ss\u00e9g\u00e9re, fokozott k\u00f6r\u00fcltekint\u00e9ssel haszn\u00e1lhatja. A parkol\u00f3 automatikus rendszerben m\u0171k\u00f6dik. A be- \u00e9s kihajt\u00e1st soromp\u00f3k, jegykiad\u00f3 \u00e9s jegyolvas\u00f3 egys\u00e9gek szab\u00e1lyozz\u00e1k.<\/p>\n<p>A parkol\u00f3 ter\u00fclet\u00e9n \u00e1ll\u00f3 \u00e9s halad\u00f3 g\u00e9pj\u00e1rm\u0171vekben illetve annak tartalm\u00e1ban harmadik szem\u00e9ly \u00e1ltal okozott k\u00e1rok\u00e9rt, vesztes\u00e9gek\u00e9rt, a g\u00e9pj\u00e1rm\u0171ben hagyott t\u00e1rgyak\u00e9rt valamint a j\u00e1rm\u0171vek \u00e9s\/vagy utasaik s\u00e9relm\u00e9re a parkol\u00f3 ter\u00fclet\u00e9n elk\u00f6vetett, harmadik szem\u00e9lyek \u00e1ltal okozott k\u00e1rok\u00e9rt, a K\u0151b\u00e1nyai Vagyonkezel\u0151 Zrt, (tov\u00e1bbiakban: \u00fczemeltet\u0151) felel\u0151ss\u00e9get nem v\u00e1llal.<\/p>\n<p>A j\u00e1rm\u0171 tulajdonosa\/vezet\u0151je\/\u00fczembentart\u00f3ja felel\u0151s mindazon k\u00e1r\u00e9rt, amelyet saj\u00e1t maga, illetve az \u00e1ltala vezetett g\u00e9pkocsival okozott!<\/p>\n<p>A parkol\u00f3 \u00fczemeltet\u0151j\u00e9nek okozott k\u00e1r minden esetben rend\u0151ri int\u00e9zked\u00e9st von maga ut\u00e1n. Az \u00fczemeltet\u0151 a helysz\u00ednen &#8211; a k\u00e1rokoz\u00f3 adatainak felv\u00e9tel\u00e9vel, iratainak lem\u00e1sol\u00e1s\u00e1val, a k\u00e1resem\u00e9ny le\u00edr\u00e1s\u00e1val &#8211; jegyz\u0151k\u00f6nyvet \u00e9s baleseti bejelent\u0151lapot t\u00f6lt ki.<\/p>\n<p>A k\u00f6zleked\u0151 utak ter\u00fclete parkol\u00e1sra nem vehet\u0151 ig\u00e9nybe.<\/p>\n<p>Egy j\u00e1rm\u0171vel csak egy parkol\u00f3hely foglalhat\u00f3 el. K\u00e9rj\u00fck, egym\u00e1st ne akad\u00e1lyozz\u00e1k a parkol\u00e1sban, k\u00f6zleked\u00e9sben! 14 \u00e9v alatti gyermek nem tart\u00f3zkodhat a parkol\u00f3 ter\u00fclet\u00e9n feln\u0151tt fel\u00fcgyelete n\u00e9lk\u00fcl.<\/p>\n<p>Tilos a parkol\u00f3ban:<br \/>\n&#8211;\u00a0\u00a0 \u00a0a gyalogos forgalom a be- \u00e9s kil\u00e9ptet\u0151 soromp\u00f3karok m\u0171k\u00f6d\u00e9si k\u00f6rnyezet\u00e9ben;<br \/>\n&#8211;\u00a0\u00a0 \u00a0j\u00e1rm\u0171 szerel\u00e9se, mos\u00e1sa;<br \/>\n&#8211;\u00a0\u00a0 \u00a0szemetel\u00e9s;<br \/>\n&#8211;\u00a0\u00a0 \u00a0alkohol fogyaszt\u00e1sa;<br \/>\n&#8211;\u00a0\u00a0 \u00a0doh\u00e1nyz\u00e1s, \u00e9s ny\u00edlt l\u00e1ng haszn\u00e1lata,<br \/>\n&#8211;\u00a0\u00a0 \u00a0a j\u00e1rm\u0171ben &#8211; a tankban l\u00e9v\u0151 \u00fczemanyagon t\u00fal &#8211; t\u0171zvesz\u00e9lyes anyag t\u00e1rol\u00e1sa.<br \/>\n&#8211;\u00a0\u00a0 \u00a0ker\u00e9kp\u00e1rozni &#8211; A parkol\u00f3 ter\u00fclet\u00e9n a ker\u00e9kp\u00e1rosoknak a ker\u00e9kp\u00e1rr\u00f3l lesz\u00e1llva, azt tolva &#8211; a gyalogosok k\u00f6zleked\u00e9s\u00e9re vonatkoz\u00f3 szab\u00e1lyok szerint &#8211; kell a parkol\u00f3ban k\u00f6zlekedni\u00fck.<\/p>\n<p>A parkol\u00f3 haszn\u00e1lata jegy v\u00e1s\u00e1rl\u00e1s\u00e1val:<\/p>\n<p>\u00d6nnek a parkol\u00f3 elhagy\u00e1sa el\u0151tt a fizet\u0151-automat\u00e1n\u00e1l ki kell egyenl\u00edteni a parkol\u00e1si d\u00edjat.<\/p>\n<p>K\u00e9rj\u00fck, hogy parkol\u00f3jegy\u00e9t \u00e9s fizet\u00e9si bizonylat\u00e1t kihajt\u00e1sig \u0151rizze meg, a kifizetett jegy\u00e9vel tudja elhagyni a parkol\u00f3t. A fizet\u00e9st k\u00f6vet\u0151en a parkol\u00f3 elhagy\u00e1s\u00e1ra biztos\u00edtott t\u00fcrelmi id\u0151: 15 perc.<\/p>\n<p>A parkol\u00f3jegy elveszt\u00e9se, a mindenkori p\u00f3td\u00edj megfizet\u00e9s\u00e9t vonja maga ut\u00e1n.<\/p>\n<p>A parkol\u00f3 haszn\u00e1lata b\u00e9rlet haszn\u00e1lat\u00e1val:<\/p>\n<p>\u00d6nnek lehet\u0151s\u00e9ge van hosszabb haszn\u00e1lat eset\u00e9n b\u00e9rlet v\u00e1lt\u00e1s\u00e1ra, heti, k\u00e9theti, vagy havi id\u0151szakra, ak\u00e1r el\u0151v\u00e9telben is.<\/p>\n<p>A b\u00e9rlet, a lej\u00e1rat\u00e1t k\u00f6vet\u0151 7 napon bel\u00fcl b\u00e1rmikor meghosszabb\u00edthat\u00f3 a fizet\u0151-automat\u00e1n\u00e1l is, folyamatos \u00e9rv\u00e9nyess\u00e9ggel. (Kiz\u00e1r\u00f3lag szem\u00e9lyg\u00e9pkocsik eset\u00e9ben &#8211; motorok, robog\u00f3k illetve teherg\u00e9pj\u00e1rm\u0171vek \u00e9s buszok eset\u00e9ben \u00e1tutal\u00e1ssal, vagy szem\u00e9lyesen az \u00fcgyf\u00e9lszolg\u00e1latunkon tudja hosszabb\u00edtani a parkol\u00f3k\u00e1rtya \u00e9rv\u00e9nyess\u00e9g\u00e9t).<\/p>\n<p>B\u00e9rletet a K\u0151b\u00e1nyai Vagyonkezel\u0151 Zrt. p\u00e9nzt\u00e1r\u00e1ban tud v\u00e1ltani (kauci\u00f3 d\u00edja 2 000 Ft) (1107 Budapest, Cegl\u00e9di utca 30.), \u00fcgyf\u00e9lfogad\u00e1si id\u0151ben (h\u00e9tf\u0151: 14:00-17:30, szerda: 08:00-16:00, p\u00e9ntek: 08:00-11:30).<\/p>\n<p>D\u00edjszab\u00e1s:<\/p>\n<p><em><strong>A d\u00edjak m\u00e9rt\u00e9ke 2025. janu\u00e1r 1<\/strong><\/em><em><strong>-t\u0151l:<br \/>\n<\/strong><\/em>\u2013 \u00f3rad\u00edj: 250 Ft\u2013 minden megkezdett \u00f3r\u00e1nk\u00e9nt<br \/>\n\u2013 napi d\u00edj: 1 500 Ft \u2013 a 6. \u00f3r\u00e1t\u00f3l automatikusan a jegyv\u00e1lt\u00e1st\u00f3l sz\u00e1m\u00edtott 24. \u00f3ra v\u00e9g\u00e9ig, ut\u00e1na az \u00f3rad\u00edj sz\u00e1m\u00edt\u00e1s \u00fajra indul<br \/>\n\u2013 heti d\u00edj: 5 000 Ft<br \/>\n\u2013 f\u00e9lhavi d\u00edj (15 nap): 8 000 Ft<br \/>\n\u2013 havi d\u00edj (31 nap): 12 000 Ft<br \/>\n\u2013 A p\u00f3td\u00edj m\u00e9rt\u00e9ke (megrong\u00e1l\u00f3dott vagy elveszett jegy eset\u00e9n): 20 000 Ft<br \/>\n\u2013 A b\u00e9rlet (proxi) k\u00e1rtya kauci\u00f3 d\u00edja: 2.000 Ft (v\u00e1ltozatlan)<\/p>\n<p><strong>Elveszett jegy p\u00f3td\u00edja: 20 000 Ft\u00a0<\/strong><\/p>\n<p><strong>Teherg\u00e9pkocsi\/busz:<\/strong><br \/>\n20 000 Ft\/h\u00f3nap<br \/>\n14 000 Ft\/2 h\u00e9t<br \/>\n8 000 Ft\/h\u00e9t<\/p>\n<p><strong>Motor\/robog\u00f3:<\/strong><br \/>\n6 000 Ft\/h\u00f3nap<\/p>\n<p>\u00c1F\u00c1-s sz\u00e1ml\u00e1t a K\u0151b\u00e1nyai Vagyonkezel\u0151 Zrt. p\u00e9nzt\u00e1r\u00e1ban k\u00e9rhet (1107 Budapest, Cegl\u00e9di utca 30.), \u00fcgyf\u00e9lfogad\u00e1si id\u0151ben (h\u00e9tf\u0151: 14:00-17:30, szerda: 08:00-16:00, p\u00e9ntek: 08:00-11:30), a fizet\u0151-automata \u00e1ltal kiadott bizonylat bemutat\u00e1s\u00e1val, a bizonylat kiad\u00e1s\u00e1t\u00f3l sz\u00e1m\u00edtott 15 napon bel\u00fcl.<\/p>\n<p>K\u0151b\u00e1nyai Vagyonkezel\u0151 Zrt.<br \/>\n1107 Budapest, Cegl\u00e9di utca 30.<br \/>\nTelefon: 06-1-666-2700<br \/>\nE-mail: info@kvzrt.hu<\/p>\n","protected":false},"excerpt":{"rendered":"<p>Tisztelt K\u0151b\u00e1nyaiak! Ez \u00faton t\u00e1j\u00e9koztatjuk \u00d6n\u00f6ket, hogy 2016. okt\u00f3ber 15. napon z\u00e1rt parkol\u00f3t nyitunk a Sibrik Mikl\u00f3s \u00fat 34. sz\u00e1m alatti ter\u00fcleten. A parkol\u00f3ra vonatkoz\u00f3 szab\u00e1lyok, d\u00edjszab\u00e1s \u00e9s egy\u00e9b tudnival\u00f3k elolvashat\u00f3k a bejegyz\u00e9sben.<\/p>\n","protected":false},"author":3,"featured_media":0,"parent":0,"menu_order":3,"comment_status":"closed","ping_status":"closed","template":"","meta":{"_monsterinsights_skip_tracking":false,"_monsterinsights_sitenote_active":false,"_monsterinsights_sitenote_note":"","_monsterinsights_sitenote_category":0,"footnotes":""},"class_list":["post-638","page","type-page","status-publish","hentry"],"_links":{"self":[{"href":"https:\/\/www.kvzrt.hu\/index.php?rest_route=\/wp\/v2\/pages\/638","targetHints":{"allow":["GET"]}}],"collection":[{"href":"https:\/\/www.kvzrt.hu\/index.php?rest_route=\/wp\/v2\/pages"}],"about":[{"href":"https:\/\/www.kvzrt.hu\/index.php?rest_route=\/wp\/v2\/types\/page"}],"author":[{"embeddable":true,"href":"https:\/\/www.kvzrt.hu\/index.php?rest_route=\/wp\/v2\/users\/3"}],"replies":[{"embeddable":true,"href":"https:\/\/www.kvzrt.hu\/index.php?rest_route=%2Fwp%2Fv2%2Fcomments&post=638"}],"version-history":[{"count":7,"href":"https:\/\/www.kvzrt.hu\/index.php?rest_route=\/wp\/v2\/pages\/638\/revisions"}],"predecessor-version":[{"id":2922,"href":"https:\/\/www.kvzrt.hu\/index.php?rest_route=\/wp\/v2\/pages\/638\/revisions\/2922"}],"wp:attachment":[{"href":"https:\/\/www.kvzrt.hu\/index.php?rest_route=%2Fwp%2Fv2%2Fmedia&parent=638"}],"curies":[{"name":"wp","href":"https:\/\/api.w.org\/{rel}","templated":true}]}}