{"id":59,"date":"2015-11-18T10:45:07","date_gmt":"2015-11-18T09:45:07","guid":{"rendered":"http:\/\/wordpress.kvzrt.dmz\/wordpress\/?page_id=59"},"modified":"2026-04-10T10:43:44","modified_gmt":"2026-04-10T09:43:44","slug":"vezetoi-jovedelmek","status":"publish","type":"page","link":"https:\/\/www.kvzrt.hu\/?page_id=59","title":{"rendered":"Vezet\u0151i j\u00f6vedelmek"},"content":{"rendered":"<p><strong>A fel\u00fcgyel\u0151bizotts\u00e1gi tagok adatai<\/strong><\/p>\n<p>Dr. Elek Tam\u00e1s Mirk\u00f3 (a fel\u00fcgyel\u0151bizotts\u00e1g eln\u00f6ke)<br \/>\nJogviszony kezdete: 2024\/12\/01<br \/>\nJogviszony v\u00e9ge: 2029\/12\/01<br \/>\nA v\u00e1ltoz\u00e1s id\u0151pontja: 2024\/12\/01<br \/>\nBejegyz\u00e9s kelte: 2024\/12\/20<br \/>\nHat\u00e1lyos: 2024\/12\/01 &#8230;<\/p>\n<p>Alm\u00e1di Krisztina \u00c9va<br \/>\nJogviszony kezdete: 2024\/12\/01<br \/>\nJogviszony v\u00e9ge: 2029\/12\/01<br \/>\nA v\u00e1ltoz\u00e1s id\u0151pontja: 2024\/12\/01<br \/>\nBejegyz\u00e9s kelte: 2024\/12\/20<br \/>\nHat\u00e1lyos: 2024\/12\/01 &#8230;<\/p>\n<p>Jankovich Tibor K\u00e1lm\u00e1n<br \/>\nJogviszony kezdete: 2024\/12\/01<br \/>\nJogviszony v\u00e9ge: 2029\/12\/01<br \/>\nA v\u00e1ltoz\u00e1s id\u0151pontja: 2024\/12\/01<br \/>\nBejegyz\u00e9s kelte: 2024\/12\/20<br \/>\nHat\u00e1lyos: 2024\/12\/01 &#8230;<\/p>\n<p>Papp Zolt\u00e1n<br \/>\nJogviszony kezdete: 2024\/12\/01<br \/>\nJogviszony v\u00e9ge: 2029\/12\/01<br \/>\nA v\u00e1ltoz\u00e1s id\u0151pontja: 2024\/12\/01<br \/>\nBejegyz\u00e9s kelte: 2024\/12\/20<br \/>\nHat\u00e1lyos: 2024\/12\/01 &#8230;<\/p>\n<p>Dr. P\u00e9nzes K\u00e1roly Lajos<br \/>\nJogviszony kezdete: 2024\/12\/01<br \/>\nJogviszony v\u00e9ge: 2029\/12\/01<br \/>\nA v\u00e1ltoz\u00e1s id\u0151pontja: 2024\/12\/01<br \/>\nBejegyz\u00e9s kelte: 2024\/12\/20<br \/>\nHat\u00e1lyos: 2024\/12\/01 &#8230;<\/p>\n<p>S\u0151t\u00e9r D\u00e1vid<br \/>\nJogviszony kezdete: 2024\/12\/01<br \/>\nJogviszony v\u00e9ge: 2029\/12\/01<br \/>\nA v\u00e1ltoz\u00e1s id\u0151pontja: 2024\/12\/01<br \/>\nBejegyz\u00e9s kelte: 2024\/12\/20<br \/>\nHat\u00e1lyos: 2024\/12\/01 &#8230;<\/p>\n<p><a href=\"https:\/\/www.kvzrt.hu\/wp-content\/uploads\/2026\/04\/Kozerdeku-kozzetetel-Kvzrt-2026.03.pdf\">Vezet\u0151k j\u00f6vedelme (2026.04.01.) felt\u00f6ltve: 2026.04.10.<\/a><\/p>\n<p><a href=\"https:\/\/www.kvzrt.hu\/wp-content\/uploads\/2025\/04\/Kozerdeku-kozzetetel-Kvzrt-20250301.pdf\">Vezet\u0151k j\u00f6vedelme (2024.03.01. napt\u00f3l \u00e9rv\u00e9nyes adatok) felt\u00f6ltve: 2025.04.07.<\/a><\/p>\n<p><a href=\"https:\/\/www.kvzrt.hu\/wp-content\/uploads\/2025\/01\/vezjov20241201.pdf\" target=\"_blank\" rel=\"noopener\">Vezet\u0151k j\u00f6vedelme (2024.12.01.-t\u0151l)<\/a><\/p>\n<p><a href=\"https:\/\/www.kvzrt.hu\/wp-content\/uploads\/2024\/01\/vezjov-20240101.pdf\" target=\"_blank\" rel=\"noopener\">Vezet\u0151k j\u00f6vedelme &#8211; 2024. janu\u00e1rt\u00f3l<\/a><\/p>\n<p><a href=\"https:\/\/www.kvzrt.hu\/wp-content\/uploads\/2023\/01\/Vezetok-jovedelmenyek-kimutatasa-2023.-Kobanyai-Vagyonkezelo-Zrt.pdf\" target=\"_blank\" rel=\"noopener\">Vezet\u0151k j\u00f6vedelme &#8211; 2023. janu\u00e1rt\u00f3l<\/a><\/p>\n<p><a href=\"https:\/\/www.kvzrt.hu\/wp-content\/uploads\/2022\/04\/Kobanyai-Vagyonkezelo-Zrt.-Vezetok-jovedelme-2022..pdf\" target=\"_blank\" rel=\"noopener\">Vezet\u0151k j\u00f6vedelme &#8211; 2022. janu\u00e1rt\u00f3l<\/a><\/p>\n<p><a href=\"https:\/\/www.kvzrt.hu\/wp-content\/uploads\/2020\/05\/Vezet\u0151k-j\u00f6vedelme-2020.-febru\u00e1r.pdf\" target=\"_blank\" rel=\"noopener\">Vezet\u0151k j\u00f6vedelme &#8211; 2020. febru\u00e1rt\u00f3l<\/a><\/p>\n<p><a href=\"https:\/\/www.kvzrt.hu\/wp-content\/uploads\/2020\/05\/Vezet\u0151k-j\u00f6vedelme-2020.-janu\u00e1r.pdf\" target=\"_blank\" rel=\"noopener\">Vezet\u0151k j\u00f6vedelme &#8211; 2020. janu\u00e1r<\/a><\/p>\n<p><a href=\"https:\/\/www.kvzrt.hu\/wp-content\/uploads\/2020\/05\/Vezet\u0151k-j\u00f6vedelme-2019.pdf\" target=\"_blank\" rel=\"noopener\">Vezet\u0151k j\u00f6vedelme &#8211; 2019<\/a><\/p>\n<p><a href=\"http:\/\/www.kvzrt.hu\/wp-content\/uploads\/2019\/07\/2018-vezet\u0151k-j\u00f6vedelm\u00e9nek-kimutat\u00e1sa.pdf\" target=\"_blank\" rel=\"noopener\">Vezet\u0151k j\u00f6vedelme &#8211; 2018<\/a><\/p>\n<p><a href=\"http:\/\/www.kvzrt.hu\/wp-content\/uploads\/2017\/08\/vezet\u0151i_j\u00f6vedelmek2017.pdf\">Vezet\u0151k j\u00f6vedelme &#8211; 2017<\/a><\/p>\n<p><a href=\"http:\/\/www.kvzrt.hu\/wp-content\/uploads\/2015\/11\/vjovedelem2014.pdf\">Vezet\u0151k j\u00f6vedelme &#8211; 2014<\/a><\/p>\n<p><a href=\"http:\/\/www.kvzrt.hu\/wp-content\/uploads\/2015\/12\/vjovedelem2013.pdf\">Vezet\u0151k j\u00f6vedelme &#8211; 2013<\/a><\/p>\n<p><a href=\"http:\/\/www.kvzrt.hu\/wp-content\/uploads\/2015\/12\/vjovedelem2012.pdf\">Vezet\u0151k j\u00f6vedelme &#8211; 2012<\/a><\/p>\n<p><a href=\"http:\/\/www.kvzrt.hu\/wp-content\/uploads\/2015\/12\/vjovedelem2011.pdf\">Vezet\u0151k j\u00f6vedelme &#8211; 2011<\/a><\/p>\n<p><a href=\"http:\/\/www.kvzrt.hu\/wp-content\/uploads\/2015\/12\/vjovedelem2010.pdf\">Vezet\u0151k j\u00f6vedelme &#8211; 2010<\/a><\/p>\n<p><a href=\"http:\/\/www.kvzrt.hu\/wp-content\/uploads\/2015\/12\/vjovedelem2009.pdf\">Vezet\u0151k j\u00f6vedelme &#8211; 2009<\/a><\/p>\n<p>18\/2005. (XII. 27.) IHM rendelet 4. \u00a7 alapj\u00e1n:<br \/>\na) a legut\u00f3bbi m\u00f3dos\u00edt\u00e1s ideje: 2026.04.10.<br \/>\nb) ha a k\u00f6zz\u00e9t\u00e9teli egys\u00e9g kor\u00e1bbi \u00e1llapota arch\u00edv \u00e1llom\u00e1nyba ker\u00fclt, az annak el\u00e9r\u00e9s\u00e9t biztos\u00edt\u00f3 hivatkoz\u00e1s: nincs archiv\u00e1lt \u00e1llom\u00e1ny<br \/>\nc) arch\u00edv \u00e1llom\u00e1nyba helyezett k\u00f6zz\u00e9t\u00e9teli egys\u00e9g eset\u00e9n a k\u00fcl\u00f6n jogszab\u00e1lyban foglaltak: nincs archiv\u00e1lt \u00e1llom\u00e1ny<\/p>\n","protected":false},"excerpt":{"rendered":"<p>A fel\u00fcgyel\u0151bizotts\u00e1gi tagok adatai Dr. Elek Tam\u00e1s Mirk\u00f3 (a fel\u00fcgyel\u0151bizotts\u00e1g eln\u00f6ke) Jogviszony kezdete: 2024\/12\/01 Jogviszony v\u00e9ge: 2029\/12\/01 A v\u00e1ltoz\u00e1s id\u0151pontja: 2024\/12\/01 Bejegyz\u00e9s kelte: 2024\/12\/20 Hat\u00e1lyos: 2024\/12\/01 &#8230; Alm\u00e1di Krisztina \u00c9va Jogviszony kezdete: 2024\/12\/01 Jogviszony v\u00e9ge: 2029\/12\/01 A v\u00e1ltoz\u00e1s id\u0151pontja: 2024\/12\/01 Bejegyz\u00e9s kelte: 2024\/12\/20 Hat\u00e1lyos: 2024\/12\/01 &#8230; Jankovich Tibor K\u00e1lm\u00e1n Jogviszony kezdete: 2024\/12\/01 Jogviszony v\u00e9ge: 2029\/12\/01 [&hellip;]<\/p>\n","protected":false},"author":1,"featured_media":0,"parent":56,"menu_order":0,"comment_status":"closed","ping_status":"closed","template":"","meta":{"_monsterinsights_skip_tracking":false,"_monsterinsights_sitenote_active":false,"_monsterinsights_sitenote_note":"","_monsterinsights_sitenote_category":0,"footnotes":""},"class_list":["post-59","page","type-page","status-publish","hentry"],"_links":{"self":[{"href":"https:\/\/www.kvzrt.hu\/index.php?rest_route=\/wp\/v2\/pages\/59","targetHints":{"allow":["GET"]}}],"collection":[{"href":"https:\/\/www.kvzrt.hu\/index.php?rest_route=\/wp\/v2\/pages"}],"about":[{"href":"https:\/\/www.kvzrt.hu\/index.php?rest_route=\/wp\/v2\/types\/page"}],"author":[{"embeddable":true,"href":"https:\/\/www.kvzrt.hu\/index.php?rest_route=\/wp\/v2\/users\/1"}],"replies":[{"embeddable":true,"href":"https:\/\/www.kvzrt.hu\/index.php?rest_route=%2Fwp%2Fv2%2Fcomments&post=59"}],"version-history":[{"count":19,"href":"https:\/\/www.kvzrt.hu\/index.php?rest_route=\/wp\/v2\/pages\/59\/revisions"}],"predecessor-version":[{"id":3142,"href":"https:\/\/www.kvzrt.hu\/index.php?rest_route=\/wp\/v2\/pages\/59\/revisions\/3142"}],"up":[{"embeddable":true,"href":"https:\/\/www.kvzrt.hu\/index.php?rest_route=\/wp\/v2\/pages\/56"}],"wp:attachment":[{"href":"https:\/\/www.kvzrt.hu\/index.php?rest_route=%2Fwp%2Fv2%2Fmedia&parent=59"}],"curies":[{"name":"wp","href":"https:\/\/api.w.org\/{rel}","templated":true}]}}