{"id":56,"date":"2015-11-18T10:42:27","date_gmt":"2015-11-18T09:42:27","guid":{"rendered":"http:\/\/wordpress.kvzrt.dmz\/wordpress\/?page_id=56"},"modified":"2018-06-20T15:16:23","modified_gmt":"2018-06-20T14:16:23","slug":"hirdetmenyek","status":"publish","type":"page","link":"https:\/\/www.kvzrt.hu\/?page_id=56","title":{"rendered":"Hirdetm\u00e9nyek"},"content":{"rendered":"<p style=\"text-align: justify;\"><a href=\"http:\/\/www.kvzrt.hu\/?page_id=10\">K\u00f6zbeszerz\u00e9s<\/a><\/p>\n<p style=\"text-align: justify;\"><a href=\"http:\/\/www.kvzrt.hu\/?page_id=59\">Vezet\u0151i j\u00f6vedelmek<\/a><\/p>\n<p style=\"text-align: justify;\"><a href=\"http:\/\/www.kvzrt.hu\/?page_id=67\">P\u00e1ly\u00e1zati felh\u00edv\u00e1sok<\/a><\/p>\n<p><a href=\"http:\/\/www.kvzrt.hu\/?page_id=1433\">J\u00f6vedelem kimutat\u00e1sok<\/a><\/p>\n","protected":false},"excerpt":{"rendered":"<p>K\u00f6zbeszerz\u00e9s Vezet\u0151i j\u00f6vedelmek P\u00e1ly\u00e1zati felh\u00edv\u00e1sok J\u00f6vedelem kimutat\u00e1sok<\/p>\n","protected":false},"author":1,"featured_media":0,"parent":0,"menu_order":3,"comment_status":"closed","ping_status":"closed","template":"","meta":{"_monsterinsights_skip_tracking":false,"_monsterinsights_sitenote_active":false,"_monsterinsights_sitenote_note":"","_monsterinsights_sitenote_category":0,"footnotes":""},"class_list":["post-56","page","type-page","status-publish","hentry"],"_links":{"self":[{"href":"https:\/\/www.kvzrt.hu\/index.php?rest_route=\/wp\/v2\/pages\/56","targetHints":{"allow":["GET"]}}],"collection":[{"href":"https:\/\/www.kvzrt.hu\/index.php?rest_route=\/wp\/v2\/pages"}],"about":[{"href":"https:\/\/www.kvzrt.hu\/index.php?rest_route=\/wp\/v2\/types\/page"}],"author":[{"embeddable":true,"href":"https:\/\/www.kvzrt.hu\/index.php?rest_route=\/wp\/v2\/users\/1"}],"replies":[{"embeddable":true,"href":"https:\/\/www.kvzrt.hu\/index.php?rest_route=%2Fwp%2Fv2%2Fcomments&post=56"}],"version-history":[{"count":69,"href":"https:\/\/www.kvzrt.hu\/index.php?rest_route=\/wp\/v2\/pages\/56\/revisions"}],"predecessor-version":[{"id":1436,"href":"https:\/\/www.kvzrt.hu\/index.php?rest_route=\/wp\/v2\/pages\/56\/revisions\/1436"}],"wp:attachment":[{"href":"https:\/\/www.kvzrt.hu\/index.php?rest_route=%2Fwp%2Fv2%2Fmedia&parent=56"}],"curies":[{"name":"wp","href":"https:\/\/api.w.org\/{rel}","templated":true}]}}