{"id":52,"date":"2015-11-18T10:38:30","date_gmt":"2015-11-18T09:38:30","guid":{"rendered":"http:\/\/wordpress.kvzrt.dmz\/wordpress\/?page_id=52"},"modified":"2018-03-12T09:27:33","modified_gmt":"2018-03-12T08:27:33","slug":"nyilt-kozbeszerzesi-palyazatok","status":"publish","type":"page","link":"https:\/\/www.kvzrt.hu\/?page_id=52","title":{"rendered":"Ny\u00edlt k\u00f6zbeszerz\u00e9si elj\u00e1r\u00e1sok"},"content":{"rendered":"<h4>K\u0151b\u00e1nyai Sportcentrum &#8211; A M\u00e1zsa t\u00e9ri uszoda \u00e9s multifunkcion\u00e1lis sportcsarnok d\u00f6nt\u00e9sel\u0151k\u00e9sz\u00edt\u0151 dokument\u00e1ci\u00f3ja, \u00e9p\u00edt\u00e9si enged\u00e9lyez\u00e9si tervdokument\u00e1ci\u00f3ja, opci\u00f3k\u00e9nt a kiviteli tervdokument\u00e1ci\u00f3ja<\/h4>\n<h4><\/h4>\n<h4>A p\u00e1ly\u00e1zati anyagok elj\u00e1r\u00e1sonk\u00e9nt regisztr\u00e1ci\u00f3hoz k\u00f6t\u00f6ttek!<\/h4>\n<h4>Ha m\u00e9g nem regisztr\u00e1lt, vegye fel vel\u00fcnk a kapcsolatot <a href=\"http:\/\/www.kvzrt.hu\/?page_id=143\">ITT.<\/a><\/h4>\n<h4>Ha m\u00e1r regisztr\u00e1lt, kattintson az elj\u00e1r\u00e1sra, majd adja meg a jelsz\u00f3t!<\/h4>\n<p>&nbsp;<\/p>\n<p>&nbsp;<\/p>\n","protected":false},"excerpt":{"rendered":"<p>K\u0151b\u00e1nyai Sportcentrum &#8211; A M\u00e1zsa t\u00e9ri uszoda \u00e9s multifunkcion\u00e1lis sportcsarnok d\u00f6nt\u00e9sel\u0151k\u00e9sz\u00edt\u0151 dokument\u00e1ci\u00f3ja, \u00e9p\u00edt\u00e9si enged\u00e9lyez\u00e9si tervdokument\u00e1ci\u00f3ja, opci\u00f3k\u00e9nt a kiviteli tervdokument\u00e1ci\u00f3ja A p\u00e1ly\u00e1zati anyagok elj\u00e1r\u00e1sonk\u00e9nt regisztr\u00e1ci\u00f3hoz k\u00f6t\u00f6ttek! Ha m\u00e9g nem regisztr\u00e1lt, vegye fel vel\u00fcnk a kapcsolatot ITT. Ha m\u00e1r regisztr\u00e1lt, kattintson az elj\u00e1r\u00e1sra, majd adja meg a jelsz\u00f3t! &nbsp; &nbsp;<\/p>\n","protected":false},"author":1,"featured_media":0,"parent":10,"menu_order":0,"comment_status":"closed","ping_status":"closed","template":"","meta":{"_monsterinsights_skip_tracking":false,"_monsterinsights_sitenote_active":false,"_monsterinsights_sitenote_note":"","_monsterinsights_sitenote_category":0,"footnotes":""},"class_list":["post-52","page","type-page","status-publish","hentry"],"_links":{"self":[{"href":"https:\/\/www.kvzrt.hu\/index.php?rest_route=\/wp\/v2\/pages\/52","targetHints":{"allow":["GET"]}}],"collection":[{"href":"https:\/\/www.kvzrt.hu\/index.php?rest_route=\/wp\/v2\/pages"}],"about":[{"href":"https:\/\/www.kvzrt.hu\/index.php?rest_route=\/wp\/v2\/types\/page"}],"author":[{"embeddable":true,"href":"https:\/\/www.kvzrt.hu\/index.php?rest_route=\/wp\/v2\/users\/1"}],"replies":[{"embeddable":true,"href":"https:\/\/www.kvzrt.hu\/index.php?rest_route=%2Fwp%2Fv2%2Fcomments&post=52"}],"version-history":[{"count":42,"href":"https:\/\/www.kvzrt.hu\/index.php?rest_route=\/wp\/v2\/pages\/52\/revisions"}],"predecessor-version":[{"id":1268,"href":"https:\/\/www.kvzrt.hu\/index.php?rest_route=\/wp\/v2\/pages\/52\/revisions\/1268"}],"up":[{"embeddable":true,"href":"https:\/\/www.kvzrt.hu\/index.php?rest_route=\/wp\/v2\/pages\/10"}],"wp:attachment":[{"href":"https:\/\/www.kvzrt.hu\/index.php?rest_route=%2Fwp%2Fv2%2Fmedia&parent=52"}],"curies":[{"name":"wp","href":"https:\/\/api.w.org\/{rel}","templated":true}]}}