{"id":3075,"date":"2025-09-17T08:40:45","date_gmt":"2025-09-17T07:40:45","guid":{"rendered":"https:\/\/www.kvzrt.hu\/?page_id=3075"},"modified":"2026-01-19T14:33:47","modified_gmt":"2026-01-19T13:33:47","slug":"parkolas-albertirsai-ut","status":"publish","type":"page","link":"https:\/\/www.kvzrt.hu\/?page_id=3075","title":{"rendered":"Parkol\u00e1s &#8211; Albertirsai \u00fat"},"content":{"rendered":"\n<p>2025. szeptember\u00e9t\u0151l, a HUNGEXPO Zrt. ter\u00fclet\u00e9n tartand\u00f3 nagyobb rendezv\u00e9nyek alkalm\u00e1val, a rendezv\u00e9ny ideje alatt, a parkol\u00e1s\u00fczemeltet\u00e9si feladatokat c\u00e9g\u00fcnk l\u00e1tja el.<\/p>\n\n\n\n<p><\/p>\n\n\n\n<p><strong>Sz\u00e1mlaig\u00e9nyl\u00e9s:<\/strong><\/p>\n\n\n\n<p>Sz\u00e1mla ig\u00e9ny eset\u00e9n, k\u00e9rj\u00fck, vegye fel vel\u00fcnk a kapcsolatot a kvzrt@kvzrt.hu e-mail c\u00edmen, a parkol\u00e1st k\u00f6vet\u0151 k\u00e9t h\u00e9ten bel\u00fcl! <\/p>\n\n\n\n<p>Level\u00e9ben az al\u00e1bbi adatokat sz\u00fcks\u00e9ges megadni:<\/p>\n\n\n\n<ul class=\"wp-block-list\">\n<li>Sz\u00e1ml\u00e1z\u00e1si n\u00e9v,<\/li>\n\n\n\n<li>Sz\u00e1ml\u00e1z\u00e1si c\u00edm,<\/li>\n\n\n\n<li>Ad\u00f3sz\u00e1m,<\/li>\n\n\n\n<li>Elektronikus, vagy pap\u00edr alap\u00fa sz\u00e1ml\u00e1t k\u00e9r-e,<\/li>\n\n\n\n<li>Amennyiben pap\u00edr alap\u00fa sz\u00e1ml\u00e1t k\u00e9r, k\u00e9j\u00fck adja meg a post\u00e1z\u00e1si c\u00edmet is,<\/li>\n\n\n\n<li>Tov\u00e1bb\u00e1, k\u00e9rj\u00fck, a megkapott nyugta sorsz\u00e1m\u00e1t (k\u00e9p\u00e9t) k\u00fcldje meg sz\u00e1munkra.<\/li>\n<\/ul>\n","protected":false},"excerpt":{"rendered":"<p>2025. szeptember\u00e9t\u0151l, a HUNGEXPO Zrt. ter\u00fclet\u00e9n tartand\u00f3 nagyobb rendezv\u00e9nyek alkalm\u00e1val, a rendezv\u00e9ny ideje alatt, a parkol\u00e1s\u00fczemeltet\u00e9si feladatokat c\u00e9g\u00fcnk l\u00e1tja el. Sz\u00e1mlaig\u00e9nyl\u00e9s: Sz\u00e1mla ig\u00e9ny eset\u00e9n, k\u00e9rj\u00fck, vegye fel vel\u00fcnk a kapcsolatot a kvzrt@kvzrt.hu e-mail c\u00edmen, a parkol\u00e1st k\u00f6vet\u0151 k\u00e9t h\u00e9ten bel\u00fcl! Level\u00e9ben az al\u00e1bbi adatokat sz\u00fcks\u00e9ges megadni:<\/p>\n","protected":false},"author":3,"featured_media":0,"parent":0,"menu_order":0,"comment_status":"closed","ping_status":"closed","template":"","meta":{"_monsterinsights_skip_tracking":false,"_monsterinsights_sitenote_active":false,"_monsterinsights_sitenote_note":"","_monsterinsights_sitenote_category":0,"footnotes":""},"class_list":["post-3075","page","type-page","status-publish","hentry"],"_links":{"self":[{"href":"https:\/\/www.kvzrt.hu\/index.php?rest_route=\/wp\/v2\/pages\/3075","targetHints":{"allow":["GET"]}}],"collection":[{"href":"https:\/\/www.kvzrt.hu\/index.php?rest_route=\/wp\/v2\/pages"}],"about":[{"href":"https:\/\/www.kvzrt.hu\/index.php?rest_route=\/wp\/v2\/types\/page"}],"author":[{"embeddable":true,"href":"https:\/\/www.kvzrt.hu\/index.php?rest_route=\/wp\/v2\/users\/3"}],"replies":[{"embeddable":true,"href":"https:\/\/www.kvzrt.hu\/index.php?rest_route=%2Fwp%2Fv2%2Fcomments&post=3075"}],"version-history":[{"count":4,"href":"https:\/\/www.kvzrt.hu\/index.php?rest_route=\/wp\/v2\/pages\/3075\/revisions"}],"predecessor-version":[{"id":3116,"href":"https:\/\/www.kvzrt.hu\/index.php?rest_route=\/wp\/v2\/pages\/3075\/revisions\/3116"}],"wp:attachment":[{"href":"https:\/\/www.kvzrt.hu\/index.php?rest_route=%2Fwp%2Fv2%2Fmedia&parent=3075"}],"curies":[{"name":"wp","href":"https:\/\/api.w.org\/{rel}","templated":true}]}}