{"id":2995,"date":"2025-04-10T11:25:52","date_gmt":"2025-04-10T10:25:52","guid":{"rendered":"https:\/\/www.kvzrt.hu\/?page_id=2995"},"modified":"2025-04-10T11:25:52","modified_gmt":"2025-04-10T10:25:52","slug":"cimellenor","status":"publish","type":"page","link":"https:\/\/www.kvzrt.hu\/?page_id=2995","title":{"rendered":"C\u00edmellen\u0151r"},"content":{"rendered":"\n<p>\u00daj munkat\u00e1rsat keres\u00fcnk a K\u0151b\u00e1nyai Vagyonkezel\u0151 Zrt. Kezel\u00e9si igazgat\u00f3s\u00e1g csapat\u00e1ba, C\u00cdMELLEN\u0150RI poz\u00edci\u00f3ba.<\/p>\n\n\n\n<p>A munkak\u00f6r c\u00e9lja: Az \u00f6nkorm\u00e1nyzati tulajdon\u00fa \u00fcres ingatlanok ellen\u0151rz\u00e9se.<\/p>\n\n\n\n<p>F\u0151 feladatok:<\/p>\n\n\n\n<ul class=\"wp-block-list\">\n<li>\u00dcres lak\u00e1s-, \u00e9s helyis\u00e9gb\u00e9rlem\u00e9nyek \u00e9ves c\u00edmellen\u0151rz\u00e9si \u00fctemterv\u00e9nek elk\u00e9sz\u00edt\u00e9se<\/li>\n\n\n\n<li>\u00dcres lak\u00e1s-, \u00e9s helyis\u00e9gb\u00e9rlem\u00e9nyek \u00e9ves c\u00edmellen\u0151rz\u00e9s\u00e9nek hat\u00e1rid\u0151re t\u00f6rt\u00e9n\u0151 teljes k\u00f6r\u0171 teljes\u00edt\u00e9se<\/li>\n\n\n\n<li>Rendk\u00edv\u00fcli c\u00edmellen\u0151rz\u00e9sek v\u00e9grehajt\u00e1sa<\/li>\n\n\n\n<li>\u00dcres ingatlanok k\u00f6zm\u0171\u00f3r\u00e1inak leolvas\u00e1sa<\/li>\n\n\n\n<li>Egy\u00e9b ingatlanok ellen\u0151rz\u00e9se<\/li>\n\n\n\n<li>Helysz\u00edni bej\u00e1r\u00e1sok teljes\u00edt\u00e9se<\/li>\n\n\n\n<li>Ut\u00f3ellen\u0151rz\u00e9sek \u00fctemez\u00e9se \u00e9s teljes\u00edt\u00e9se<\/li>\n\n\n\n<li>C\u00edmellen\u0151rz\u00e9si nyilv\u00e1ntart\u00e1s vezet\u00e9se, jelent\u00e9s k\u00e9sz\u00edt\u00e9s, adatszolg\u00e1ltat\u00e1s, levelez\u00e9s<\/li>\n<\/ul>\n\n\n\n<p>Az \u00e1ll\u00e1s bet\u00f6lt\u00e9s\u00e9vel kapcsolatos elv\u00e1r\u00e1sok:<\/p>\n\n\n\n<ul class=\"wp-block-list\">\n<li>K\u00f6z\u00e9pfok\u00fa iskolai v\u00e9gzetts\u00e9g<\/li>\n\n\n\n<li>\u00c9rv\u00e9nyes \u201eB\u201d kateg\u00f3ri\u00e1s g\u00e9pj\u00e1rm\u0171vezet\u0151i enged\u00e9ly<\/li>\n\n\n\n<li>Felhaszn\u00e1l\u00f3i szint\u0171 sz\u00e1m\u00edt\u00e1stechnikai ismeretek<\/li>\n\n\n\n<li>J\u00f3 kommunik\u00e1ci\u00f3s \u00e9s probl\u00e9mamegold\u00f3 k\u00e9pess\u00e9g<\/li>\n\n\n\n<li>\u00d6n\u00e1ll\u00f3s\u00e1g, precizit\u00e1s, pontoss\u00e1g, megb\u00edzhat\u00f3s\u00e1g<\/li>\n\n\n\n<li>Csapatmunk\u00e1ra val\u00f3 hajland\u00f3s\u00e1g<\/li>\n\n\n\n<li>Terhelhet\u0151s\u00e9g<\/li>\n<\/ul>\n\n\n\n<p>El\u0151nyt jelent:<\/p>\n\n\n\n<ul class=\"wp-block-list\">\n<li>Hasonl\u00f3 munkak\u00f6rben bet\u00f6lt\u00f6tt poz\u00edci\u00f3<\/li>\n\n\n\n<li>M\u0171szaki ir\u00e1ny\u00fa v\u00e9gzetts\u00e9g<\/li>\n<\/ul>\n\n\n\n<p>Amit k\u00edn\u00e1lunk:<\/p>\n\n\n\n<ul class=\"wp-block-list\">\n<li>Megfelel\u0151 munkak\u00f6r\u00fclm\u00e9nyek<\/li>\n\n\n\n<li>Korrekt b\u00e9r \u00e9s b\u00e9ren k\u00edv\u00fcli juttat\u00e1sok<\/li>\n<\/ul>\n\n\n\n<p>Foglalkoztat\u00e1s jellege:<\/p>\n\n\n\n<ul class=\"wp-block-list\">\n<li>Hat\u00e1rozatlan idej\u0171 munkaszerz\u0151d\u00e9s, heti 40 \u00f3r\u00e1s munkaid\u0151ben<\/li>\n<\/ul>\n\n\n\n<p>A munkav\u00e9gz\u00e9s helye:<\/p>\n\n\n\n<ul class=\"wp-block-list\">\n<li>Budapest, X. ker\u00fclet, tov\u00e1bb\u00e1 ker\u00fcleten k\u00edv\u00fcl l\u00e9v\u0151 ingatlanok elhelyezked\u00e9se szerint<\/li>\n<\/ul>\n\n\n\n<p>A munkak\u00f6r bet\u00f6lt\u00e9s\u00e9nek lehets\u00e9ges id\u0151pontja:<\/p>\n\n\n\n<ul class=\"wp-block-list\">\n<li>Azonnal<\/li>\n<\/ul>\n\n\n\n<p>Jelentkez\u00e9shez sz\u00fcks\u00e9ges:<\/p>\n\n\n\n<ul class=\"wp-block-list\">\n<li>Magyar nyelv\u0171 f\u00e9nyk\u00e9pes szakmai \u00f6n\u00e9letrajz, motiv\u00e1ci\u00f3s lev\u00e9l<\/li>\n\n\n\n<li>V\u00e9gzetts\u00e9get igazol\u00f3 okiratok m\u00e1solat<\/li>\n<\/ul>\n\n\n\n<p>\u201eC\u00edmellen\u0151r\u201d jelig\u00e9re az allas@kvzrt.hu c\u00edmre.<\/p>\n","protected":false},"excerpt":{"rendered":"<p>\u00daj munkat\u00e1rsat keres\u00fcnk a K\u0151b\u00e1nyai Vagyonkezel\u0151 Zrt. Kezel\u00e9si igazgat\u00f3s\u00e1g csapat\u00e1ba, C\u00cdMELLEN\u0150RI poz\u00edci\u00f3ba. A munkak\u00f6r c\u00e9lja: Az \u00f6nkorm\u00e1nyzati tulajdon\u00fa \u00fcres ingatlanok ellen\u0151rz\u00e9se. F\u0151 feladatok: Az \u00e1ll\u00e1s bet\u00f6lt\u00e9s\u00e9vel kapcsolatos elv\u00e1r\u00e1sok: El\u0151nyt jelent: Amit k\u00edn\u00e1lunk: Foglalkoztat\u00e1s jellege: A munkav\u00e9gz\u00e9s helye: A munkak\u00f6r bet\u00f6lt\u00e9s\u00e9nek lehets\u00e9ges id\u0151pontja: Jelentkez\u00e9shez sz\u00fcks\u00e9ges: \u201eC\u00edmellen\u0151r\u201d jelig\u00e9re az allas@kvzrt.hu c\u00edmre.<\/p>\n","protected":false},"author":3,"featured_media":0,"parent":1229,"menu_order":0,"comment_status":"closed","ping_status":"closed","template":"","meta":{"_monsterinsights_skip_tracking":false,"_monsterinsights_sitenote_active":false,"_monsterinsights_sitenote_note":"","_monsterinsights_sitenote_category":0,"footnotes":""},"class_list":["post-2995","page","type-page","status-publish","hentry"],"_links":{"self":[{"href":"https:\/\/www.kvzrt.hu\/index.php?rest_route=\/wp\/v2\/pages\/2995","targetHints":{"allow":["GET"]}}],"collection":[{"href":"https:\/\/www.kvzrt.hu\/index.php?rest_route=\/wp\/v2\/pages"}],"about":[{"href":"https:\/\/www.kvzrt.hu\/index.php?rest_route=\/wp\/v2\/types\/page"}],"author":[{"embeddable":true,"href":"https:\/\/www.kvzrt.hu\/index.php?rest_route=\/wp\/v2\/users\/3"}],"replies":[{"embeddable":true,"href":"https:\/\/www.kvzrt.hu\/index.php?rest_route=%2Fwp%2Fv2%2Fcomments&post=2995"}],"version-history":[{"count":1,"href":"https:\/\/www.kvzrt.hu\/index.php?rest_route=\/wp\/v2\/pages\/2995\/revisions"}],"predecessor-version":[{"id":2996,"href":"https:\/\/www.kvzrt.hu\/index.php?rest_route=\/wp\/v2\/pages\/2995\/revisions\/2996"}],"up":[{"embeddable":true,"href":"https:\/\/www.kvzrt.hu\/index.php?rest_route=\/wp\/v2\/pages\/1229"}],"wp:attachment":[{"href":"https:\/\/www.kvzrt.hu\/index.php?rest_route=%2Fwp%2Fv2%2Fmedia&parent=2995"}],"curies":[{"name":"wp","href":"https:\/\/api.w.org\/{rel}","templated":true}]}}