{"id":2934,"date":"2025-01-10T09:31:19","date_gmt":"2025-01-10T08:31:19","guid":{"rendered":"https:\/\/www.kvzrt.hu\/?page_id=2934"},"modified":"2025-01-10T09:31:20","modified_gmt":"2025-01-10T08:31:20","slug":"belso-visszaeles-bejelento-rendszer","status":"publish","type":"page","link":"https:\/\/www.kvzrt.hu\/?page_id=2934","title":{"rendered":"Bels\u0151 vissza\u00e9l\u00e9s bejelent\u0151 rendszer"},"content":{"rendered":"\n<p>Let\u00f6lthet\u0151: <a href=\"https:\/\/www.kvzrt.hu\/wp-content\/uploads\/2025\/01\/Belso_visszaeles-bejelentesi_Szabalyzat-1-20240215.pdf\">https:\/\/www.kvzrt.hu\/wp-content\/uploads\/2025\/01\/Belso_visszaeles-bejelentesi_Szabalyzat-1-20240215.pdf<\/a><\/p>\n","protected":false},"excerpt":{"rendered":"<p>Let\u00f6lthet\u0151: https:\/\/www.kvzrt.hu\/wp-content\/uploads\/2025\/01\/Belso_visszaeles-bejelentesi_Szabalyzat-1-20240215.pdf<\/p>\n","protected":false},"author":3,"featured_media":0,"parent":1220,"menu_order":1,"comment_status":"closed","ping_status":"closed","template":"","meta":{"_monsterinsights_skip_tracking":false,"_monsterinsights_sitenote_active":false,"_monsterinsights_sitenote_note":"","_monsterinsights_sitenote_category":0,"footnotes":""},"class_list":["post-2934","page","type-page","status-publish","hentry"],"_links":{"self":[{"href":"https:\/\/www.kvzrt.hu\/index.php?rest_route=\/wp\/v2\/pages\/2934","targetHints":{"allow":["GET"]}}],"collection":[{"href":"https:\/\/www.kvzrt.hu\/index.php?rest_route=\/wp\/v2\/pages"}],"about":[{"href":"https:\/\/www.kvzrt.hu\/index.php?rest_route=\/wp\/v2\/types\/page"}],"author":[{"embeddable":true,"href":"https:\/\/www.kvzrt.hu\/index.php?rest_route=\/wp\/v2\/users\/3"}],"replies":[{"embeddable":true,"href":"https:\/\/www.kvzrt.hu\/index.php?rest_route=%2Fwp%2Fv2%2Fcomments&post=2934"}],"version-history":[{"count":1,"href":"https:\/\/www.kvzrt.hu\/index.php?rest_route=\/wp\/v2\/pages\/2934\/revisions"}],"predecessor-version":[{"id":2935,"href":"https:\/\/www.kvzrt.hu\/index.php?rest_route=\/wp\/v2\/pages\/2934\/revisions\/2935"}],"up":[{"embeddable":true,"href":"https:\/\/www.kvzrt.hu\/index.php?rest_route=\/wp\/v2\/pages\/1220"}],"wp:attachment":[{"href":"https:\/\/www.kvzrt.hu\/index.php?rest_route=%2Fwp%2Fv2%2Fmedia&parent=2934"}],"curies":[{"name":"wp","href":"https:\/\/api.w.org\/{rel}","templated":true}]}}