{"id":2882,"date":"2024-08-29T09:27:13","date_gmt":"2024-08-29T08:27:13","guid":{"rendered":"https:\/\/www.kvzrt.hu\/?page_id=2882"},"modified":"2024-08-29T09:27:13","modified_gmt":"2024-08-29T08:27:13","slug":"iii-08","status":"publish","type":"page","link":"https:\/\/www.kvzrt.hu\/?page_id=2882","title":{"rendered":"III.08."},"content":{"rendered":"\n<figure class=\"wp-block-table\"><table><tbody><tr><td><strong>III.8.<\/strong><\/td><td><strong>K\u00f6zbeszerz\u00e9si inform\u00e1ci\u00f3k (\u00e9ves terv, \u00f6sszegz\u00e9s az aj\u00e1nlatok elb\u00edr\u00e1l\u00e1s\u00e1r\u00f3l, a megk\u00f6t\u00f6tt szerz\u0151d\u00e9sekr\u0151l)<\/strong><\/td><\/tr><tr><td><\/td><td>K\u00f6zbeszerz\u00e9sekkel kapcsolatos <a href=\"https:\/\/www.kvzrt.hu\/?page_id=10\">hirdetm\u00e9nyeink&gt;<\/a><br>Minden m\u00e1s, k\u00f6zbeszerz\u00e9ssel kapcsolatos inform\u00e1ci\u00f3nk el\u00e9rhet\u0151 a <a href=\"https:\/\/www.kozbeszerzes.hu\/adatbazis\/keres\/hirdetmeny\/\">www.kozbeszerzes.hu<\/a> weboldalon.<\/td><\/tr><\/tbody><\/table><\/figure>\n","protected":false},"excerpt":{"rendered":"<p>III.8. K\u00f6zbeszerz\u00e9si inform\u00e1ci\u00f3k (\u00e9ves terv, \u00f6sszegz\u00e9s az aj\u00e1nlatok elb\u00edr\u00e1l\u00e1s\u00e1r\u00f3l, a megk\u00f6t\u00f6tt szerz\u0151d\u00e9sekr\u0151l) K\u00f6zbeszerz\u00e9sekkel kapcsolatos hirdetm\u00e9nyeink&gt;Minden m\u00e1s, k\u00f6zbeszerz\u00e9ssel kapcsolatos inform\u00e1ci\u00f3nk el\u00e9rhet\u0151 a www.kozbeszerzes.hu weboldalon.<\/p>\n","protected":false},"author":3,"featured_media":0,"parent":1220,"menu_order":0,"comment_status":"closed","ping_status":"closed","template":"","meta":{"_monsterinsights_skip_tracking":false,"_monsterinsights_sitenote_active":false,"_monsterinsights_sitenote_note":"","_monsterinsights_sitenote_category":0,"footnotes":""},"class_list":["post-2882","page","type-page","status-publish","hentry"],"_links":{"self":[{"href":"https:\/\/www.kvzrt.hu\/index.php?rest_route=\/wp\/v2\/pages\/2882","targetHints":{"allow":["GET"]}}],"collection":[{"href":"https:\/\/www.kvzrt.hu\/index.php?rest_route=\/wp\/v2\/pages"}],"about":[{"href":"https:\/\/www.kvzrt.hu\/index.php?rest_route=\/wp\/v2\/types\/page"}],"author":[{"embeddable":true,"href":"https:\/\/www.kvzrt.hu\/index.php?rest_route=\/wp\/v2\/users\/3"}],"replies":[{"embeddable":true,"href":"https:\/\/www.kvzrt.hu\/index.php?rest_route=%2Fwp%2Fv2%2Fcomments&post=2882"}],"version-history":[{"count":2,"href":"https:\/\/www.kvzrt.hu\/index.php?rest_route=\/wp\/v2\/pages\/2882\/revisions"}],"predecessor-version":[{"id":2884,"href":"https:\/\/www.kvzrt.hu\/index.php?rest_route=\/wp\/v2\/pages\/2882\/revisions\/2884"}],"up":[{"embeddable":true,"href":"https:\/\/www.kvzrt.hu\/index.php?rest_route=\/wp\/v2\/pages\/1220"}],"wp:attachment":[{"href":"https:\/\/www.kvzrt.hu\/index.php?rest_route=%2Fwp%2Fv2%2Fmedia&parent=2882"}],"curies":[{"name":"wp","href":"https:\/\/api.w.org\/{rel}","templated":true}]}}