{"id":2880,"date":"2024-08-29T09:26:29","date_gmt":"2024-08-29T08:26:29","guid":{"rendered":"https:\/\/www.kvzrt.hu\/?page_id=2880"},"modified":"2024-08-29T09:26:31","modified_gmt":"2024-08-29T08:26:31","slug":"iii-05-iii-07","status":"publish","type":"page","link":"https:\/\/www.kvzrt.hu\/?page_id=2880","title":{"rendered":"III.05-III.07."},"content":{"rendered":"\n<figure class=\"wp-block-table\"><table><tbody><tr><td><strong>III.5.<\/strong><\/td><td><strong>A koncesszi\u00f3r\u00f3l sz\u00f3l\u00f3 t\u00f6rv\u00e9nyben meghat\u00e1rozott nyilv\u00e1nos adatok (p\u00e1ly\u00e1zati ki\u00edr\u00e1sok, p\u00e1ly\u00e1z\u00f3k adatai, az elb\u00edr\u00e1l\u00e1sr\u00f3l k\u00e9sz\u00edtett eml\u00e9keztet\u0151k, p\u00e1ly\u00e1zat eredm\u00e9nye)<\/strong><\/td><\/tr><tr><td><\/td><td>T\u00e1rsas\u00e1gunkra vonatkoz\u00f3an nem relev\u00e1ns.<\/td><\/tr><tr><td><strong>III.6.<\/strong><\/td><td><strong>A k\u00f6zfeladatot ell\u00e1t\u00f3 szerv \u00e1ltal nem alapfeladatai ell\u00e1t\u00e1s\u00e1ra (\u00edgy k\u00fcl\u00f6n\u00f6sen egyes\u00fclet t\u00e1mogat\u00e1s\u00e1ra, foglalkoztatottai szakmai \u00e9s munkav\u00e1llal\u00f3i \u00e9rdek-k\u00e9pviseleti szervei sz\u00e1m\u00e1ra, foglalkoztatottjai, ell\u00e1tottjai oktat\u00e1si, kultur\u00e1lis, szoci\u00e1lis \u00e9s sporttev\u00e9kenys\u00e9get seg\u00edt\u0151 szervezet t\u00e1mogat\u00e1s\u00e1ra, alap\u00edtv\u00e1nyok \u00e1ltal ell\u00e1tott feladatokkal \u00f6sszef\u00fcgg\u0151 kifizet\u00e9sre) ford\u00edtott, \u00f6tmilli\u00f3 forintot meghalad\u00f3 kifizet\u00e9sek<\/strong><\/td><\/tr><tr><td><\/td><td>T\u00e1rsas\u00e1gunkra vonatkoz\u00f3an nem relev\u00e1ns.<\/td><\/tr><tr><td><strong>III.7.<\/strong><\/td><td><strong>Az Eur\u00f3pai Uni\u00f3 t\u00e1mogat\u00e1s\u00e1val megval\u00f3sul\u00f3 fejleszt\u00e9sek le\u00edr\u00e1sa, az azokra vonatkoz\u00f3 szerz\u0151d\u00e9sek<\/strong><\/td><\/tr><tr><td><\/td><td>T\u00e1rsas\u00e1gunkra vonatkoz\u00f3an nem relev\u00e1ns.<\/td><\/tr><\/tbody><\/table><\/figure>\n","protected":false},"excerpt":{"rendered":"<p>III.5. A koncesszi\u00f3r\u00f3l sz\u00f3l\u00f3 t\u00f6rv\u00e9nyben meghat\u00e1rozott nyilv\u00e1nos adatok (p\u00e1ly\u00e1zati ki\u00edr\u00e1sok, p\u00e1ly\u00e1z\u00f3k adatai, az elb\u00edr\u00e1l\u00e1sr\u00f3l k\u00e9sz\u00edtett eml\u00e9keztet\u0151k, p\u00e1ly\u00e1zat eredm\u00e9nye) T\u00e1rsas\u00e1gunkra vonatkoz\u00f3an nem relev\u00e1ns. III.6. A k\u00f6zfeladatot ell\u00e1t\u00f3 szerv \u00e1ltal nem alapfeladatai ell\u00e1t\u00e1s\u00e1ra (\u00edgy k\u00fcl\u00f6n\u00f6sen egyes\u00fclet t\u00e1mogat\u00e1s\u00e1ra, foglalkoztatottai szakmai \u00e9s munkav\u00e1llal\u00f3i \u00e9rdek-k\u00e9pviseleti szervei sz\u00e1m\u00e1ra, foglalkoztatottjai, ell\u00e1tottjai oktat\u00e1si, kultur\u00e1lis, szoci\u00e1lis \u00e9s sporttev\u00e9kenys\u00e9get seg\u00edt\u0151 szervezet t\u00e1mogat\u00e1s\u00e1ra, alap\u00edtv\u00e1nyok \u00e1ltal ell\u00e1tott [&hellip;]<\/p>\n","protected":false},"author":3,"featured_media":0,"parent":1220,"menu_order":0,"comment_status":"closed","ping_status":"closed","template":"","meta":{"_monsterinsights_skip_tracking":false,"_monsterinsights_sitenote_active":false,"_monsterinsights_sitenote_note":"","_monsterinsights_sitenote_category":0,"footnotes":""},"class_list":["post-2880","page","type-page","status-publish","hentry"],"_links":{"self":[{"href":"https:\/\/www.kvzrt.hu\/index.php?rest_route=\/wp\/v2\/pages\/2880","targetHints":{"allow":["GET"]}}],"collection":[{"href":"https:\/\/www.kvzrt.hu\/index.php?rest_route=\/wp\/v2\/pages"}],"about":[{"href":"https:\/\/www.kvzrt.hu\/index.php?rest_route=\/wp\/v2\/types\/page"}],"author":[{"embeddable":true,"href":"https:\/\/www.kvzrt.hu\/index.php?rest_route=\/wp\/v2\/users\/3"}],"replies":[{"embeddable":true,"href":"https:\/\/www.kvzrt.hu\/index.php?rest_route=%2Fwp%2Fv2%2Fcomments&post=2880"}],"version-history":[{"count":1,"href":"https:\/\/www.kvzrt.hu\/index.php?rest_route=\/wp\/v2\/pages\/2880\/revisions"}],"predecessor-version":[{"id":2881,"href":"https:\/\/www.kvzrt.hu\/index.php?rest_route=\/wp\/v2\/pages\/2880\/revisions\/2881"}],"up":[{"embeddable":true,"href":"https:\/\/www.kvzrt.hu\/index.php?rest_route=\/wp\/v2\/pages\/1220"}],"wp:attachment":[{"href":"https:\/\/www.kvzrt.hu\/index.php?rest_route=%2Fwp%2Fv2%2Fmedia&parent=2880"}],"curies":[{"name":"wp","href":"https:\/\/api.w.org\/{rel}","templated":true}]}}