{"id":2876,"date":"2024-08-29T09:24:54","date_gmt":"2024-08-29T08:24:54","guid":{"rendered":"https:\/\/www.kvzrt.hu\/?page_id=2876"},"modified":"2024-08-29T09:24:55","modified_gmt":"2024-08-29T08:24:55","slug":"iii-03","status":"publish","type":"page","link":"https:\/\/www.kvzrt.hu\/?page_id=2876","title":{"rendered":"III.03."},"content":{"rendered":"\n<figure class=\"wp-block-table\"><table><tbody><tr><td><strong>III.3.<\/strong><\/td><td><strong>A k\u00f6zfeladatot ell\u00e1t\u00f3 szerv \u00e1ltal ny\u00fajtott, az \u00e1llamh\u00e1ztart\u00e1sr\u00f3l sz\u00f3l\u00f3 t\u00f6rv\u00e9ny szerinti k\u00f6lts\u00e9gvet\u00e9si t\u00e1mogat\u00e1sok kedvezm\u00e9nyezettjeinek nev\u00e9re, a t\u00e1mogat\u00e1s c\u00e9lj\u00e1ra, \u00f6sszeg\u00e9re, tov\u00e1bb\u00e1 a t\u00e1mogat\u00e1si program megval\u00f3s\u00edt\u00e1si hely\u00e9re vonatkoz\u00f3 adatok, kiv\u00e9ve, ha a k\u00f6zz\u00e9t\u00e9tel el\u0151tt a k\u00f6lts\u00e9gvet\u00e9si t\u00e1mogat\u00e1st visszavonj\u00e1k vagy arr\u00f3l a kedvezm\u00e9nyezett lemond<\/strong><\/td><\/tr><tr><td><\/td><td>T\u00e1rsas\u00e1gunkra vonatkoz\u00f3an nem relev\u00e1ns.<\/td><\/tr><\/tbody><\/table><\/figure>\n","protected":false},"excerpt":{"rendered":"<p>III.3. A k\u00f6zfeladatot ell\u00e1t\u00f3 szerv \u00e1ltal ny\u00fajtott, az \u00e1llamh\u00e1ztart\u00e1sr\u00f3l sz\u00f3l\u00f3 t\u00f6rv\u00e9ny szerinti k\u00f6lts\u00e9gvet\u00e9si t\u00e1mogat\u00e1sok kedvezm\u00e9nyezettjeinek nev\u00e9re, a t\u00e1mogat\u00e1s c\u00e9lj\u00e1ra, \u00f6sszeg\u00e9re, tov\u00e1bb\u00e1 a t\u00e1mogat\u00e1si program megval\u00f3s\u00edt\u00e1si hely\u00e9re vonatkoz\u00f3 adatok, kiv\u00e9ve, ha a k\u00f6zz\u00e9t\u00e9tel el\u0151tt a k\u00f6lts\u00e9gvet\u00e9si t\u00e1mogat\u00e1st visszavonj\u00e1k vagy arr\u00f3l a kedvezm\u00e9nyezett lemond T\u00e1rsas\u00e1gunkra vonatkoz\u00f3an nem relev\u00e1ns.<\/p>\n","protected":false},"author":3,"featured_media":0,"parent":1220,"menu_order":0,"comment_status":"closed","ping_status":"closed","template":"","meta":{"_monsterinsights_skip_tracking":false,"_monsterinsights_sitenote_active":false,"_monsterinsights_sitenote_note":"","_monsterinsights_sitenote_category":0,"footnotes":""},"class_list":["post-2876","page","type-page","status-publish","hentry"],"_links":{"self":[{"href":"https:\/\/www.kvzrt.hu\/index.php?rest_route=\/wp\/v2\/pages\/2876","targetHints":{"allow":["GET"]}}],"collection":[{"href":"https:\/\/www.kvzrt.hu\/index.php?rest_route=\/wp\/v2\/pages"}],"about":[{"href":"https:\/\/www.kvzrt.hu\/index.php?rest_route=\/wp\/v2\/types\/page"}],"author":[{"embeddable":true,"href":"https:\/\/www.kvzrt.hu\/index.php?rest_route=\/wp\/v2\/users\/3"}],"replies":[{"embeddable":true,"href":"https:\/\/www.kvzrt.hu\/index.php?rest_route=%2Fwp%2Fv2%2Fcomments&post=2876"}],"version-history":[{"count":1,"href":"https:\/\/www.kvzrt.hu\/index.php?rest_route=\/wp\/v2\/pages\/2876\/revisions"}],"predecessor-version":[{"id":2877,"href":"https:\/\/www.kvzrt.hu\/index.php?rest_route=\/wp\/v2\/pages\/2876\/revisions\/2877"}],"up":[{"embeddable":true,"href":"https:\/\/www.kvzrt.hu\/index.php?rest_route=\/wp\/v2\/pages\/1220"}],"wp:attachment":[{"href":"https:\/\/www.kvzrt.hu\/index.php?rest_route=%2Fwp%2Fv2%2Fmedia&parent=2876"}],"curies":[{"name":"wp","href":"https:\/\/api.w.org\/{rel}","templated":true}]}}