{"id":2869,"date":"2024-08-29T09:20:49","date_gmt":"2024-08-29T08:20:49","guid":{"rendered":"https:\/\/www.kvzrt.hu\/?page_id=2869"},"modified":"2024-08-29T09:20:50","modified_gmt":"2024-08-29T08:20:50","slug":"ii-19-ii-25","status":"publish","type":"page","link":"https:\/\/www.kvzrt.hu\/?page_id=2869","title":{"rendered":"II.19-II.25."},"content":{"rendered":"\n<figure class=\"wp-block-table\"><table><tbody><tr><td><strong>II.19.<\/strong><\/td><td><strong>A k\u00f6zfeladatot ell\u00e1t\u00f3 szerv kezel\u00e9s\u00e9ben lev\u0151, a k\u00f6zadatok \u00fajrahasznos\u00edt\u00e1s\u00e1r\u00f3l sz\u00f3l\u00f3 t\u00f6rv\u00e9ny szerint \u00fajrahasznos\u00edt\u00e1s c\u00e9lj\u00e1ra el\u00e9rhet\u0151 k\u00f6zadatok list\u00e1ja, valamint azok rendelkez\u00e9sre \u00e1ll\u00f3 form\u00e1tuma<\/strong><\/td><\/tr><tr><td><\/td><td>T\u00e1rsas\u00e1gunkra vonatkoz\u00f3an nem relev\u00e1ns.<\/td><\/tr><tr><td><strong>II.20.<\/strong><\/td><td><strong>A 19. sor szerinti k\u00f6zadatok \u00fajrahasznos\u00edt\u00e1s\u00e1ra vonatkoz\u00f3 \u00e1ltal\u00e1nos szerz\u0151d\u00e9si felt\u00e9telek elektronikusan szerkeszthet\u0151 v\u00e1ltozata<\/strong><\/td><\/tr><tr><td><\/td><td>T\u00e1rsas\u00e1gunkra vonatkoz\u00f3an nem relev\u00e1ns.<\/td><\/tr><tr><td><strong>II.21.<\/strong><\/td><td><strong>A 19. sor szerinti k\u00f6zadatok \u00fajrahasznos\u00edt\u00e1s c\u00e9lj\u00e1b\u00f3l t\u00f6rt\u00e9n\u0151 rendelkez\u00e9sre bocs\u00e1t\u00e1s\u00e9rt fizetend\u0151 d\u00edjak \u00e1ltal\u00e1nos jegyz\u00e9ke<\/strong><\/td><\/tr><tr><td><\/td><td>T\u00e1rsas\u00e1gunkra vonatkoz\u00f3an nem relev\u00e1ns.<\/td><\/tr><tr><td><strong>II.22.<\/strong><\/td><td><strong>A k\u00f6zadatok \u00fajrahasznos\u00edt\u00e1s\u00e1r\u00f3l sz\u00f3l\u00f3 t\u00f6rv\u00e9ny szerinti jogorvoslati t\u00e1j\u00e9koztat\u00e1s<\/strong><\/td><\/tr><tr><td><\/td><td>T\u00e1rsas\u00e1gunkra vonatkoz\u00f3an nem relev\u00e1ns.<\/td><\/tr><tr><td><strong>II.23.<\/strong><\/td><td><strong>A k\u00f6zfeladatot ell\u00e1t\u00f3 szerv \u00e1ltal megk\u00f6t\u00f6tt, a k\u00f6zadatok \u00fajrahasznos\u00edt\u00e1s\u00e1r\u00f3l sz\u00f3l\u00f3 t\u00f6rv\u00e9ny szerint k\u00f6t\u00f6tt kiz\u00e1r\u00f3lagos jogot biztos\u00edt\u00f3 meg\u00e1llapod\u00e1sok szerz\u0151d\u0151 feleinek megjel\u00f6l\u00e9se, a kiz\u00e1r\u00f3lagoss\u00e1g id\u0151tartam\u00e1nak, t\u00e1rgy\u00e1nak, valamint a meg\u00e1llapod\u00e1s egy\u00e9b l\u00e9nyeges elemeinek megjel\u00f6l\u00e9se<\/strong><\/td><\/tr><tr><td><\/td><td>T\u00e1rsas\u00e1gunkra vonatkoz\u00f3an nem relev\u00e1ns.<\/td><\/tr><\/tbody><\/table><\/figure>\n\n\n\n<figure class=\"wp-block-table\"><table><tbody><tr><td><strong>II.24.<\/strong><\/td><td><strong>A k\u00f6zfeladatot ell\u00e1t\u00f3 szerv \u00e1ltal k\u00f6t\u00f6tt, a k\u00f6zadatok \u00fajrahasznos\u00edt\u00e1s\u00e1r\u00f3l sz\u00f3l\u00f3 t\u00f6rv\u00e9ny szerint a kultur\u00e1lis k\u00f6zadatok digitaliz\u00e1l\u00e1s\u00e1ra kiz\u00e1r\u00f3lagos jogot biztos\u00edt\u00f3 meg\u00e1llapod\u00e1sok sz\u00f6vege.<\/strong><\/td><\/tr><tr><td><\/td><td>T\u00e1rsas\u00e1gunkra vonatkoz\u00f3an nem relev\u00e1ns.<\/td><\/tr><tr><td><strong>II.25.<\/strong><\/td><td><strong>A k\u00f6zadatok \u00fajrahasznos\u00edt\u00e1s\u00e1r\u00f3l sz\u00f3l\u00f3 t\u00f6rv\u00e9ny szerinti azon jogszab\u00e1ly, k\u00f6zjogi szervezetszab\u00e1lyoz\u00f3 eszk\u00f6z, k\u00f6zszolg\u00e1ltat\u00e1si szerz\u0151d\u00e9s vagy m\u00e1s k\u00f6telez\u0151 er\u0151vel b\u00edr\u00f3 dokumentum (vagy az annak el\u00e9rhet\u0151s\u00e9g\u00e9re mutat\u00f3 hivatkoz\u00e1s), amely az \u00fajrahasznos\u00edt\u00e1s c\u00e9lj\u00e1b\u00f3l rendelkez\u00e9sre bocs\u00e1that\u00f3 k\u00f6zadat gy\u0171jt\u00e9s\u00e9vel, el\u0151\u00e1ll\u00edt\u00e1s\u00e1val, feldolgoz\u00e1s\u00e1val \u00e9s terjeszt\u00e9s\u00e9vel \u00f6sszef\u00fcgg\u0151 k\u00f6lts\u00e9gek jelent\u0151s r\u00e9sz\u00e9nek saj\u00e1t bev\u00e9telb\u0151l val\u00f3 fedez\u00e9s\u00e9t \u00edrja el\u0151 a k\u00f6zfeladatot ell\u00e1t\u00f3 szerv r\u00e9sz\u00e9re<\/strong><\/td><\/tr><tr><td><\/td><td>T\u00e1rsas\u00e1gunkra vonatkoz\u00f3an nem relev\u00e1ns.<\/td><\/tr><\/tbody><\/table><\/figure>\n","protected":false},"excerpt":{"rendered":"<p>II.19. A k\u00f6zfeladatot ell\u00e1t\u00f3 szerv kezel\u00e9s\u00e9ben lev\u0151, a k\u00f6zadatok \u00fajrahasznos\u00edt\u00e1s\u00e1r\u00f3l sz\u00f3l\u00f3 t\u00f6rv\u00e9ny szerint \u00fajrahasznos\u00edt\u00e1s c\u00e9lj\u00e1ra el\u00e9rhet\u0151 k\u00f6zadatok list\u00e1ja, valamint azok rendelkez\u00e9sre \u00e1ll\u00f3 form\u00e1tuma T\u00e1rsas\u00e1gunkra vonatkoz\u00f3an nem relev\u00e1ns. II.20. A 19. sor szerinti k\u00f6zadatok \u00fajrahasznos\u00edt\u00e1s\u00e1ra vonatkoz\u00f3 \u00e1ltal\u00e1nos szerz\u0151d\u00e9si felt\u00e9telek elektronikusan szerkeszthet\u0151 v\u00e1ltozata T\u00e1rsas\u00e1gunkra vonatkoz\u00f3an nem relev\u00e1ns. II.21. A 19. sor szerinti k\u00f6zadatok \u00fajrahasznos\u00edt\u00e1s c\u00e9lj\u00e1b\u00f3l t\u00f6rt\u00e9n\u0151 rendelkez\u00e9sre [&hellip;]<\/p>\n","protected":false},"author":3,"featured_media":0,"parent":1220,"menu_order":0,"comment_status":"closed","ping_status":"closed","template":"","meta":{"_monsterinsights_skip_tracking":false,"_monsterinsights_sitenote_active":false,"_monsterinsights_sitenote_note":"","_monsterinsights_sitenote_category":0,"footnotes":""},"class_list":["post-2869","page","type-page","status-publish","hentry"],"_links":{"self":[{"href":"https:\/\/www.kvzrt.hu\/index.php?rest_route=\/wp\/v2\/pages\/2869","targetHints":{"allow":["GET"]}}],"collection":[{"href":"https:\/\/www.kvzrt.hu\/index.php?rest_route=\/wp\/v2\/pages"}],"about":[{"href":"https:\/\/www.kvzrt.hu\/index.php?rest_route=\/wp\/v2\/types\/page"}],"author":[{"embeddable":true,"href":"https:\/\/www.kvzrt.hu\/index.php?rest_route=\/wp\/v2\/users\/3"}],"replies":[{"embeddable":true,"href":"https:\/\/www.kvzrt.hu\/index.php?rest_route=%2Fwp%2Fv2%2Fcomments&post=2869"}],"version-history":[{"count":2,"href":"https:\/\/www.kvzrt.hu\/index.php?rest_route=\/wp\/v2\/pages\/2869\/revisions"}],"predecessor-version":[{"id":2871,"href":"https:\/\/www.kvzrt.hu\/index.php?rest_route=\/wp\/v2\/pages\/2869\/revisions\/2871"}],"up":[{"embeddable":true,"href":"https:\/\/www.kvzrt.hu\/index.php?rest_route=\/wp\/v2\/pages\/1220"}],"wp:attachment":[{"href":"https:\/\/www.kvzrt.hu\/index.php?rest_route=%2Fwp%2Fv2%2Fmedia&parent=2869"}],"curies":[{"name":"wp","href":"https:\/\/api.w.org\/{rel}","templated":true}]}}