{"id":2863,"date":"2024-08-29T09:18:53","date_gmt":"2024-08-29T08:18:53","guid":{"rendered":"https:\/\/www.kvzrt.hu\/?page_id=2863"},"modified":"2024-08-29T09:18:54","modified_gmt":"2024-08-29T08:18:54","slug":"ii-18","status":"publish","type":"page","link":"https:\/\/www.kvzrt.hu\/?page_id=2863","title":{"rendered":"II.18."},"content":{"rendered":"\n<figure class=\"wp-block-table\"><table><tbody><tr><td><strong>II.18.<\/strong><\/td><td><strong>A k\u00f6zfeladatot ell\u00e1t\u00f3 szervre vonatkoz\u00f3 k\u00fcl\u00f6n\u00f6s \u00e9s egyedi k\u00f6zz\u00e9t\u00e9teli lista<\/strong><\/td><\/tr><tr><td><\/td><td>1. mell\u00e9klet a Budapest F\u0151v\u00e1ros X. ker\u00fclet K\u0151b\u00e1nyai \u00d6nkorm\u00e1nyzat K\u00e9pvisel\u0151-test\u00fclet\u00e9nek 10\/2015. (III. 20.) \u00f6nkorm\u00e1nyzati rendelet\u00e9hez Az egyedi k\u00f6zz\u00e9t\u00e9teli lista A B C 1. Adat Friss\u00edt\u00e9s Meg\u0151rz\u00e9s 2. Az \u00e1llamh\u00e1ztart\u00e1s p\u00e9nzeszk\u00f6zei felhaszn\u00e1l\u00e1s\u00e1val, az \u00e1llamh\u00e1ztart\u00e1shoz tartoz\u00f3 vagyonnal t\u00f6rt\u00e9n\u0151 gazd\u00e1lkod\u00e1ssal \u00f6sszef\u00fcgg\u0151, sz\u00e1zezer forintot el\u00e9r\u0151 vagy azt meghalad\u00f3 \u00e9rt\u00e9k\u0171 \u00e1rubeszerz\u00e9sre, \u00e9p\u00edt\u00e9si beruh\u00e1z\u00e1sra, szolg\u00e1ltat\u00e1s megrendel\u00e9s\u00e9re, vagyon\u00e9rt\u00e9kes\u00edt\u00e9sre, vagyonhasznos\u00edt\u00e1sra, vagyon vagy vagyoni \u00e9rt\u00e9k\u0171 jog \u00e1tad\u00e1s\u00e1ra, valamint koncesszi\u00f3ba ad\u00e1sra vonatkoz\u00f3 szerz\u0151d\u00e9sek megnevez\u00e9se (t\u00edpusa), t\u00e1rgya, a szerz\u0151d\u00e9st k\u00f6t\u0151 felek neve, a szerz\u0151d\u00e9s \u00e9rt\u00e9ke, hat\u00e1rozott id\u0151re k\u00f6t\u00f6tt szerz\u0151d\u00e9s eset\u00e9ben annak id\u0151tartama, valamint az eml\u00edtett adatok v\u00e1ltoz\u00e1sai a nemzetbiztons\u00e1gi, illetve honv\u00e9delmi \u00e9rdekkel k\u00f6zvetlen\u00fcl \u00f6sszef\u00fcgg\u0151 beszerz\u00e9sek adatai \u00e9s a min\u0151s\u00edtett adatok kiv\u00e9tel\u00e9vel.<br>A szerz\u0151d\u00e9s \u00e9rt\u00e9ke alatt a szerz\u0151d\u00e9s t\u00e1rgy\u00e1\u00e9rt kik\u00f6t\u00f6tt \u2013 \u00e1ltal\u00e1nos forgalmi ad\u00f3 n\u00e9lk\u00fcl sz\u00e1m\u00edtott \u2013 ellenszolg\u00e1ltat\u00e1st kell \u00e9rteni, ingyenes \u00fcgylet eset\u00e9n a vagyon piaci vagy k\u00f6nyv szerinti \u00e9rt\u00e9ke k\u00f6z\u00fcl a magasabb \u00f6sszeget kell figyelembe venni. Az id\u0151szakonk\u00e9nt visszat\u00e9r\u0151 \u2013 egy \u00e9vn\u00e9l hosszabb id\u0151tartamra k\u00f6t\u00f6tt \u2013 szerz\u0151d\u00e9sekn\u00e9l az \u00e9rt\u00e9k kisz\u00e1m\u00edt\u00e1sakor az ellenszolg\u00e1ltat\u00e1s egy \u00e9vre sz\u00e1m\u00edtott \u00f6sszeg\u00e9t kell alapul venni. Az egy k\u00f6lts\u00e9gvet\u00e9si \u00e9vben ugyanazon szerz\u0151d\u0151 f\u00e9llel k\u00f6t\u00f6tt azonos t\u00e1rgy\u00fa szerz\u0151d\u00e9sek \u00e9rt\u00e9k\u00e9t egybe kell sz\u00e1m\u00edtani. A d\u00f6nt\u00e9s meghozatal\u00e1t k\u00f6vet\u0151 hatvanadik napig. A k\u00f6zz\u00e9t\u00e9telt k\u00f6vet\u0151 5 \u00e9vig. 3. Az ingatlan elidegen\u00edt\u00e9s\u00e9re vonatkoz\u00f3 szerz\u0151d\u00e9s eset\u00e9ben az A:2 mez\u0151ben meghat\u00e1rozott adatok, valamint az ingatlan term\u00e9szetbeni elhelyezked\u00e9se \u00e9s helyrajzi sz\u00e1ma, az ingatlan \u00e9rt\u00e9kbecsl\u00e9ssel meg\u00e1llap\u00edtott \u00e9rt\u00e9ke, valamint az eml\u00edtett adatok v\u00e1ltoz\u00e1sai.<br>Term\u00e9szetes szem\u00e9ly szerz\u0151d\u0151 f\u00e9l eset\u00e9ben az ingatlan term\u00e9szetbeni elhelyezked\u00e9s\u00e9t oly m\u00f3don kell k\u00f6zz\u00e9tenni, hogy az az \u00e9rintett term\u00e9szetes szem\u00e9ly azonos\u00edt\u00e1s\u00e1t ne tegye lehet\u0151v\u00e9. A szerz\u0151d\u00e9s megk\u00f6t\u00e9s\u00e9t k\u00f6vet\u0151 14. napig. A k\u00f6zz\u00e9t\u00e9telt k\u00f6vet\u0151 5 \u00e9vig. <br><br><strong>Szerz\u0151d\u00e9sek list\u00e1ja a III.4. pontban!<\/strong><\/td><\/tr><\/tbody><\/table><\/figure>\n","protected":false},"excerpt":{"rendered":"<p>II.18. A k\u00f6zfeladatot ell\u00e1t\u00f3 szervre vonatkoz\u00f3 k\u00fcl\u00f6n\u00f6s \u00e9s egyedi k\u00f6zz\u00e9t\u00e9teli lista 1. mell\u00e9klet a Budapest F\u0151v\u00e1ros X. ker\u00fclet K\u0151b\u00e1nyai \u00d6nkorm\u00e1nyzat K\u00e9pvisel\u0151-test\u00fclet\u00e9nek 10\/2015. (III. 20.) \u00f6nkorm\u00e1nyzati rendelet\u00e9hez Az egyedi k\u00f6zz\u00e9t\u00e9teli lista A B C 1. Adat Friss\u00edt\u00e9s Meg\u0151rz\u00e9s 2. Az \u00e1llamh\u00e1ztart\u00e1s p\u00e9nzeszk\u00f6zei felhaszn\u00e1l\u00e1s\u00e1val, az \u00e1llamh\u00e1ztart\u00e1shoz tartoz\u00f3 vagyonnal t\u00f6rt\u00e9n\u0151 gazd\u00e1lkod\u00e1ssal \u00f6sszef\u00fcgg\u0151, sz\u00e1zezer forintot el\u00e9r\u0151 vagy azt meghalad\u00f3 [&hellip;]<\/p>\n","protected":false},"author":3,"featured_media":0,"parent":1220,"menu_order":0,"comment_status":"closed","ping_status":"closed","template":"","meta":{"_monsterinsights_skip_tracking":false,"_monsterinsights_sitenote_active":false,"_monsterinsights_sitenote_note":"","_monsterinsights_sitenote_category":0,"footnotes":""},"class_list":["post-2863","page","type-page","status-publish","hentry"],"_links":{"self":[{"href":"https:\/\/www.kvzrt.hu\/index.php?rest_route=\/wp\/v2\/pages\/2863","targetHints":{"allow":["GET"]}}],"collection":[{"href":"https:\/\/www.kvzrt.hu\/index.php?rest_route=\/wp\/v2\/pages"}],"about":[{"href":"https:\/\/www.kvzrt.hu\/index.php?rest_route=\/wp\/v2\/types\/page"}],"author":[{"embeddable":true,"href":"https:\/\/www.kvzrt.hu\/index.php?rest_route=\/wp\/v2\/users\/3"}],"replies":[{"embeddable":true,"href":"https:\/\/www.kvzrt.hu\/index.php?rest_route=%2Fwp%2Fv2%2Fcomments&post=2863"}],"version-history":[{"count":1,"href":"https:\/\/www.kvzrt.hu\/index.php?rest_route=\/wp\/v2\/pages\/2863\/revisions"}],"predecessor-version":[{"id":2864,"href":"https:\/\/www.kvzrt.hu\/index.php?rest_route=\/wp\/v2\/pages\/2863\/revisions\/2864"}],"up":[{"embeddable":true,"href":"https:\/\/www.kvzrt.hu\/index.php?rest_route=\/wp\/v2\/pages\/1220"}],"wp:attachment":[{"href":"https:\/\/www.kvzrt.hu\/index.php?rest_route=%2Fwp%2Fv2%2Fmedia&parent=2863"}],"curies":[{"name":"wp","href":"https:\/\/api.w.org\/{rel}","templated":true}]}}