{"id":2861,"date":"2024-08-29T09:18:08","date_gmt":"2024-08-29T08:18:08","guid":{"rendered":"https:\/\/www.kvzrt.hu\/?page_id=2861"},"modified":"2024-08-29T09:18:09","modified_gmt":"2024-08-29T08:18:09","slug":"ii-17","status":"publish","type":"page","link":"https:\/\/www.kvzrt.hu\/?page_id=2861","title":{"rendered":"II.17."},"content":{"rendered":"\n<figure class=\"wp-block-table\"><table><tbody><tr><td><strong>II.17.<\/strong><\/td><td><strong>A k\u00f6zfeladatot ell\u00e1t\u00f3 szerv kezel\u00e9s\u00e9ben l\u00e9v\u0151 k\u00f6z\u00e9rdek\u0171 adatok felhaszn\u00e1l\u00e1s\u00e1ra, hasznos\u00edt\u00e1s\u00e1ra vonatkoz\u00f3 \u00e1ltal\u00e1nos szerz\u0151d\u00e9si felt\u00e9telek<\/strong><\/td><\/tr><tr><td><\/td><td><a href=\"https:\/\/www.kvzrt.hu\/wp-content\/uploads\/2019\/03\/Adatkezel%C3%A9si_szab%C3%A1lyzat-20181217.pdf\" target=\"_blank\" rel=\"noreferrer noopener\">Vonatkoz\u00f3 szab\u00e1lyzat&gt;<\/a><\/td><\/tr><\/tbody><\/table><\/figure>\n","protected":false},"excerpt":{"rendered":"<p>II.17. A k\u00f6zfeladatot ell\u00e1t\u00f3 szerv kezel\u00e9s\u00e9ben l\u00e9v\u0151 k\u00f6z\u00e9rdek\u0171 adatok felhaszn\u00e1l\u00e1s\u00e1ra, hasznos\u00edt\u00e1s\u00e1ra vonatkoz\u00f3 \u00e1ltal\u00e1nos szerz\u0151d\u00e9si felt\u00e9telek Vonatkoz\u00f3 szab\u00e1lyzat&gt;<\/p>\n","protected":false},"author":3,"featured_media":0,"parent":1220,"menu_order":0,"comment_status":"closed","ping_status":"closed","template":"","meta":{"_monsterinsights_skip_tracking":false,"_monsterinsights_sitenote_active":false,"_monsterinsights_sitenote_note":"","_monsterinsights_sitenote_category":0,"footnotes":""},"class_list":["post-2861","page","type-page","status-publish","hentry"],"_links":{"self":[{"href":"https:\/\/www.kvzrt.hu\/index.php?rest_route=\/wp\/v2\/pages\/2861","targetHints":{"allow":["GET"]}}],"collection":[{"href":"https:\/\/www.kvzrt.hu\/index.php?rest_route=\/wp\/v2\/pages"}],"about":[{"href":"https:\/\/www.kvzrt.hu\/index.php?rest_route=\/wp\/v2\/types\/page"}],"author":[{"embeddable":true,"href":"https:\/\/www.kvzrt.hu\/index.php?rest_route=\/wp\/v2\/users\/3"}],"replies":[{"embeddable":true,"href":"https:\/\/www.kvzrt.hu\/index.php?rest_route=%2Fwp%2Fv2%2Fcomments&post=2861"}],"version-history":[{"count":1,"href":"https:\/\/www.kvzrt.hu\/index.php?rest_route=\/wp\/v2\/pages\/2861\/revisions"}],"predecessor-version":[{"id":2862,"href":"https:\/\/www.kvzrt.hu\/index.php?rest_route=\/wp\/v2\/pages\/2861\/revisions\/2862"}],"up":[{"embeddable":true,"href":"https:\/\/www.kvzrt.hu\/index.php?rest_route=\/wp\/v2\/pages\/1220"}],"wp:attachment":[{"href":"https:\/\/www.kvzrt.hu\/index.php?rest_route=%2Fwp%2Fv2%2Fmedia&parent=2861"}],"curies":[{"name":"wp","href":"https:\/\/api.w.org\/{rel}","templated":true}]}}