{"id":2852,"date":"2024-08-29T09:15:14","date_gmt":"2024-08-29T08:15:14","guid":{"rendered":"https:\/\/www.kvzrt.hu\/?page_id=2852"},"modified":"2024-08-29T09:15:15","modified_gmt":"2024-08-29T08:15:15","slug":"ii-11","status":"publish","type":"page","link":"https:\/\/www.kvzrt.hu\/?page_id=2852","title":{"rendered":"II.11."},"content":{"rendered":"\n<figure class=\"wp-block-table\"><table><tbody><tr><td><strong>II.11.<\/strong><\/td><td><strong>A k\u00f6zfeladatot ell\u00e1t\u00f3 szerv \u00e1ltal ki\u00edrt p\u00e1ly\u00e1zatok szakmai le\u00edr\u00e1sa, azok eredm\u00e9nyei \u00e9s indokol\u00e1suk<\/strong><\/td><\/tr><tr><td><\/td><td>T\u00e1rsas\u00e1gunk \u00e1ltal ki\u00edrt k\u00f6zbeszerz\u00e9si p\u00e1ly\u00e1zatok el\u00e9rhet\u0151k a <a href=\"https:\/\/www.kozbeszerzes.hu\/adatbazis\/keres\/hirdetmeny\/\" target=\"_blank\" rel=\"noreferrer noopener\">www.k\u00f6zbeszerzes.hu<\/a> weboldalon.<br>T\u00e1rsas\u00e1gunk \u00e1ltal ki\u00edrt egy\u00e9b p\u00e1ly\u00e1zatok <a href=\"https:\/\/www.kvzrt.hu\/?page_id=67\">el\u00e9rhet\u0151s\u00e9ge itt&gt;<\/a><\/td><\/tr><\/tbody><\/table><\/figure>\n","protected":false},"excerpt":{"rendered":"<p>II.11. A k\u00f6zfeladatot ell\u00e1t\u00f3 szerv \u00e1ltal ki\u00edrt p\u00e1ly\u00e1zatok szakmai le\u00edr\u00e1sa, azok eredm\u00e9nyei \u00e9s indokol\u00e1suk T\u00e1rsas\u00e1gunk \u00e1ltal ki\u00edrt k\u00f6zbeszerz\u00e9si p\u00e1ly\u00e1zatok el\u00e9rhet\u0151k a www.k\u00f6zbeszerzes.hu weboldalon.T\u00e1rsas\u00e1gunk \u00e1ltal ki\u00edrt egy\u00e9b p\u00e1ly\u00e1zatok el\u00e9rhet\u0151s\u00e9ge itt&gt;<\/p>\n","protected":false},"author":3,"featured_media":0,"parent":1220,"menu_order":0,"comment_status":"closed","ping_status":"closed","template":"","meta":{"_monsterinsights_skip_tracking":false,"_monsterinsights_sitenote_active":false,"_monsterinsights_sitenote_note":"","_monsterinsights_sitenote_category":0,"footnotes":""},"class_list":["post-2852","page","type-page","status-publish","hentry"],"_links":{"self":[{"href":"https:\/\/www.kvzrt.hu\/index.php?rest_route=\/wp\/v2\/pages\/2852","targetHints":{"allow":["GET"]}}],"collection":[{"href":"https:\/\/www.kvzrt.hu\/index.php?rest_route=\/wp\/v2\/pages"}],"about":[{"href":"https:\/\/www.kvzrt.hu\/index.php?rest_route=\/wp\/v2\/types\/page"}],"author":[{"embeddable":true,"href":"https:\/\/www.kvzrt.hu\/index.php?rest_route=\/wp\/v2\/users\/3"}],"replies":[{"embeddable":true,"href":"https:\/\/www.kvzrt.hu\/index.php?rest_route=%2Fwp%2Fv2%2Fcomments&post=2852"}],"version-history":[{"count":1,"href":"https:\/\/www.kvzrt.hu\/index.php?rest_route=\/wp\/v2\/pages\/2852\/revisions"}],"predecessor-version":[{"id":2853,"href":"https:\/\/www.kvzrt.hu\/index.php?rest_route=\/wp\/v2\/pages\/2852\/revisions\/2853"}],"up":[{"embeddable":true,"href":"https:\/\/www.kvzrt.hu\/index.php?rest_route=\/wp\/v2\/pages\/1220"}],"wp:attachment":[{"href":"https:\/\/www.kvzrt.hu\/index.php?rest_route=%2Fwp%2Fv2%2Fmedia&parent=2852"}],"curies":[{"name":"wp","href":"https:\/\/api.w.org\/{rel}","templated":true}]}}