{"id":2848,"date":"2024-08-29T09:13:59","date_gmt":"2024-08-29T08:13:59","guid":{"rendered":"https:\/\/www.kvzrt.hu\/?page_id=2848"},"modified":"2024-08-29T09:14:00","modified_gmt":"2024-08-29T08:14:00","slug":"ii-07-ii-09","status":"publish","type":"page","link":"https:\/\/www.kvzrt.hu\/?page_id=2848","title":{"rendered":"II.07-II.09."},"content":{"rendered":"\n<figure class=\"wp-block-table\"><table><tbody><tr><td><strong>II.7.<\/strong><\/td><td><strong>A k\u00f6zfeladatot ell\u00e1t\u00f3 szerv nyilv\u00e1nos kiadv\u00e1nyainak c\u00edme, t\u00e9m\u00e1ja, a hozz\u00e1f\u00e9r\u00e9s m\u00f3dja, a kiadv\u00e1ny ingyeness\u00e9ge, illetve a k\u00f6lts\u00e9gt\u00e9r\u00edt\u00e9s m\u00e9rt\u00e9ke<\/strong><\/td><\/tr><tr><td><\/td><td>T\u00e1rsas\u00e1gunkra vonatkoz\u00f3an nem relev\u00e1ns.<\/td><\/tr><tr><td><strong>II.8.<\/strong><\/td><td><strong>A test\u00fcleti szerv d\u00f6nt\u00e9sei el\u0151k\u00e9sz\u00edt\u00e9s\u00e9nek rendje, az \u00e1llampolg\u00e1ri k\u00f6zrem\u0171k\u00f6d\u00e9s (v\u00e9lem\u00e9nyez\u00e9s) m\u00f3dja, elj\u00e1r\u00e1si szab\u00e1lyai, a test\u00fcleti szerv \u00fcl\u00e9seinek helye, ideje, tov\u00e1bb\u00e1 nyilv\u00e1noss\u00e1ga, d\u00f6nt\u00e9sei, \u00fcl\u00e9s\u00e9nek jegyz\u0151k\u00f6nyvei, illetve \u00f6sszefoglal\u00f3i; a test\u00fcleti szerv szavaz\u00e1s\u00e1nak adatai, ha ezt jogszab\u00e1ly nem korl\u00e1tozza<\/strong><\/td><\/tr><tr><td><\/td><td>T\u00e1rsas\u00e1gunkra vonatkoz\u00f3an nem relev\u00e1ns.<\/td><\/tr><tr><td><strong>II.9.<\/strong><\/td><td><strong>A t\u00f6rv\u00e9ny alapj\u00e1n k\u00f6zz\u00e9teend\u0151 jogszab\u00e1lytervezetek \u00e9s kapcsol\u00f3d\u00f3 dokumentumok; a helyi \u00f6nkorm\u00e1nyzat k\u00e9pvisel\u0151-test\u00fclet\u00e9nek nyilv\u00e1nos \u00fcl\u00e9s\u00e9re beny\u00fajtott el\u0151terjeszt\u00e9sek a beny\u00fajt\u00e1s id\u0151pontj\u00e1t\u00f3l<\/strong><\/td><\/tr><tr><td><\/td><td>T\u00e1rsas\u00e1gunkra vonatkoz\u00f3an nem relev\u00e1ns.<\/td><\/tr><\/tbody><\/table><\/figure>\n","protected":false},"excerpt":{"rendered":"<p>II.7. A k\u00f6zfeladatot ell\u00e1t\u00f3 szerv nyilv\u00e1nos kiadv\u00e1nyainak c\u00edme, t\u00e9m\u00e1ja, a hozz\u00e1f\u00e9r\u00e9s m\u00f3dja, a kiadv\u00e1ny ingyeness\u00e9ge, illetve a k\u00f6lts\u00e9gt\u00e9r\u00edt\u00e9s m\u00e9rt\u00e9ke T\u00e1rsas\u00e1gunkra vonatkoz\u00f3an nem relev\u00e1ns. II.8. A test\u00fcleti szerv d\u00f6nt\u00e9sei el\u0151k\u00e9sz\u00edt\u00e9s\u00e9nek rendje, az \u00e1llampolg\u00e1ri k\u00f6zrem\u0171k\u00f6d\u00e9s (v\u00e9lem\u00e9nyez\u00e9s) m\u00f3dja, elj\u00e1r\u00e1si szab\u00e1lyai, a test\u00fcleti szerv \u00fcl\u00e9seinek helye, ideje, tov\u00e1bb\u00e1 nyilv\u00e1noss\u00e1ga, d\u00f6nt\u00e9sei, \u00fcl\u00e9s\u00e9nek jegyz\u0151k\u00f6nyvei, illetve \u00f6sszefoglal\u00f3i; a test\u00fcleti szerv szavaz\u00e1s\u00e1nak adatai, [&hellip;]<\/p>\n","protected":false},"author":3,"featured_media":0,"parent":1220,"menu_order":0,"comment_status":"closed","ping_status":"closed","template":"","meta":{"_monsterinsights_skip_tracking":false,"_monsterinsights_sitenote_active":false,"_monsterinsights_sitenote_note":"","_monsterinsights_sitenote_category":0,"footnotes":""},"class_list":["post-2848","page","type-page","status-publish","hentry"],"_links":{"self":[{"href":"https:\/\/www.kvzrt.hu\/index.php?rest_route=\/wp\/v2\/pages\/2848","targetHints":{"allow":["GET"]}}],"collection":[{"href":"https:\/\/www.kvzrt.hu\/index.php?rest_route=\/wp\/v2\/pages"}],"about":[{"href":"https:\/\/www.kvzrt.hu\/index.php?rest_route=\/wp\/v2\/types\/page"}],"author":[{"embeddable":true,"href":"https:\/\/www.kvzrt.hu\/index.php?rest_route=\/wp\/v2\/users\/3"}],"replies":[{"embeddable":true,"href":"https:\/\/www.kvzrt.hu\/index.php?rest_route=%2Fwp%2Fv2%2Fcomments&post=2848"}],"version-history":[{"count":1,"href":"https:\/\/www.kvzrt.hu\/index.php?rest_route=\/wp\/v2\/pages\/2848\/revisions"}],"predecessor-version":[{"id":2849,"href":"https:\/\/www.kvzrt.hu\/index.php?rest_route=\/wp\/v2\/pages\/2848\/revisions\/2849"}],"up":[{"embeddable":true,"href":"https:\/\/www.kvzrt.hu\/index.php?rest_route=\/wp\/v2\/pages\/1220"}],"wp:attachment":[{"href":"https:\/\/www.kvzrt.hu\/index.php?rest_route=%2Fwp%2Fv2%2Fmedia&parent=2848"}],"curies":[{"name":"wp","href":"https:\/\/api.w.org\/{rel}","templated":true}]}}