{"id":2846,"date":"2024-08-29T09:13:17","date_gmt":"2024-08-29T08:13:17","guid":{"rendered":"https:\/\/www.kvzrt.hu\/?page_id=2846"},"modified":"2024-08-29T09:13:18","modified_gmt":"2024-08-29T08:13:18","slug":"ii-06","status":"publish","type":"page","link":"https:\/\/www.kvzrt.hu\/?page_id=2846","title":{"rendered":"II.06."},"content":{"rendered":"\n<figure class=\"wp-block-table\"><table><tbody><tr><td><strong>II.6.<\/strong><\/td><td><strong>A k\u00f6zfeladatot ell\u00e1t\u00f3 szerv \u00e1ltal fenntartott adatb\u00e1zisok, illetve nyilv\u00e1ntart\u00e1sok le\u00edr\u00f3 adatai (n\u00e9v, form\u00e1tum, az adatkezel\u00e9s c\u00e9lja, jogalapja, id\u0151tartama, az \u00e9rintettek k\u00f6re, az adatok forr\u00e1sa, k\u00e9rd\u0151\u00edves adatfelv\u00e9tel eset\u00e9n a kit\u00f6ltend\u0151 k\u00e9rd\u0151\u00edv), az adatv\u00e9delmi nyilv\u00e1ntart\u00e1sba bejelentend\u0151 nyilv\u00e1ntart\u00e1soknak az e t\u00f6rv\u00e9ny szerinti azonos\u00edt\u00f3 adatai; a k\u00f6zfeladatot ell\u00e1t\u00f3 szerv \u00e1ltal \u2013 alaptev\u00e9kenys\u00e9ge keret\u00e9ben \u2013 gy\u0171jt\u00f6tt \u00e9s feldolgozott adatok fajt\u00e1i, a hozz\u00e1f\u00e9r\u00e9s m\u00f3dja, a m\u00e1solatk\u00e9sz\u00edt\u00e9s k\u00f6lts\u00e9gei<\/strong><\/td><\/tr><tr><td><\/td><td><strong>B\u00e9rl\u0151kkel kapcsolatos adatok kezel\u00e9se<\/strong><br>\u2013 az adatkezel\u00e9s c\u00e9lja: lak\u00e1s- \u00e9s nem lak\u00e1s c\u00e9lj\u00e1ra szolg\u00e1l\u00f3 helyis\u00e9gek b\u00e9rbead\u00e1sa;<br>\u2013 az adatkezel\u00e9s jogalapja: Budapest F\u0151v\u00e1ros X. ker\u00fclet K\u0151b\u00e1nyai \u00d6nkorm\u00e1nyzat, a lak\u00e1sokr\u00f3l \u00e9s a nem lak\u00e1s c\u00e9lj\u00e1ra szolg\u00e1l\u00f3 helyis\u00e9gekr\u0151l sz\u00f3l\u00f3 32\/2012 (IX. 24.) \u00f6nkorm\u00e1nyzati rendelete (V. fejezet Adatkezel\u00e9si szab\u00e1lyok 69. \u00a7 (1)-(3) bekezd\u00e9s);<br>\u2013 kezelt adatok k\u00f6re: b\u00e9rl\u0151k, b\u00e9rl\u0151t\u00e1rsak, csal\u00e1dtagok, egy\u00fcttk\u00f6lt\u00f6z\u0151k szem\u00e9lyes adatai:<br>\u2022 n\u00e9v;<br>\u2022 sz\u00fclet\u00e9si n\u00e9v;<br>\u2022 sz\u00fclet\u00e9si hely;<br>\u2022 sz\u00fclet\u00e9si id\u0151;<br>\u2022 anyja sz\u00fclet\u00e9si neve;<br>\u2022 lak\u00f3hely;<br>\u2022 szem\u00e9lyazonos\u00edt\u00f3 okm\u00e1ny megnevez\u00e9se \u00e9s sz\u00e1ma;<br>\u2022 lakc\u00edmet igazol\u00f3 hat\u00f3s\u00e1gi igazolv\u00e1ny sz\u00e1ma;<br>\u2022 ad\u00f3azonos\u00edt\u00f3 jel.<br>\u2013 adatkezel\u00e9s id\u0151tartama: a b\u00e9rleti jogviszony, illetve a b\u00e9rleti jogviszonyb\u00f3l ered\u0151 k\u00f6vetel\u00e9s megsz\u0171n\u00e9s\u00e9t k\u00f6vet\u0151 t\u00edz (10) \u00e9v;<br><strong>Parkol\u00e1s\u00fczemeltet\u00e9ssel kapcsolatos adatok kezel\u00e9se<\/strong><br>\u2013 az adatkezel\u00e9s c\u00e9lja: v\u00e1rakoz\u00e1si hozz\u00e1j\u00e1rul\u00e1sok kiad\u00e1sa, jogosulatlan parkol\u00e1si esem\u00e9ny miatt kiszabott v\u00e1rakoz\u00e1sid\u00edj-, illetve p\u00f3td\u00edjtartoz\u00e1s behajt\u00e1sa;<br>\u2013 az adatkezel\u00e9s jogalapja:<br>\u2022 a Budapest f\u0151v\u00e1ros k\u00f6zigazgat\u00e1si ter\u00fclet\u00e9n a j\u00e1rm\u0171vel v\u00e1rakoz\u00e1s rendj\u00e9nek egys\u00e9ges kialak\u00edt\u00e1s\u00e1r\u00f3l, a v\u00e1rakoz\u00e1s d\u00edj\u00e1r\u00f3l \u00e9s az \u00fczemk\u00e9ptelen j\u00e1rm\u0171vek t\u00e1rol\u00e1s\u00e1nak szab\u00e1lyoz\u00e1s\u00e1r\u00f3l sz\u00f3l\u00f3 30\/2010. (VI. 4.) F\u0151v. Kgy. rendelet;<br>\u2022 A Budapest F\u0151v\u00e1ros X. ker\u00fclet K\u0151b\u00e1nyai \u00d6nkorm\u00e1nyzat k\u00f6zigazgat\u00e1si ter\u00fclet\u00e9n a j\u00e1rm\u0171vel v\u00e1rakoz\u00e1s rendj\u00e9r\u0151l sz\u00f3l\u00f3 29\/2013. (VII. 2.) \u00f6nkorm\u00e1nyzati rendelet;<br>\u2013 kezelt adatok k\u00f6re: v\u00e1rakoz\u00e1si hozz\u00e1j\u00e1rul\u00e1st ig\u00e9nyl\u0151k, illetve v\u00e1rakoz\u00e1si hozz\u00e1j\u00e1rul\u00e1ssal rendelkez\u0151k, valamint jogosulatlan parkol\u00e1si esem\u00e9nyt megval\u00f3s\u00edt\u00f3 j\u00e1rm\u0171 tulajdonos\u00e1nak szem\u00e9lyes adatai:<br>\u2022 n\u00e9v;<br>\u2022 sz\u00fclet\u00e9si n\u00e9v;<br>\u2022 sz\u00fclet\u00e9si hely;<br>\u2022 sz\u00fclet\u00e9si id\u0151;<br>\u2022 anyja sz\u00fclet\u00e9si neve;<br>\u2022 gyermek neve;<br>\u2022 lak\u00f3hely;<br>\u2022 telefonsz\u00e1m;<br>\u2022 e-mail c\u00edm;<br>\u2022 forgalmi rendsz\u00e1m;<br>\u2022 j\u00e1rm\u0171 t\u00edpusa;<br>\u2022 j\u00e1rm\u0171 gy\u00e1rtm\u00e1nya;<br>\u2022 j\u00e1rm\u0171 \u00f6sszt\u00f6mege;<br>\u2022 j\u00e1rm\u0171 k\u00f6rnyezetv\u00e9delmi kateg\u00f3ri\u00e1ja.<br>\u2013 adatkezel\u00e9s id\u0151tartama:<br>\u2022 a v\u00e1rakoz\u00e1si hozz\u00e1j\u00e1rul\u00e1s \u00e9rv\u00e9nyess\u00e9gi ideje;<br>\u2022 a jogosulatlan parkol\u00e1si esem\u00e9ny miatt kiszabott v\u00e1rakoz\u00e1sid\u00edj-, illetve p\u00f3td\u00edjtartoz\u00e1s rendez\u00e9s\u00e9ig;<br><strong>Ad\u00e1sv\u00e9tellel kapcsolatos adatok kezel\u00e9se<\/strong><br>\u2013 az adatkezel\u00e9s c\u00e9lja: ingatlanok elidegen\u00edt\u00e9se \u00e9s a r\u00e9szletfizet\u00e9ssel elidegen\u00edtett ingatlanokkal kapcsolatos v\u00e9tel\u00e1rh\u00e1tral\u00e9k kezel\u00e9se;<br>\u2013 az adatkezel\u00e9s jogalapja:<br>\u2022 a lak\u00e1sok \u00e9s helyis\u00e9gek b\u00e9rlet\u00e9re, valamint az elidegen\u00edt\u00e9s\u00fckre vonatkoz\u00f3 egyes szab\u00e1lyokr\u00f3l sz\u00f3l\u00f3 1993. \u00e9vi LXXVIII. t\u00f6rv\u00e9ny;<br>\u2022 az ingatlan-nyilv\u00e1ntart\u00e1sr\u00f3l sz\u00f3l\u00f3 1997. \u00e9vi CXLI. t\u00f6rv\u00e9ny;<br>\u2022 Budapest F\u0151v\u00e1ros X. ker\u00fclet K\u0151b\u00e1nyai \u00d6nkorm\u00e1nyzat, a lak\u00e1sokr\u00f3l \u00e9s a nem lak\u00e1s c\u00e9lj\u00e1ra szolg\u00e1l\u00f3 helyis\u00e9gekr\u0151l sz\u00f3l\u00f3 32\/2012 (IX. 24.) \u00f6nkorm\u00e1nyzati rendelete (V. fejezet).<br>\u2013 kezelt adatok k\u00f6re: vev\u0151k szem\u00e9lyes adatai:<br>\u2022 n\u00e9v;<br>\u2022 sz\u00fclet\u00e9si n\u00e9v;<br>\u2022 sz\u00fclet\u00e9si hely;<br>\u2022 sz\u00fclet\u00e9si id\u0151;<br>\u2022 anyja sz\u00fclet\u00e9si neve;<br>\u2022 lak\u00f3hely;<br>\u2022 szem\u00e9lyazonos\u00edt\u00f3 okm\u00e1ny megnevez\u00e9se \u00e9s sz\u00e1ma;<br>\u2022 lakc\u00edmet igazol\u00f3 hat\u00f3s\u00e1gi igazolv\u00e1ny sz\u00e1ma;<br>\u2022 ad\u00f3azonos\u00edt\u00f3 jel.<br><strong>ADATKEZEL\u00c9SI NYILV\u00c1NTART\u00c1SI SZ\u00c1MOK<\/strong><br>B\u00e9rl\u0151kkel kapcsolatos adatok kezel\u00e9se NAIH-70592\/2013.<br>Parkol\u00e1s\u00fczemeltet\u00e9ssel kapcsolatos adatok kezel\u00e9se NAIH-69480\/2013.<br>Ad\u00e1sv\u00e9tellel kapcsolatos adatok kezel\u00e9se NAIH-70593\/2013.<\/td><\/tr><\/tbody><\/table><\/figure>\n","protected":false},"excerpt":{"rendered":"<p>II.6. A k\u00f6zfeladatot ell\u00e1t\u00f3 szerv \u00e1ltal fenntartott adatb\u00e1zisok, illetve nyilv\u00e1ntart\u00e1sok le\u00edr\u00f3 adatai (n\u00e9v, form\u00e1tum, az adatkezel\u00e9s c\u00e9lja, jogalapja, id\u0151tartama, az \u00e9rintettek k\u00f6re, az adatok forr\u00e1sa, k\u00e9rd\u0151\u00edves adatfelv\u00e9tel eset\u00e9n a kit\u00f6ltend\u0151 k\u00e9rd\u0151\u00edv), az adatv\u00e9delmi nyilv\u00e1ntart\u00e1sba bejelentend\u0151 nyilv\u00e1ntart\u00e1soknak az e t\u00f6rv\u00e9ny szerinti azonos\u00edt\u00f3 adatai; a k\u00f6zfeladatot ell\u00e1t\u00f3 szerv \u00e1ltal \u2013 alaptev\u00e9kenys\u00e9ge keret\u00e9ben \u2013 gy\u0171jt\u00f6tt \u00e9s feldolgozott adatok [&hellip;]<\/p>\n","protected":false},"author":3,"featured_media":0,"parent":1220,"menu_order":0,"comment_status":"closed","ping_status":"closed","template":"","meta":{"_monsterinsights_skip_tracking":false,"_monsterinsights_sitenote_active":false,"_monsterinsights_sitenote_note":"","_monsterinsights_sitenote_category":0,"footnotes":""},"class_list":["post-2846","page","type-page","status-publish","hentry"],"_links":{"self":[{"href":"https:\/\/www.kvzrt.hu\/index.php?rest_route=\/wp\/v2\/pages\/2846","targetHints":{"allow":["GET"]}}],"collection":[{"href":"https:\/\/www.kvzrt.hu\/index.php?rest_route=\/wp\/v2\/pages"}],"about":[{"href":"https:\/\/www.kvzrt.hu\/index.php?rest_route=\/wp\/v2\/types\/page"}],"author":[{"embeddable":true,"href":"https:\/\/www.kvzrt.hu\/index.php?rest_route=\/wp\/v2\/users\/3"}],"replies":[{"embeddable":true,"href":"https:\/\/www.kvzrt.hu\/index.php?rest_route=%2Fwp%2Fv2%2Fcomments&post=2846"}],"version-history":[{"count":1,"href":"https:\/\/www.kvzrt.hu\/index.php?rest_route=\/wp\/v2\/pages\/2846\/revisions"}],"predecessor-version":[{"id":2847,"href":"https:\/\/www.kvzrt.hu\/index.php?rest_route=\/wp\/v2\/pages\/2846\/revisions\/2847"}],"up":[{"embeddable":true,"href":"https:\/\/www.kvzrt.hu\/index.php?rest_route=\/wp\/v2\/pages\/1220"}],"wp:attachment":[{"href":"https:\/\/www.kvzrt.hu\/index.php?rest_route=%2Fwp%2Fv2%2Fmedia&parent=2846"}],"curies":[{"name":"wp","href":"https:\/\/api.w.org\/{rel}","templated":true}]}}