{"id":2844,"date":"2024-08-29T09:12:28","date_gmt":"2024-08-29T08:12:28","guid":{"rendered":"https:\/\/www.kvzrt.hu\/?page_id=2844"},"modified":"2026-01-07T08:35:09","modified_gmt":"2026-01-07T07:35:09","slug":"ii-05","status":"publish","type":"page","link":"https:\/\/www.kvzrt.hu\/?page_id=2844","title":{"rendered":"II.05."},"content":{"rendered":"\n<figure class=\"wp-block-table\"><table><tbody><tr><td><strong>II.5.<\/strong><\/td><td><strong>A k\u00f6zfeladatot ell\u00e1t\u00f3 szerv \u00e1ltal ny\u00fajtott vagy k\u00f6lts\u00e9gvet\u00e9s\u00e9b\u0151l finansz\u00edrozott k\u00f6zszolg\u00e1ltat\u00e1sok megnevez\u00e9se, tartalma, a k\u00f6zszolg\u00e1ltat\u00e1sok ig\u00e9nybev\u00e9tel\u00e9nek rendje, a k\u00f6zszolg\u00e1ltat\u00e1s\u00e9rt fizetend\u0151 d\u00edj m\u00e9rt\u00e9ke, az abb\u00f3l adott kedvezm\u00e9nyek<\/strong><\/td><\/tr><tr><td><\/td><td><a href=\"https:\/\/www.kvzrt.hu\/wp-content\/uploads\/2026\/01\/9567_Kozszolgaltatasikeretszerzodes.pdf\">Hat\u00e1lyos k\u00f6zszolg\u00e1ltat\u00e1si keretszerz\u0151d\u00e9s<\/a> (felt\u00f6ltve: 2026.01.07.) ><br><br>Arch\u00edv:<br><br><a href=\"https:\/\/www.kvzrt.hu\/wp-content\/uploads\/2021\/12\/8218_Kozszolgaltatasikeretszerzodes.pdf\">K\u00f6zszolg\u00e1ltat\u00e1si keretszerz\u0151d\u00e9s (felt\u00f6ltve: 2021) > <\/a><\/td><\/tr><\/tbody><\/table><\/figure>\n","protected":false},"excerpt":{"rendered":"<p>II.5. A k\u00f6zfeladatot ell\u00e1t\u00f3 szerv \u00e1ltal ny\u00fajtott vagy k\u00f6lts\u00e9gvet\u00e9s\u00e9b\u0151l finansz\u00edrozott k\u00f6zszolg\u00e1ltat\u00e1sok megnevez\u00e9se, tartalma, a k\u00f6zszolg\u00e1ltat\u00e1sok ig\u00e9nybev\u00e9tel\u00e9nek rendje, a k\u00f6zszolg\u00e1ltat\u00e1s\u00e9rt fizetend\u0151 d\u00edj m\u00e9rt\u00e9ke, az abb\u00f3l adott kedvezm\u00e9nyek Hat\u00e1lyos k\u00f6zszolg\u00e1ltat\u00e1si keretszerz\u0151d\u00e9s (felt\u00f6ltve: 2026.01.07.) > Arch\u00edv: K\u00f6zszolg\u00e1ltat\u00e1si keretszerz\u0151d\u00e9s (felt\u00f6ltve: 2021) ><\/p>\n","protected":false},"author":3,"featured_media":0,"parent":1220,"menu_order":0,"comment_status":"closed","ping_status":"closed","template":"","meta":{"_monsterinsights_skip_tracking":false,"_monsterinsights_sitenote_active":false,"_monsterinsights_sitenote_note":"","_monsterinsights_sitenote_category":0,"footnotes":""},"class_list":["post-2844","page","type-page","status-publish","hentry"],"_links":{"self":[{"href":"https:\/\/www.kvzrt.hu\/index.php?rest_route=\/wp\/v2\/pages\/2844","targetHints":{"allow":["GET"]}}],"collection":[{"href":"https:\/\/www.kvzrt.hu\/index.php?rest_route=\/wp\/v2\/pages"}],"about":[{"href":"https:\/\/www.kvzrt.hu\/index.php?rest_route=\/wp\/v2\/types\/page"}],"author":[{"embeddable":true,"href":"https:\/\/www.kvzrt.hu\/index.php?rest_route=\/wp\/v2\/users\/3"}],"replies":[{"embeddable":true,"href":"https:\/\/www.kvzrt.hu\/index.php?rest_route=%2Fwp%2Fv2%2Fcomments&post=2844"}],"version-history":[{"count":3,"href":"https:\/\/www.kvzrt.hu\/index.php?rest_route=\/wp\/v2\/pages\/2844\/revisions"}],"predecessor-version":[{"id":3110,"href":"https:\/\/www.kvzrt.hu\/index.php?rest_route=\/wp\/v2\/pages\/2844\/revisions\/3110"}],"up":[{"embeddable":true,"href":"https:\/\/www.kvzrt.hu\/index.php?rest_route=\/wp\/v2\/pages\/1220"}],"wp:attachment":[{"href":"https:\/\/www.kvzrt.hu\/index.php?rest_route=%2Fwp%2Fv2%2Fmedia&parent=2844"}],"curies":[{"name":"wp","href":"https:\/\/api.w.org\/{rel}","templated":true}]}}