{"id":2840,"date":"2024-08-29T09:10:38","date_gmt":"2024-08-29T08:10:38","guid":{"rendered":"https:\/\/www.kvzrt.hu\/?page_id=2840"},"modified":"2024-08-29T09:10:39","modified_gmt":"2024-08-29T08:10:39","slug":"ii-01","status":"publish","type":"page","link":"https:\/\/www.kvzrt.hu\/?page_id=2840","title":{"rendered":"II.01."},"content":{"rendered":"\n<figure class=\"wp-block-table\"><table><tbody><tr><td><strong>II.1.<\/strong><\/td><td><strong>A k\u00f6zfeladatot ell\u00e1t\u00f3 szerv feladat\u00e1t, hat\u00e1sk\u00f6r\u00e9t \u00e9s alaptev\u00e9kenys\u00e9g\u00e9t meghat\u00e1roz\u00f3, a szervre vonatkoz\u00f3 alapvet\u0151 jogszab\u00e1lyok, k\u00f6zjogi szervezetszab\u00e1lyoz\u00f3 eszk\u00f6z\u00f6k, valamint a szervezeti \u00e9s m\u0171k\u00f6d\u00e9si szab\u00e1lyzat vagy \u00fcgyrend, az adatv\u00e9delmi \u00e9s adatbiztons\u00e1gi szab\u00e1lyzat hat\u00e1lyos \u00e9s teljes sz\u00f6vege<\/strong><\/td><\/tr><tr><td><\/td><td><a href=\"https:\/\/www.kvzrt.hu\/wp-content\/uploads\/2015\/12\/jogszabalyok.pdf\">Vonatkoz\u00f3 jogszab\u00e1lyok list\u00e1ja &gt;<\/a><br><a href=\"https:\/\/www.kvzrt.hu\/wp-content\/uploads\/2020\/10\/SZMSZ20201020.pdf\" target=\"_blank\" rel=\"noreferrer noopener\">Szervezeti \u00e9s m\u0171k\u00f6d\u00e9si Szab\u00e1lyzat &gt;<\/a><br><a href=\"https:\/\/www.kvzrt.hu\/wp-content\/uploads\/2019\/03\/Adatkezel\u00e9si_szab\u00e1lyzat-20181217.pdf\" target=\"_blank\" rel=\"noreferrer noopener\">Adatv\u00e9delmi szab\u00e1lyzat &gt;<\/a><\/td><\/tr><\/tbody><\/table><\/figure>\n","protected":false},"excerpt":{"rendered":"<p>II.1. A k\u00f6zfeladatot ell\u00e1t\u00f3 szerv feladat\u00e1t, hat\u00e1sk\u00f6r\u00e9t \u00e9s alaptev\u00e9kenys\u00e9g\u00e9t meghat\u00e1roz\u00f3, a szervre vonatkoz\u00f3 alapvet\u0151 jogszab\u00e1lyok, k\u00f6zjogi szervezetszab\u00e1lyoz\u00f3 eszk\u00f6z\u00f6k, valamint a szervezeti \u00e9s m\u0171k\u00f6d\u00e9si szab\u00e1lyzat vagy \u00fcgyrend, az adatv\u00e9delmi \u00e9s adatbiztons\u00e1gi szab\u00e1lyzat hat\u00e1lyos \u00e9s teljes sz\u00f6vege Vonatkoz\u00f3 jogszab\u00e1lyok list\u00e1ja &gt;Szervezeti \u00e9s m\u0171k\u00f6d\u00e9si Szab\u00e1lyzat &gt;Adatv\u00e9delmi szab\u00e1lyzat &gt;<\/p>\n","protected":false},"author":3,"featured_media":0,"parent":1220,"menu_order":0,"comment_status":"closed","ping_status":"closed","template":"","meta":{"_monsterinsights_skip_tracking":false,"_monsterinsights_sitenote_active":false,"_monsterinsights_sitenote_note":"","_monsterinsights_sitenote_category":0,"footnotes":""},"class_list":["post-2840","page","type-page","status-publish","hentry"],"_links":{"self":[{"href":"https:\/\/www.kvzrt.hu\/index.php?rest_route=\/wp\/v2\/pages\/2840","targetHints":{"allow":["GET"]}}],"collection":[{"href":"https:\/\/www.kvzrt.hu\/index.php?rest_route=\/wp\/v2\/pages"}],"about":[{"href":"https:\/\/www.kvzrt.hu\/index.php?rest_route=\/wp\/v2\/types\/page"}],"author":[{"embeddable":true,"href":"https:\/\/www.kvzrt.hu\/index.php?rest_route=\/wp\/v2\/users\/3"}],"replies":[{"embeddable":true,"href":"https:\/\/www.kvzrt.hu\/index.php?rest_route=%2Fwp%2Fv2%2Fcomments&post=2840"}],"version-history":[{"count":1,"href":"https:\/\/www.kvzrt.hu\/index.php?rest_route=\/wp\/v2\/pages\/2840\/revisions"}],"predecessor-version":[{"id":2841,"href":"https:\/\/www.kvzrt.hu\/index.php?rest_route=\/wp\/v2\/pages\/2840\/revisions\/2841"}],"up":[{"embeddable":true,"href":"https:\/\/www.kvzrt.hu\/index.php?rest_route=\/wp\/v2\/pages\/1220"}],"wp:attachment":[{"href":"https:\/\/www.kvzrt.hu\/index.php?rest_route=%2Fwp%2Fv2%2Fmedia&parent=2840"}],"curies":[{"name":"wp","href":"https:\/\/api.w.org\/{rel}","templated":true}]}}