{"id":2823,"date":"2024-08-29T08:31:16","date_gmt":"2024-08-29T07:31:16","guid":{"rendered":"https:\/\/www.kvzrt.hu\/?page_id=2823"},"modified":"2024-08-29T08:33:53","modified_gmt":"2024-08-29T07:33:53","slug":"i-5-i-10","status":"publish","type":"page","link":"https:\/\/www.kvzrt.hu\/?page_id=2823","title":{"rendered":"I.05-I.10"},"content":{"rendered":"\n<figure class=\"wp-block-table\"><table><tbody><tr><td><strong>I.5.<\/strong><\/td><td><strong>Test\u00fcleti szerv eset\u00e9n a test\u00fclet l\u00e9tsz\u00e1ma, \u00f6sszet\u00e9tele, tagjainak neve, beoszt\u00e1sa, el\u00e9rhet\u0151s\u00e9ge<\/strong><\/td><\/tr><tr><td><\/td><td>T\u00e1rsas\u00e1gunkra vonatkoz\u00f3an nem relev\u00e1ns.<\/td><\/tr><tr><td><strong>I.6.<\/strong><\/td><td><strong>A k\u00f6zfeladatot ell\u00e1t\u00f3 szerv ir\u00e1ny\u00edt\u00e1sa, fel\u00fcgyelete vagy ellen\u0151rz\u00e9se alatt \u00e1ll\u00f3, vagy al\u00e1rendelts\u00e9g\u00e9ben m\u0171k\u00f6d\u0151 m\u00e1s k\u00f6zfeladatot ell\u00e1t\u00f3 szervek megnevez\u00e9se, \u00e9s 1. pontban meghat\u00e1rozott adatai<\/strong><\/td><\/tr><tr><td><\/td><td>T\u00e1rsas\u00e1gunkra vonatkoz\u00f3an nem relev\u00e1ns.<\/td><\/tr><tr><td><strong>I.7.<\/strong><\/td><td><strong>A k\u00f6zfeladatot ell\u00e1t\u00f3 szerv t\u00f6bbs\u00e9gi tulajdon\u00e1ban \u00e1ll\u00f3, illetve r\u00e9szv\u00e9tel\u00e9vel m\u0171k\u00f6d\u0151 gazd\u00e1lkod\u00f3 szervezet neve, sz\u00e9khelye, el\u00e9rhet\u0151s\u00e9ge (postai c\u00edme, telefon- \u00e9s telefaxsz\u00e1ma, elektronikus lev\u00e9lc\u00edme), tev\u00e9kenys\u00e9gi k\u00f6re, k\u00e9pvisel\u0151j\u00e9nek neve, a k\u00f6zfeladatot ell\u00e1t\u00f3 szerv r\u00e9szesed\u00e9s\u00e9nek m\u00e9rt\u00e9ke<\/strong><\/td><\/tr><tr><td><\/td><td>T\u00e1rsas\u00e1gunkra vonatkoz\u00f3an nem relev\u00e1ns.<\/td><\/tr><tr><td><strong>I.8.<\/strong><\/td><td><strong>A k\u00f6zfeladatot ell\u00e1t\u00f3 szerv \u00e1ltal alap\u00edtott k\u00f6zalap\u00edtv\u00e1nyok neve, sz\u00e9khelye, el\u00e9rhet\u0151s\u00e9ge (postai c\u00edme, telefon- \u00e9s telefaxsz\u00e1ma, elektronikus lev\u00e9lc\u00edme), alap\u00edt\u00f3 okirata, kezel\u0151 szerv\u00e9nek tagjai<\/strong><\/td><\/tr><tr><td><\/td><td>T\u00e1rsas\u00e1gunkra vonatkoz\u00f3an nem relev\u00e1ns.<\/td><\/tr><tr><td><strong>I.9.<\/strong><\/td><td><strong>A k\u00f6zfeladatot ell\u00e1t\u00f3 szerv \u00e1ltal alap\u00edtott k\u00f6lts\u00e9gvet\u00e9si szerv neve, sz\u00e9khelye, a k\u00f6lts\u00e9gvet\u00e9si szervet alap\u00edt\u00f3 jogszab\u00e1ly megjel\u00f6l\u00e9se, illetve az azt alap\u00edt\u00f3 hat\u00e1rozat, a k\u00f6lts\u00e9gvet\u00e9si szerv alap\u00edt\u00f3 okirata, vezet\u0151je, honlapj\u00e1nak el\u00e9rhet\u0151s\u00e9ge, m\u0171k\u00f6d\u00e9si enged\u00e9lye<\/strong><\/td><\/tr><tr><td><\/td><td>T\u00e1rsas\u00e1gunkra vonatkoz\u00f3an nem relev\u00e1ns.<\/td><\/tr><tr><td><strong>I.10<\/strong><\/td><td><strong>A k\u00f6zfeladatot ell\u00e1t\u00f3 szerv \u00e1ltal alap\u00edtott lapok neve, a szerkeszt\u0151s\u00e9g \u00e9s kiad\u00f3 neve \u00e9s c\u00edme, valamint a f\u0151szerkeszt\u0151 neve<\/strong><\/td><\/tr><tr><td><\/td><td>T\u00e1rsas\u00e1gunkra vonatkoz\u00f3an nem relev\u00e1ns.<\/td><\/tr><\/tbody><\/table><\/figure>\n","protected":false},"excerpt":{"rendered":"<p>I.5. Test\u00fcleti szerv eset\u00e9n a test\u00fclet l\u00e9tsz\u00e1ma, \u00f6sszet\u00e9tele, tagjainak neve, beoszt\u00e1sa, el\u00e9rhet\u0151s\u00e9ge T\u00e1rsas\u00e1gunkra vonatkoz\u00f3an nem relev\u00e1ns. I.6. A k\u00f6zfeladatot ell\u00e1t\u00f3 szerv ir\u00e1ny\u00edt\u00e1sa, fel\u00fcgyelete vagy ellen\u0151rz\u00e9se alatt \u00e1ll\u00f3, vagy al\u00e1rendelts\u00e9g\u00e9ben m\u0171k\u00f6d\u0151 m\u00e1s k\u00f6zfeladatot ell\u00e1t\u00f3 szervek megnevez\u00e9se, \u00e9s 1. pontban meghat\u00e1rozott adatai T\u00e1rsas\u00e1gunkra vonatkoz\u00f3an nem relev\u00e1ns. I.7. A k\u00f6zfeladatot ell\u00e1t\u00f3 szerv t\u00f6bbs\u00e9gi tulajdon\u00e1ban \u00e1ll\u00f3, illetve r\u00e9szv\u00e9tel\u00e9vel m\u0171k\u00f6d\u0151 [&hellip;]<\/p>\n","protected":false},"author":3,"featured_media":0,"parent":1220,"menu_order":0,"comment_status":"closed","ping_status":"closed","template":"","meta":{"_monsterinsights_skip_tracking":false,"_monsterinsights_sitenote_active":false,"_monsterinsights_sitenote_note":"","_monsterinsights_sitenote_category":0,"footnotes":""},"class_list":["post-2823","page","type-page","status-publish","hentry"],"_links":{"self":[{"href":"https:\/\/www.kvzrt.hu\/index.php?rest_route=\/wp\/v2\/pages\/2823","targetHints":{"allow":["GET"]}}],"collection":[{"href":"https:\/\/www.kvzrt.hu\/index.php?rest_route=\/wp\/v2\/pages"}],"about":[{"href":"https:\/\/www.kvzrt.hu\/index.php?rest_route=\/wp\/v2\/types\/page"}],"author":[{"embeddable":true,"href":"https:\/\/www.kvzrt.hu\/index.php?rest_route=\/wp\/v2\/users\/3"}],"replies":[{"embeddable":true,"href":"https:\/\/www.kvzrt.hu\/index.php?rest_route=%2Fwp%2Fv2%2Fcomments&post=2823"}],"version-history":[{"count":3,"href":"https:\/\/www.kvzrt.hu\/index.php?rest_route=\/wp\/v2\/pages\/2823\/revisions"}],"predecessor-version":[{"id":2834,"href":"https:\/\/www.kvzrt.hu\/index.php?rest_route=\/wp\/v2\/pages\/2823\/revisions\/2834"}],"up":[{"embeddable":true,"href":"https:\/\/www.kvzrt.hu\/index.php?rest_route=\/wp\/v2\/pages\/1220"}],"wp:attachment":[{"href":"https:\/\/www.kvzrt.hu\/index.php?rest_route=%2Fwp%2Fv2%2Fmedia&parent=2823"}],"curies":[{"name":"wp","href":"https:\/\/api.w.org\/{rel}","templated":true}]}}