{"id":2821,"date":"2024-08-29T08:30:34","date_gmt":"2024-08-29T07:30:34","guid":{"rendered":"https:\/\/www.kvzrt.hu\/?page_id=2821"},"modified":"2025-07-08T05:28:20","modified_gmt":"2025-07-08T04:28:20","slug":"i-4","status":"publish","type":"page","link":"https:\/\/www.kvzrt.hu\/?page_id=2821","title":{"rendered":"I.04."},"content":{"rendered":"\n<figure class=\"wp-block-table\"><table><tbody><tr><td><strong>I.4.<\/strong><\/td><td><strong>A szervezeten bel\u00fcl illet\u00e9kes \u00fcgyf\u00e9lkapcsolati vezet\u0151 neve, el\u00e9rhet\u0151s\u00e9ge (telefon- \u00e9s telefaxsz\u00e1ma, elektronikus lev\u00e9lc\u00edme) \u00e9s az \u00fcgyf\u00e9lfogad\u00e1si rend<\/strong><\/td><\/tr><tr><td><\/td><td><strong>\u00dcgyf\u00e9lszolg\u00e1lat \u2013 Kezel\u00e9si, m\u0171szaki, jogi \u00fcgyekben<\/strong><br>1107 Budapest Cegl\u00e9di utca 30.<br>H\u00e9tf\u0151: 14.00 \u2013 17.30<br>Szerda: 08.00 \u2013 16.00<br>P\u00e9ntek: 08.00 \u2013 11.30<br><strong>\u00dcgyf\u00e9lszolg\u00e1lati vezet\u0151:<\/strong> az adott szervezeti egys\u00e9g vezet\u0151je<br><br><strong>\u00dcgyf\u00e9lszolg\u00e1lat \u2013 Parkol\u00e1s\u00fczemeltet\u00e9s<\/strong><br>1105 Budapest, Rom\u00e1n utca 2.<br>H\u00e9tf\u0151, kedd, cs\u00fct\u00f6rt\u00f6k: 9:00-17:00<br>Szerda: 09:00-18:00<br>P\u00e9ntek: 9:00-16:00<br><br><strong>\u00dcgyf\u00e9lszolg\u00e1lati vezet\u0151:<\/strong> Himberger Istv\u00e1n<br>Telefonsz\u00e1m: 06-1-431 7276<br>Fax: 06-1-431 7277<br>E-mail: <a href=\"mailto:parkolas@kvzrt.hu\">parkolas@kvzrt.hu<\/a><\/td><\/tr><\/tbody><\/table><\/figure>\n","protected":false},"excerpt":{"rendered":"<p>I.4. A szervezeten bel\u00fcl illet\u00e9kes \u00fcgyf\u00e9lkapcsolati vezet\u0151 neve, el\u00e9rhet\u0151s\u00e9ge (telefon- \u00e9s telefaxsz\u00e1ma, elektronikus lev\u00e9lc\u00edme) \u00e9s az \u00fcgyf\u00e9lfogad\u00e1si rend \u00dcgyf\u00e9lszolg\u00e1lat \u2013 Kezel\u00e9si, m\u0171szaki, jogi \u00fcgyekben1107 Budapest Cegl\u00e9di utca 30.H\u00e9tf\u0151: 14.00 \u2013 17.30Szerda: 08.00 \u2013 16.00P\u00e9ntek: 08.00 \u2013 11.30\u00dcgyf\u00e9lszolg\u00e1lati vezet\u0151: az adott szervezeti egys\u00e9g vezet\u0151je \u00dcgyf\u00e9lszolg\u00e1lat \u2013 Parkol\u00e1s\u00fczemeltet\u00e9s1105 Budapest, Rom\u00e1n utca 2.H\u00e9tf\u0151, kedd, cs\u00fct\u00f6rt\u00f6k: 9:00-17:00Szerda: 09:00-18:00P\u00e9ntek: 9:00-16:00 [&hellip;]<\/p>\n","protected":false},"author":3,"featured_media":0,"parent":1220,"menu_order":0,"comment_status":"closed","ping_status":"closed","template":"","meta":{"_monsterinsights_skip_tracking":false,"_monsterinsights_sitenote_active":false,"_monsterinsights_sitenote_note":"","_monsterinsights_sitenote_category":0,"footnotes":""},"class_list":["post-2821","page","type-page","status-publish","hentry"],"_links":{"self":[{"href":"https:\/\/www.kvzrt.hu\/index.php?rest_route=\/wp\/v2\/pages\/2821","targetHints":{"allow":["GET"]}}],"collection":[{"href":"https:\/\/www.kvzrt.hu\/index.php?rest_route=\/wp\/v2\/pages"}],"about":[{"href":"https:\/\/www.kvzrt.hu\/index.php?rest_route=\/wp\/v2\/types\/page"}],"author":[{"embeddable":true,"href":"https:\/\/www.kvzrt.hu\/index.php?rest_route=\/wp\/v2\/users\/3"}],"replies":[{"embeddable":true,"href":"https:\/\/www.kvzrt.hu\/index.php?rest_route=%2Fwp%2Fv2%2Fcomments&post=2821"}],"version-history":[{"count":3,"href":"https:\/\/www.kvzrt.hu\/index.php?rest_route=\/wp\/v2\/pages\/2821\/revisions"}],"predecessor-version":[{"id":3046,"href":"https:\/\/www.kvzrt.hu\/index.php?rest_route=\/wp\/v2\/pages\/2821\/revisions\/3046"}],"up":[{"embeddable":true,"href":"https:\/\/www.kvzrt.hu\/index.php?rest_route=\/wp\/v2\/pages\/1220"}],"wp:attachment":[{"href":"https:\/\/www.kvzrt.hu\/index.php?rest_route=%2Fwp%2Fv2%2Fmedia&parent=2821"}],"curies":[{"name":"wp","href":"https:\/\/api.w.org\/{rel}","templated":true}]}}