{"id":2818,"date":"2024-08-29T08:29:24","date_gmt":"2024-08-29T07:29:24","guid":{"rendered":"https:\/\/www.kvzrt.hu\/?page_id=2818"},"modified":"2024-10-01T07:17:20","modified_gmt":"2024-10-01T06:17:20","slug":"i-3","status":"publish","type":"page","link":"https:\/\/www.kvzrt.hu\/?page_id=2818","title":{"rendered":"I.03."},"content":{"rendered":"\n<figure class=\"wp-block-table\"><table><tbody><tr><td><strong>I.3.<\/strong><\/td><td><strong>A k\u00f6zfeladatot ell\u00e1t\u00f3 szerv vezet\u0151inek \u00e9s az egyes szervezeti egys\u00e9gek vezet\u0151inek neve, beoszt\u00e1sa, el\u00e9rhet\u0151s\u00e9ge (telefon- \u00e9s telefaxsz\u00e1ma, elektronikus lev\u00e9lc\u00edme)<\/strong><\/td><\/tr><tr><td><\/td><td>Vez\u00e9rigazgat\u00f3: Szab\u00f3 L\u00e1szl\u00f3<br>Vez\u00e9rigazgat\u00f3-helyettes: De\u00e9zsi Tibor<br>Gazdas\u00e1gi igazgat\u00f3: Kaldenecker Zolt\u00e1n<br>M\u0171szaki igazgat\u00f3: R\u00e1bai Anna<br>Kezel\u00e9si igazgat\u00f3 \/ Ingatlan\u00fcgyi irodavezet\u0151: Hermann Ern\u0151<br>V\u00e1ros\u00fczemeltet\u00e9si igazgat\u00f3: Szarvasi \u00c1kos<br>Szervez\u00e9si \u00e9s \u00fczemeltet\u00e9si igazgat\u00f3: L\u00e9gr\u00e1di P\u00e9ter <br>Projekt Lebonyol\u00edt\u00f3 Iroda vezet\u0151je: Matel Vikt\u00f3ria<br><br>Telefonsz\u00e1m: 06-1-666-2700<br>Fax: 06-1-666-2714<br>E-mail: <a href=\"mailto:kvzrt@kvzrt.hu\">kvzrt@kvzrt.hu<\/a><\/td><\/tr><\/tbody><\/table><\/figure>\n","protected":false},"excerpt":{"rendered":"<p>I.3. A k\u00f6zfeladatot ell\u00e1t\u00f3 szerv vezet\u0151inek \u00e9s az egyes szervezeti egys\u00e9gek vezet\u0151inek neve, beoszt\u00e1sa, el\u00e9rhet\u0151s\u00e9ge (telefon- \u00e9s telefaxsz\u00e1ma, elektronikus lev\u00e9lc\u00edme) Vez\u00e9rigazgat\u00f3: Szab\u00f3 L\u00e1szl\u00f3Vez\u00e9rigazgat\u00f3-helyettes: De\u00e9zsi TiborGazdas\u00e1gi igazgat\u00f3: Kaldenecker Zolt\u00e1nM\u0171szaki igazgat\u00f3: R\u00e1bai AnnaKezel\u00e9si igazgat\u00f3 \/ Ingatlan\u00fcgyi irodavezet\u0151: Hermann Ern\u0151V\u00e1ros\u00fczemeltet\u00e9si igazgat\u00f3: Szarvasi \u00c1kosSzervez\u00e9si \u00e9s \u00fczemeltet\u00e9si igazgat\u00f3: L\u00e9gr\u00e1di P\u00e9ter Projekt Lebonyol\u00edt\u00f3 Iroda vezet\u0151je: Matel Vikt\u00f3ria Telefonsz\u00e1m: 06-1-666-2700Fax: 06-1-666-2714E-mail: kvzrt@kvzrt.hu<\/p>\n","protected":false},"author":3,"featured_media":0,"parent":1220,"menu_order":0,"comment_status":"closed","ping_status":"closed","template":"","meta":{"_monsterinsights_skip_tracking":false,"_monsterinsights_sitenote_active":false,"_monsterinsights_sitenote_note":"","_monsterinsights_sitenote_category":0,"footnotes":""},"class_list":["post-2818","page","type-page","status-publish","hentry"],"_links":{"self":[{"href":"https:\/\/www.kvzrt.hu\/index.php?rest_route=\/wp\/v2\/pages\/2818","targetHints":{"allow":["GET"]}}],"collection":[{"href":"https:\/\/www.kvzrt.hu\/index.php?rest_route=\/wp\/v2\/pages"}],"about":[{"href":"https:\/\/www.kvzrt.hu\/index.php?rest_route=\/wp\/v2\/types\/page"}],"author":[{"embeddable":true,"href":"https:\/\/www.kvzrt.hu\/index.php?rest_route=\/wp\/v2\/users\/3"}],"replies":[{"embeddable":true,"href":"https:\/\/www.kvzrt.hu\/index.php?rest_route=%2Fwp%2Fv2%2Fcomments&post=2818"}],"version-history":[{"count":3,"href":"https:\/\/www.kvzrt.hu\/index.php?rest_route=\/wp\/v2\/pages\/2818\/revisions"}],"predecessor-version":[{"id":2907,"href":"https:\/\/www.kvzrt.hu\/index.php?rest_route=\/wp\/v2\/pages\/2818\/revisions\/2907"}],"up":[{"embeddable":true,"href":"https:\/\/www.kvzrt.hu\/index.php?rest_route=\/wp\/v2\/pages\/1220"}],"wp:attachment":[{"href":"https:\/\/www.kvzrt.hu\/index.php?rest_route=%2Fwp%2Fv2%2Fmedia&parent=2818"}],"curies":[{"name":"wp","href":"https:\/\/api.w.org\/{rel}","templated":true}]}}