{"id":2814,"date":"2024-08-29T08:27:04","date_gmt":"2024-08-29T07:27:04","guid":{"rendered":"https:\/\/www.kvzrt.hu\/?page_id=2814"},"modified":"2024-08-29T08:33:45","modified_gmt":"2024-08-29T07:33:45","slug":"i-2","status":"publish","type":"page","link":"https:\/\/www.kvzrt.hu\/?page_id=2814","title":{"rendered":"I.02."},"content":{"rendered":"\n<figure class=\"wp-block-table\"><table><tbody><tr><td><strong>A k\u00f6zfeladatot ell\u00e1t\u00f3 szerv szervezeti fel\u00e9p\u00edt\u00e9se szervezeti egys\u00e9gek megjel\u00f6l\u00e9s\u00e9vel, az egyes szervezeti egys\u00e9gek feladatai<\/strong><\/td><\/tr><tr><td><strong>VEZ\u00c9RIGAZGAT\u00d3S\u00c1G<\/strong><br>A Vez\u00e9rigazgat\u00f3s\u00e1g, mint szervezeti egys\u00e9g feladata a Vagyonkezel\u0151 ir\u00e1ny\u00edt\u00e1sa, munkaszervez\u00e9se, ezek koordin\u00e1l\u00e1sa, vezet\u0151 kapcsolattart\u00e1s. A Vez\u00e9rigazgat\u00f3 mellett a szervezeti egys\u00e9gbe soroltak feladata a felel\u0151s vezet\u0151i d\u00f6nt\u00e9sek t\u00e1mogat\u00e1sa, el\u0151k\u00e9sz\u00edt\u00e9se.<br><strong>Bels\u0151 ellen\u0151rz\u00e9s<\/strong><br>Seg\u00edti a szervezeti c\u00e9lok megval\u00f3s\u00edt\u00e1s\u00e1t a bizonyoss\u00e1got ad\u00f3 \u00e9s tan\u00e1csad\u00f3i tev\u00e9kenys\u00e9g\u00e9vel, amely \u00e9rt\u00e9ket ad a Vagyonkezel\u0151 m\u0171k\u00f6d\u00e9s\u00e9hez, \u00e9s jav\u00edtja annak min\u0151s\u00e9g\u00e9t. M\u00f3dszeres \u00e9s szab\u00e1lyozott elj\u00e1r\u00e1ssal \u00e9rt\u00e9keli \u00e9s jav\u00edtja a kock\u00e1zatkezel\u00e9si, a kontroll- \u00e9s az ir\u00e1ny\u00edt\u00e1si folyamatok hat\u00e9konys\u00e1g\u00e1t.<br><strong>JOG<\/strong><br>Vagyonkezel\u0151 felel\u0151s vezet\u0151i d\u00f6nt\u00e9seinek jogi t\u00e1mogat\u00e1sa, el\u0151k\u00e9sz\u00edt\u00e9se, kapcsolattart\u00e1s az Alap\u00edt\u00f3val \u00e9s az \u00fcgyfelekkel. Vagyonkezel\u0151 \u00e9s meghat\u00e1rozott \u00fcgyekben az Alap\u00edt\u00f3 jogi k\u00e9pviselete, illetve jogi k\u00e9pviselet\u00e9nek koordin\u00e1l\u00e1sa.<br><strong>CONTROLLING<\/strong><br>Vagyonkezel\u0151 tervez\u00e9si, elemz\u00e9si feladatainak ell\u00e1t\u00e1sa.<br><strong>M\u0170SZAKI IGAZGAT\u00d3S\u00c1G<\/strong><br>Az Alap\u00edt\u00f3 \u00e9s a Vagyonkezel\u0151 k\u00f6z\u00f6tti \u2013 a feladat ell\u00e1t\u00e1s\u00e1ra vonatkoz\u00f3 \u2013 szerz\u0151d\u00e9s alapj\u00e1n portfoli\u00f3ba vont \u2013 az Alap\u00edt\u00f3, illetve a Vagyonkezel\u0151 tulajdon\u00e1ban l\u00e9v\u0151 \u2013 lak\u00f3\u00e9p\u00fcletek, lak\u00e1sok, \u00e9s nem lak\u00e1s c\u00e9lj\u00e1ra szolg\u00e1l\u00f3 helyis\u00e9gek, helyis\u00e9gcsoportok, valamint oktat\u00e1si-, eg\u00e9szs\u00e9g\u00fcgyi-, szoci\u00e1lis-, kultur\u00e1lis- \u00e9s sport c\u00e9l\u00fa int\u00e9zm\u00e9nyek teljes k\u00f6r\u0171 vagy r\u00e9szleges \u00fczemeltet\u00e9se sor\u00e1n a fenntart\u00e1ssal, \u00fczemeltet\u00e9ssel, karbantart\u00e1ssal, fel\u00faj\u00edt\u00e1ssal kapcsolatos m\u0171szaki-, el\u0151k\u00e9sz\u00edt\u0151-, lebonyol\u00edt\u00f3 tev\u00e9kenys\u00e9g ell\u00e1t\u00e1sa, hibaelh\u00e1r\u00edt\u00e1s, az \u00e9letvesz\u00e9ly elh\u00e1r\u00edt\u00e1s megrendel\u00e9se, \u00e9s a sz\u00fcks\u00e9ges kivitelez\u0151i kapacit\u00e1s biztos\u00edt\u00e1sa, \u00faj l\u00e9tes\u00edtm\u00e9nyekkel kapcsolatos beruh\u00e1z\u00f3i feladatok ell\u00e1t\u00e1sa, tov\u00e1bb\u00e1 harmadik f\u00e9l tulajdon\u00e1ban \u00e9s \u00fczemeltet\u00e9s\u00e9ben l\u00e9v\u0151 ingatlanokon \u00f6nkorm\u00e1nyzati r\u00e9szfinansz\u00edroz\u00e1sban megval\u00f3sul\u00f3 projektek beruh\u00e1z\u00f3i feladatainak ell\u00e1t\u00e1sa.<br><strong>KEZEL\u00c9SI IGAZGAT\u00d3S\u00c1G<\/strong><br>Az Alap\u00edt\u00f3 \u00e9s a Vagyonkezel\u0151 k\u00f6z\u00f6tti \u2013 a feladat ell\u00e1t\u00e1s\u00e1ra vonatkoz\u00f3 \u2013 szerz\u0151d\u00e9s alapj\u00e1n portfoli\u00f3ba vont \u2013 az Alap\u00edt\u00f3 tulajdon\u00e1ban l\u00e9v\u0151 \u2013 lak\u00f3\u00e9p\u00fcletek, lak\u00e1sok \u00e9s nem lak\u00e1s c\u00e9lj\u00e1ra szolg\u00e1l\u00f3 helyis\u00e9gek, helyis\u00e9gcsoportok \u00e9s egy\u00e9b ingatlanok kezel\u00e9si, \u00fczemeltet\u00e9si feladatainak ell\u00e1t\u00e1sa, az Alap\u00edt\u00f3, mint tulajdonos k\u00e9pviselete azon t\u00e1rsash\u00e1zakban, ahol az Alap\u00edt\u00f3 tulajdoni h\u00e1nyaddal rendelkezik, megb\u00edz\u00e1s alapj\u00e1n t\u00e1rsash\u00e1zak k\u00f6z\u00f6s k\u00e9pvisel\u0151i tev\u00e9kenys\u00e9g, illetve r\u00e9szfeladatok ell\u00e1t\u00e1s\u00e1ra.<br><strong>V\u00c1ROS\u00dcZEMELTET\u00c9SI IGAZGAT\u00d3S\u00c1G<\/strong><br>Az Alap\u00edt\u00f3 tulajdon\u00e1ban \u00e9s kezel\u00e9s\u00e9ben l\u00e9v\u0151 utak \u00e9s j\u00e1rd\u00e1k \u00e9p\u00edt\u00e9se, fel\u00faj\u00edt\u00e1sa, valamint balesetmentes k\u00f6zleked\u00e9sre alkalmas \u00e1llapotban tart\u00e1sa. Ezen ter\u00fcleteken a burkolati jelek elhelyez\u00e9se, sz\u00fcks\u00e9g szerinti fel\u00faj\u00edt\u00e1sa. Az Alap\u00edt\u00f3 tulajdon\u00e1ban l\u00e9v\u0151 k\u00f6zter\u00fcleteken parkol\u00f3k kialak\u00edt\u00e1sa, s azok \u00fczemeltet\u00e9se. Cs\u00f6kkentett sebess\u00e9g\u0171 z\u00f3n\u00e1k kialak\u00edt\u00e1s\u00e1nak kivitelez\u00e9se, forgalomcsillap\u00edt\u00f3 k\u00fcsz\u00f6b\u00f6k ki\u00e9p\u00edt\u00e9se, megl\u00e9v\u0151 balesetvesz\u00e9lyes k\u00fcsz\u00f6b\u00f6k \u00e1t\u00e9p\u00edt\u00e9se. Az Alap\u00edt\u00f3 k\u00f6lts\u00e9gvet\u00e9s\u00e9ben elfogadott, k\u00f6zter\u00fcleten l\u00e9tes\u00edtend\u0151, \u00e9s \u00e1t\u00e9p\u00edtend\u0151 k\u00f6zm\u0171vek kivitelez\u00e9se. Az Alap\u00edt\u00f3 tulajdon\u00e1ban l\u00e9v\u0151 f\u00f6ldalatti \u00fcregek vesz\u00e9lyelh\u00e1r\u00edt\u00e1sa, hasznos\u00edt\u00e1sra el\u0151k\u00e9sz\u00edt\u00e9se. Az Alap\u00edt\u00f3 k\u00f6zter\u00fcletein l\u00e9v\u0151 minden egy\u00e9b beruh\u00e1z\u00e1si ig\u00e9ny kivitelez\u00e9s\u00e9nek megval\u00f3s\u00edt\u00e1sa.<br><strong>GAZDAS\u00c1GI IGAZGAT\u00d3S\u00c1G<\/strong><br>A Vagyonkezel\u0151 vagyon\u00e1ban, eszk\u00f6zeiben \u00e9s forr\u00e1saiban bek\u00f6vetkezett gazdas\u00e1gi esem\u00e9nyek r\u00f6gz\u00edt\u00e9se, feldolgoz\u00e1sa, nyilv\u00e1ntart\u00e1sok folyamatos vezet\u00e9se. A sz\u00e1mviteli-, p\u00e9nz\u00fcgyi-, ad\u00f3z\u00e1si feladatok ell\u00e1t\u00e1sa, az \u00e9ves besz\u00e1mol\u00f3 elk\u00e9sz\u00edt\u00e9se a hat\u00e1lyos t\u00f6rv\u00e9nyi el\u0151\u00edr\u00e1soknak megfelel\u0151en.<br><strong>SZERVEZ\u00c9SI \u00c9S \u00dcZEMELTET\u00c9SI IGAZGAT\u00d3S\u00c1G<\/strong><br>A Vagyonkezel\u0151, mint v\u00e1llalat napi munk\u00e1j\u00e1nak t\u00e1mogat\u00e1sa. Min\u0151s\u00e9gir\u00e1ny\u00edt\u00e1si-, informatikai-, szerz\u0151d\u00e9s-nyilv\u00e1ntart\u00e1si-, iktat\u00e1si feladatok, a Vagyonkezel\u0151 szab\u00e1lyzatainak el\u0151k\u00e9sz\u00edt\u00e9se, beszerz\u00e9sek lebonyol\u00edt\u00e1sa. A Vagyonkezel\u0151 tulajdon\u00e1ban, b\u00e9rlem\u00e9ny\u00e9ben l\u00e9v\u0151 g\u00e9pkocsiparkkal kapcsolatos \u00fcgyek int\u00e9z\u00e9se. A Vagyonkezel\u0151 tulajdon\u00e1ban l\u00e9v\u0151 lak\u00e1sok \u00e9s nem lak\u00e1s c\u00e9lj\u00e1ra szolg\u00e1l\u00f3 helyis\u00e9gek, helyis\u00e9gcsoportok \u00e9s egy\u00e9b ingatlanok kezel\u00e9si, \u00fczemeltet\u00e9si feladatainak ell\u00e1t\u00e1sa.<br><strong>INGATLAN\u00dcGYI IRODA<\/strong><br>A szervezeti egys\u00e9g c\u00e9lja a Vagyonkezel\u0151 tev\u00e9kenys\u00e9gei k\u00f6z\u00fcl a csoportra tartoz\u00f3 feladatok ell\u00e1t\u00e1sa. Ezen bel\u00fcl az ingatlanok tulajdonba v\u00e9teli, nyilv\u00e1ntart\u00e1si \u00e9s tulajdonb\u00f3l t\u00f6rt\u00e9n\u0151 kiad\u00e1si feladatok, valamint az ingatlanok forgalmaz\u00e1s\u00e1val, k\u00f6zvet\u00edt\u00e9s\u00e9vel, cser\u00e9j\u00e9vel \u00e9s \u00e9rt\u00e9kbecsl\u00e9s\u00e9vel kapcsolatos tev\u00e9kenys\u00e9gek elv\u00e9gz\u00e9se.<br><strong>PARKOL\u00c1S\u00dcZEMELTET\u00c9SI IRODA<\/strong><br>A Parkol\u00e1s\u00fczemeltet\u00e9si iroda feladata az \u00d6nkorm\u00e1nyzat k\u00f6zigazgat\u00e1si ter\u00fclet\u00e9n m\u0171k\u00f6d\u0151 fizet\u0151parkol\u00e1si rendszer parkol\u00e1s\u00fczemeltet\u00e9si feladatainak ell\u00e1t\u00e1sa, a hat\u00e1lyos helyi \u00e9s f\u0151v\u00e1rosi rendelet alapj\u00e1n. Ennek keret\u00e9ben v\u00e9gzi a v\u00e1rakoz\u00e1si hozz\u00e1j\u00e1rul\u00e1sok kiad\u00e1s\u00e1t, az ezzel kapcsolatos adatb\u00e1zis karbantart\u00e1s\u00e1t \u00e9s folyamatosan ellen\u0151rzi az \u00e9rv\u00e9nyess\u00e9gi felt\u00e9telek fenn\u00e1ll\u00e1s\u00e1t, a v\u00e1rakoz\u00e1si \u00f6vezetben a k\u00f6z\u00fati v\u00e1rakoz\u00f3helyen k\u00f6teles a d\u00edjfizet\u00e9s teljes\u00edt\u00e9s\u00e9t, illetve a mentess\u00e9get ellen\u0151rizni \u00e9s a d\u00edjfizet\u00e9s n\u00e9lk\u00fcl v\u00e1rakoz\u00f3 j\u00e1rm\u0171 \u00fczembentart\u00f3j\u00e1val szemben p\u00f3td\u00edjat kiszabni, tov\u00e1bb\u00e1 a kiszabott p\u00f3td\u00edjak behajt\u00e1sa ir\u00e1nt int\u00e9zkedni, valamint a parkol\u00e1s\u00fczemeltet\u00e9ssel kapcsolatos egy\u00e9b \u00fcgyf\u00e9lszolg\u00e1lati feladatokat ell\u00e1tni.<\/td><td><\/td><\/tr><\/tbody><\/table><\/figure>\n","protected":false},"excerpt":{"rendered":"<p>A k\u00f6zfeladatot ell\u00e1t\u00f3 szerv szervezeti fel\u00e9p\u00edt\u00e9se szervezeti egys\u00e9gek megjel\u00f6l\u00e9s\u00e9vel, az egyes szervezeti egys\u00e9gek feladatai VEZ\u00c9RIGAZGAT\u00d3S\u00c1GA Vez\u00e9rigazgat\u00f3s\u00e1g, mint szervezeti egys\u00e9g feladata a Vagyonkezel\u0151 ir\u00e1ny\u00edt\u00e1sa, munkaszervez\u00e9se, ezek koordin\u00e1l\u00e1sa, vezet\u0151 kapcsolattart\u00e1s. A Vez\u00e9rigazgat\u00f3 mellett a szervezeti egys\u00e9gbe soroltak feladata a felel\u0151s vezet\u0151i d\u00f6nt\u00e9sek t\u00e1mogat\u00e1sa, el\u0151k\u00e9sz\u00edt\u00e9se.Bels\u0151 ellen\u0151rz\u00e9sSeg\u00edti a szervezeti c\u00e9lok megval\u00f3s\u00edt\u00e1s\u00e1t a bizonyoss\u00e1got ad\u00f3 \u00e9s tan\u00e1csad\u00f3i tev\u00e9kenys\u00e9g\u00e9vel, amely \u00e9rt\u00e9ket [&hellip;]<\/p>\n","protected":false},"author":3,"featured_media":0,"parent":1220,"menu_order":0,"comment_status":"closed","ping_status":"closed","template":"","meta":{"_monsterinsights_skip_tracking":false,"_monsterinsights_sitenote_active":false,"_monsterinsights_sitenote_note":"","_monsterinsights_sitenote_category":0,"footnotes":""},"class_list":["post-2814","page","type-page","status-publish","hentry"],"_links":{"self":[{"href":"https:\/\/www.kvzrt.hu\/index.php?rest_route=\/wp\/v2\/pages\/2814","targetHints":{"allow":["GET"]}}],"collection":[{"href":"https:\/\/www.kvzrt.hu\/index.php?rest_route=\/wp\/v2\/pages"}],"about":[{"href":"https:\/\/www.kvzrt.hu\/index.php?rest_route=\/wp\/v2\/types\/page"}],"author":[{"embeddable":true,"href":"https:\/\/www.kvzrt.hu\/index.php?rest_route=\/wp\/v2\/users\/3"}],"replies":[{"embeddable":true,"href":"https:\/\/www.kvzrt.hu\/index.php?rest_route=%2Fwp%2Fv2%2Fcomments&post=2814"}],"version-history":[{"count":4,"href":"https:\/\/www.kvzrt.hu\/index.php?rest_route=\/wp\/v2\/pages\/2814\/revisions"}],"predecessor-version":[{"id":2832,"href":"https:\/\/www.kvzrt.hu\/index.php?rest_route=\/wp\/v2\/pages\/2814\/revisions\/2832"}],"up":[{"embeddable":true,"href":"https:\/\/www.kvzrt.hu\/index.php?rest_route=\/wp\/v2\/pages\/1220"}],"wp:attachment":[{"href":"https:\/\/www.kvzrt.hu\/index.php?rest_route=%2Fwp%2Fv2%2Fmedia&parent=2814"}],"curies":[{"name":"wp","href":"https:\/\/api.w.org\/{rel}","templated":true}]}}