{"id":2809,"date":"2024-08-29T08:23:39","date_gmt":"2024-08-29T07:23:39","guid":{"rendered":"https:\/\/www.kvzrt.hu\/?page_id=2809"},"modified":"2025-07-08T05:28:43","modified_gmt":"2025-07-08T04:28:43","slug":"i-1","status":"publish","type":"page","link":"https:\/\/www.kvzrt.hu\/?page_id=2809","title":{"rendered":"I.01."},"content":{"rendered":"\n<figure class=\"wp-block-table\"><table><tbody><tr><td><strong>A k\u00f6zfeladatot ell\u00e1t\u00f3 szerv hivatalos neve, sz\u00e9khelye, postai c\u00edme, telefon- \u00e9s telefaxsz\u00e1ma, elektronikus lev\u00e9lc\u00edme, honlapja, \u00fcgyf\u00e9lszolg\u00e1lat\u00e1nak el\u00e9rhet\u0151s\u00e9gei<\/strong><\/td><\/tr><tr><td><strong>K\u0151b\u00e1nyai Vagyonkezel\u0151 Zrt.<\/strong><br>1107 Budapest, Cegl\u00e9di utca 30.<br>K\u00f6zponti telefonsz\u00e1m: 06-1-666-2700<br>K\u00f6zponti fax: 06-1-666-2714<br>E-mail: <a href=\"mailto:kvzrt@kvzrt.hu\">kvzrt@kvzrt.hu<\/a><br>weblap: <a href=\"https:\/\/www.kvzrt.hu\/\">www.kvzrt.hu<\/a><br><strong>\u00dcgyf\u00e9lszolg\u00e1lat:<\/strong><br>1107 Budapest, Cegl\u00e9di utca 30.<br>K\u00f6zponti telefonsz\u00e1m: 06-1-666-2700<br>K\u00f6zponti fax: 06-1-666-2714<br>H\u00e9tf\u0151: 14.00 \u2013 17.30<br>Szerda: 08.00 \u2013 16.00<br>P\u00e9ntek: 08.00 \u2013 11.30<br><strong>\u00dcgyf\u00e9lszolg\u00e1lat \u2013 Parkol\u00e1s\u00fczemeltet\u00e9s:<\/strong><br>C\u00edm: 1105 Budapest, Rom\u00e1n utca 2.<br>Telefonsz\u00e1m: 06-1-431 7276<br>Fax: 06-1-431 7277<br>E-mail: <a href=\"mailto:parkolas@kvzrt.hu\">parkolas@kvzrt.hu<\/a><br>H\u00e9tf\u0151, kedd, cs\u00fct\u00f6rt\u00f6k: 9:00-17:00<br>Szerda: 09:00-18:00<br>P\u00e9ntek: 9:00-16:00<\/td><td><\/td><\/tr><\/tbody><\/table><\/figure>\n","protected":false},"excerpt":{"rendered":"<p>A k\u00f6zfeladatot ell\u00e1t\u00f3 szerv hivatalos neve, sz\u00e9khelye, postai c\u00edme, telefon- \u00e9s telefaxsz\u00e1ma, elektronikus lev\u00e9lc\u00edme, honlapja, \u00fcgyf\u00e9lszolg\u00e1lat\u00e1nak el\u00e9rhet\u0151s\u00e9gei K\u0151b\u00e1nyai Vagyonkezel\u0151 Zrt.1107 Budapest, Cegl\u00e9di utca 30.K\u00f6zponti telefonsz\u00e1m: 06-1-666-2700K\u00f6zponti fax: 06-1-666-2714E-mail: kvzrt@kvzrt.huweblap: www.kvzrt.hu\u00dcgyf\u00e9lszolg\u00e1lat:1107 Budapest, Cegl\u00e9di utca 30.K\u00f6zponti telefonsz\u00e1m: 06-1-666-2700K\u00f6zponti fax: 06-1-666-2714H\u00e9tf\u0151: 14.00 \u2013 17.30Szerda: 08.00 \u2013 16.00P\u00e9ntek: 08.00 \u2013 11.30\u00dcgyf\u00e9lszolg\u00e1lat \u2013 Parkol\u00e1s\u00fczemeltet\u00e9s:C\u00edm: 1105 Budapest, Rom\u00e1n utca 2.Telefonsz\u00e1m: 06-1-431 [&hellip;]<\/p>\n","protected":false},"author":3,"featured_media":0,"parent":1220,"menu_order":0,"comment_status":"closed","ping_status":"closed","template":"","meta":{"_monsterinsights_skip_tracking":false,"_monsterinsights_sitenote_active":false,"_monsterinsights_sitenote_note":"","_monsterinsights_sitenote_category":0,"footnotes":""},"class_list":["post-2809","page","type-page","status-publish","hentry"],"_links":{"self":[{"href":"https:\/\/www.kvzrt.hu\/index.php?rest_route=\/wp\/v2\/pages\/2809","targetHints":{"allow":["GET"]}}],"collection":[{"href":"https:\/\/www.kvzrt.hu\/index.php?rest_route=\/wp\/v2\/pages"}],"about":[{"href":"https:\/\/www.kvzrt.hu\/index.php?rest_route=\/wp\/v2\/types\/page"}],"author":[{"embeddable":true,"href":"https:\/\/www.kvzrt.hu\/index.php?rest_route=\/wp\/v2\/users\/3"}],"replies":[{"embeddable":true,"href":"https:\/\/www.kvzrt.hu\/index.php?rest_route=%2Fwp%2Fv2%2Fcomments&post=2809"}],"version-history":[{"count":4,"href":"https:\/\/www.kvzrt.hu\/index.php?rest_route=\/wp\/v2\/pages\/2809\/revisions"}],"predecessor-version":[{"id":3047,"href":"https:\/\/www.kvzrt.hu\/index.php?rest_route=\/wp\/v2\/pages\/2809\/revisions\/3047"}],"up":[{"embeddable":true,"href":"https:\/\/www.kvzrt.hu\/index.php?rest_route=\/wp\/v2\/pages\/1220"}],"wp:attachment":[{"href":"https:\/\/www.kvzrt.hu\/index.php?rest_route=%2Fwp%2Fv2%2Fmedia&parent=2809"}],"curies":[{"name":"wp","href":"https:\/\/api.w.org\/{rel}","templated":true}]}}