{"id":2796,"date":"2024-08-28T11:25:22","date_gmt":"2024-08-28T10:25:22","guid":{"rendered":"https:\/\/www.kvzrt.hu\/?page_id=2796"},"modified":"2025-07-30T09:51:50","modified_gmt":"2025-07-30T08:51:50","slug":"alapszabaly","status":"publish","type":"page","link":"https:\/\/www.kvzrt.hu\/?page_id=2796","title":{"rendered":"Alapszab\u00e1ly"},"content":{"rendered":"\n<p><a href=\"https:\/\/www.kvzrt.hu\/wp-content\/uploads\/2025\/07\/Alapszabaly-2024dec1.pdf\">A K\u0151b\u00e1nyai Vagyonkezel\u0151 Zrt. Alapszab\u00e1lya (m\u00f3dos\u00edt\u00e1sokkal egys\u00e9ges szerkezetben) 2024.12.01.<\/a><\/p>\n\n\n\n<p><a href=\"https:\/\/www.kvzrt.hu\/wp-content\/uploads\/2023\/10\/alapszabaly_2021.06.01.pdf\" target=\"_blank\" rel=\"noreferrer noopener\">A K\u0151b\u00e1nyai Vagyonkezel\u0151 Zrt. Alapszab\u00e1lya (m\u00f3dos\u00edt\u00e1sokkal egys\u00e9ges szerkezetben) 2021.06.01.<\/a><\/p>\n\n\n\n<p><\/p>\n","protected":false},"excerpt":{"rendered":"<p>A K\u0151b\u00e1nyai Vagyonkezel\u0151 Zrt. Alapszab\u00e1lya (m\u00f3dos\u00edt\u00e1sokkal egys\u00e9ges szerkezetben) 2024.12.01. A K\u0151b\u00e1nyai Vagyonkezel\u0151 Zrt. Alapszab\u00e1lya (m\u00f3dos\u00edt\u00e1sokkal egys\u00e9ges szerkezetben) 2021.06.01.<\/p>\n","protected":false},"author":3,"featured_media":0,"parent":1220,"menu_order":0,"comment_status":"closed","ping_status":"closed","template":"","meta":{"_monsterinsights_skip_tracking":false,"_monsterinsights_sitenote_active":false,"_monsterinsights_sitenote_note":"","_monsterinsights_sitenote_category":0,"footnotes":""},"class_list":["post-2796","page","type-page","status-publish","hentry"],"_links":{"self":[{"href":"https:\/\/www.kvzrt.hu\/index.php?rest_route=\/wp\/v2\/pages\/2796","targetHints":{"allow":["GET"]}}],"collection":[{"href":"https:\/\/www.kvzrt.hu\/index.php?rest_route=\/wp\/v2\/pages"}],"about":[{"href":"https:\/\/www.kvzrt.hu\/index.php?rest_route=\/wp\/v2\/types\/page"}],"author":[{"embeddable":true,"href":"https:\/\/www.kvzrt.hu\/index.php?rest_route=\/wp\/v2\/users\/3"}],"replies":[{"embeddable":true,"href":"https:\/\/www.kvzrt.hu\/index.php?rest_route=%2Fwp%2Fv2%2Fcomments&post=2796"}],"version-history":[{"count":2,"href":"https:\/\/www.kvzrt.hu\/index.php?rest_route=\/wp\/v2\/pages\/2796\/revisions"}],"predecessor-version":[{"id":3055,"href":"https:\/\/www.kvzrt.hu\/index.php?rest_route=\/wp\/v2\/pages\/2796\/revisions\/3055"}],"up":[{"embeddable":true,"href":"https:\/\/www.kvzrt.hu\/index.php?rest_route=\/wp\/v2\/pages\/1220"}],"wp:attachment":[{"href":"https:\/\/www.kvzrt.hu\/index.php?rest_route=%2Fwp%2Fv2%2Fmedia&parent=2796"}],"curies":[{"name":"wp","href":"https:\/\/api.w.org\/{rel}","templated":true}]}}