{"id":2794,"date":"2024-08-28T11:24:34","date_gmt":"2024-08-28T10:24:34","guid":{"rendered":"https:\/\/www.kvzrt.hu\/?page_id=2794"},"modified":"2024-08-28T11:28:08","modified_gmt":"2024-08-28T10:28:08","slug":"a-felugyelobizottsag-ugyrendje-2020-07-01","status":"publish","type":"page","link":"https:\/\/www.kvzrt.hu\/?page_id=2794","title":{"rendered":"FB \u00dcgyrend"},"content":{"rendered":"\n<p>A Fel\u00fcgyel\u0151bizotts\u00e1g \u00dcgyrendje (\u00e9rv\u00e9nyes 2020.07.01.)<\/p>\n\n\n\n<p>Let\u00f6lthet\u0151: <a href=\"https:\/\/www.kvzrt.hu\/wp-content\/uploads\/2023\/10\/KVZRT_FB-ugyrend_2020.07.01.pdf\">https:\/\/www.kvzrt.hu\/wp-content\/uploads\/2023\/10\/KVZRT_FB-ugyrend_2020.07.01.pdf<\/a><\/p>\n","protected":false},"excerpt":{"rendered":"<p>A Fel\u00fcgyel\u0151bizotts\u00e1g \u00dcgyrendje (\u00e9rv\u00e9nyes 2020.07.01.) Let\u00f6lthet\u0151: https:\/\/www.kvzrt.hu\/wp-content\/uploads\/2023\/10\/KVZRT_FB-ugyrend_2020.07.01.pdf<\/p>\n","protected":false},"author":3,"featured_media":0,"parent":1220,"menu_order":0,"comment_status":"closed","ping_status":"closed","template":"","meta":{"_monsterinsights_skip_tracking":false,"_monsterinsights_sitenote_active":false,"_monsterinsights_sitenote_note":"","_monsterinsights_sitenote_category":0,"footnotes":""},"class_list":["post-2794","page","type-page","status-publish","hentry"],"_links":{"self":[{"href":"https:\/\/www.kvzrt.hu\/index.php?rest_route=\/wp\/v2\/pages\/2794","targetHints":{"allow":["GET"]}}],"collection":[{"href":"https:\/\/www.kvzrt.hu\/index.php?rest_route=\/wp\/v2\/pages"}],"about":[{"href":"https:\/\/www.kvzrt.hu\/index.php?rest_route=\/wp\/v2\/types\/page"}],"author":[{"embeddable":true,"href":"https:\/\/www.kvzrt.hu\/index.php?rest_route=\/wp\/v2\/users\/3"}],"replies":[{"embeddable":true,"href":"https:\/\/www.kvzrt.hu\/index.php?rest_route=%2Fwp%2Fv2%2Fcomments&post=2794"}],"version-history":[{"count":2,"href":"https:\/\/www.kvzrt.hu\/index.php?rest_route=\/wp\/v2\/pages\/2794\/revisions"}],"predecessor-version":[{"id":2799,"href":"https:\/\/www.kvzrt.hu\/index.php?rest_route=\/wp\/v2\/pages\/2794\/revisions\/2799"}],"up":[{"embeddable":true,"href":"https:\/\/www.kvzrt.hu\/index.php?rest_route=\/wp\/v2\/pages\/1220"}],"wp:attachment":[{"href":"https:\/\/www.kvzrt.hu\/index.php?rest_route=%2Fwp%2Fv2%2Fmedia&parent=2794"}],"curies":[{"name":"wp","href":"https:\/\/api.w.org\/{rel}","templated":true}]}}