{"id":2792,"date":"2024-08-28T11:23:46","date_gmt":"2024-08-28T10:23:46","guid":{"rendered":"https:\/\/www.kvzrt.hu\/?page_id=2792"},"modified":"2024-08-28T11:28:47","modified_gmt":"2024-08-28T10:28:47","slug":"elektronikus-alairasok-nyilvantartasa-es-kozzetetele","status":"publish","type":"page","link":"https:\/\/www.kvzrt.hu\/?page_id=2792","title":{"rendered":"Elektronikus al\u00e1\u00edr\u00e1sok"},"content":{"rendered":"\n<p>Elektronikus al\u00e1\u00edr\u00e1sok nyilv\u00e1ntart\u00e1sa \u00e9s k\u00f6zz\u00e9t\u00e9tele:<\/p>\n\n\n\n<p>Let\u00f6lthet\u0151: <a href=\"https:\/\/www.kvzrt.hu\/wp-content\/uploads\/2022\/01\/Elektronikus_alairasok-1-20220125.pdf\">https:\/\/www.kvzrt.hu\/wp-content\/uploads\/2022\/01\/Elektronikus_alairasok-1-20220125.pdf<\/a><\/p>\n","protected":false},"excerpt":{"rendered":"<p>Elektronikus al\u00e1\u00edr\u00e1sok nyilv\u00e1ntart\u00e1sa \u00e9s k\u00f6zz\u00e9t\u00e9tele: Let\u00f6lthet\u0151: https:\/\/www.kvzrt.hu\/wp-content\/uploads\/2022\/01\/Elektronikus_alairasok-1-20220125.pdf<\/p>\n","protected":false},"author":3,"featured_media":0,"parent":1220,"menu_order":0,"comment_status":"closed","ping_status":"closed","template":"","meta":{"_monsterinsights_skip_tracking":false,"_monsterinsights_sitenote_active":false,"_monsterinsights_sitenote_note":"","_monsterinsights_sitenote_category":0,"footnotes":""},"class_list":["post-2792","page","type-page","status-publish","hentry"],"_links":{"self":[{"href":"https:\/\/www.kvzrt.hu\/index.php?rest_route=\/wp\/v2\/pages\/2792","targetHints":{"allow":["GET"]}}],"collection":[{"href":"https:\/\/www.kvzrt.hu\/index.php?rest_route=\/wp\/v2\/pages"}],"about":[{"href":"https:\/\/www.kvzrt.hu\/index.php?rest_route=\/wp\/v2\/types\/page"}],"author":[{"embeddable":true,"href":"https:\/\/www.kvzrt.hu\/index.php?rest_route=\/wp\/v2\/users\/3"}],"replies":[{"embeddable":true,"href":"https:\/\/www.kvzrt.hu\/index.php?rest_route=%2Fwp%2Fv2%2Fcomments&post=2792"}],"version-history":[{"count":2,"href":"https:\/\/www.kvzrt.hu\/index.php?rest_route=\/wp\/v2\/pages\/2792\/revisions"}],"predecessor-version":[{"id":2800,"href":"https:\/\/www.kvzrt.hu\/index.php?rest_route=\/wp\/v2\/pages\/2792\/revisions\/2800"}],"up":[{"embeddable":true,"href":"https:\/\/www.kvzrt.hu\/index.php?rest_route=\/wp\/v2\/pages\/1220"}],"wp:attachment":[{"href":"https:\/\/www.kvzrt.hu\/index.php?rest_route=%2Fwp%2Fv2%2Fmedia&parent=2792"}],"curies":[{"name":"wp","href":"https:\/\/api.w.org\/{rel}","templated":true}]}}