{"id":2140,"date":"2020-11-18T08:00:50","date_gmt":"2020-11-18T07:00:50","guid":{"rendered":"https:\/\/www.kvzrt.hu\/?page_id=2140"},"modified":"2020-11-18T08:00:50","modified_gmt":"2020-11-18T07:00:50","slug":"online-igenyles","status":"publish","type":"page","link":"https:\/\/www.kvzrt.hu\/?page_id=2140","title":{"rendered":"Online ig\u00e9nyl\u00e9s"},"content":{"rendered":"<p><a href=\"https:\/\/parkolas.kvzrt.hu\/login.php\" target=\"_blank\" rel=\"noopener\">Online fel\u00fclet\u00fcnk el\u00e9rhet\u0151 ide kattintva &#8211; Kiz\u00e1r\u00f3lag lakoss\u00e1gi v\u00e1rakoz\u00e1si hozz\u00e1j\u00e1rul\u00e1sok kiv\u00e1lt\u00e1s\u00e1ra!<\/a><\/p>\n","protected":false},"excerpt":{"rendered":"<p>Online fel\u00fclet\u00fcnk el\u00e9rhet\u0151 ide kattintva &#8211; Kiz\u00e1r\u00f3lag lakoss\u00e1gi v\u00e1rakoz\u00e1si hozz\u00e1j\u00e1rul\u00e1sok kiv\u00e1lt\u00e1s\u00e1ra!<\/p>\n","protected":false},"author":3,"featured_media":0,"parent":83,"menu_order":0,"comment_status":"closed","ping_status":"closed","template":"","meta":{"_monsterinsights_skip_tracking":false,"_monsterinsights_sitenote_active":false,"_monsterinsights_sitenote_note":"","_monsterinsights_sitenote_category":0,"footnotes":""},"class_list":["post-2140","page","type-page","status-publish","hentry"],"_links":{"self":[{"href":"https:\/\/www.kvzrt.hu\/index.php?rest_route=\/wp\/v2\/pages\/2140","targetHints":{"allow":["GET"]}}],"collection":[{"href":"https:\/\/www.kvzrt.hu\/index.php?rest_route=\/wp\/v2\/pages"}],"about":[{"href":"https:\/\/www.kvzrt.hu\/index.php?rest_route=\/wp\/v2\/types\/page"}],"author":[{"embeddable":true,"href":"https:\/\/www.kvzrt.hu\/index.php?rest_route=\/wp\/v2\/users\/3"}],"replies":[{"embeddable":true,"href":"https:\/\/www.kvzrt.hu\/index.php?rest_route=%2Fwp%2Fv2%2Fcomments&post=2140"}],"version-history":[{"count":1,"href":"https:\/\/www.kvzrt.hu\/index.php?rest_route=\/wp\/v2\/pages\/2140\/revisions"}],"predecessor-version":[{"id":2141,"href":"https:\/\/www.kvzrt.hu\/index.php?rest_route=\/wp\/v2\/pages\/2140\/revisions\/2141"}],"up":[{"embeddable":true,"href":"https:\/\/www.kvzrt.hu\/index.php?rest_route=\/wp\/v2\/pages\/83"}],"wp:attachment":[{"href":"https:\/\/www.kvzrt.hu\/index.php?rest_route=%2Fwp%2Fv2%2Fmedia&parent=2140"}],"curies":[{"name":"wp","href":"https:\/\/api.w.org\/{rel}","templated":true}]}}