{"id":1824,"date":"2019-06-03T15:34:13","date_gmt":"2019-06-03T14:34:13","guid":{"rendered":"http:\/\/www.kvzrt.hu\/?page_id=1824"},"modified":"2019-06-03T15:37:30","modified_gmt":"2019-06-03T14:37:30","slug":"keresztury-d-a-i-futes-felujitas","status":"publish","type":"page","link":"https:\/\/www.kvzrt.hu\/?page_id=1824","title":{"rendered":"Keresztury D.\u00c1.I. F\u0171t\u00e9s fel\u00faj\u00edt\u00e1s"},"content":{"rendered":"<p><a href=\"http:\/\/www.kvzrt.hu\/wp-content\/uploads\/2019\/06\/felhivas-4.pdf\">felhivas<\/a><\/p>\n<p><a href=\"http:\/\/www.kvzrt.hu\/wp-content\/uploads\/2019\/06\/KVZrt_Kereszt\u00faryD\u00c1I_f\u0171t\u00e9s_KD_v2.pdf\">KVZrt_Kereszt\u00faryD\u00c1I_f\u0171t\u00e9s_KD_v2<\/a><\/p>\n<p><a href=\"http:\/\/www.kvzrt.hu\/wp-content\/uploads\/2019\/06\/Keresztury-Dezs\u0151-\u00c1ltal\u00e1nos-Iskola-f\u0171t\u00e9s-fel\u00faj\u00edt\u00e1s-v\u00e1llalkoz\u00e1si-szerz\u0151d\u00e9s-tervezet.pdf\">Keresztury Dezs\u0151 \u00c1ltal\u00e1nos Iskola f\u0171t\u00e9s fel\u00faj\u00edt\u00e1s &#8211; v\u00e1llalkoz\u00e1si szerz\u0151d\u00e9s-tervezet<\/a><\/p>\n<p><a href=\"http:\/\/www.kvzrt.hu\/wp-content\/uploads\/2019\/06\/felhivas-M\u00d3D.pdf\">felhivas M\u00d3D<\/a><\/p>\n<p><a href=\"http:\/\/www.kvzrt.hu\/wp-content\/uploads\/2019\/06\/EKR000514462019_bontasi_jegyzokonyv_201905070720.pdf\">EKR000514462019_bontasi_jegyzokonyv_201905070720<\/a><\/p>\n<p>&nbsp;<\/p>\n","protected":false},"excerpt":{"rendered":"<p>felhivas KVZrt_Kereszt\u00faryD\u00c1I_f\u0171t\u00e9s_KD_v2 Keresztury Dezs\u0151 \u00c1ltal\u00e1nos Iskola f\u0171t\u00e9s fel\u00faj\u00edt\u00e1s &#8211; v\u00e1llalkoz\u00e1si szerz\u0151d\u00e9s-tervezet felhivas M\u00d3D EKR000514462019_bontasi_jegyzokonyv_201905070720 &nbsp;<\/p>\n","protected":false},"author":2,"featured_media":0,"parent":1744,"menu_order":0,"comment_status":"closed","ping_status":"closed","template":"","meta":{"_monsterinsights_skip_tracking":false,"_monsterinsights_sitenote_active":false,"_monsterinsights_sitenote_note":"","_monsterinsights_sitenote_category":0,"footnotes":""},"class_list":["post-1824","page","type-page","status-publish","hentry"],"_links":{"self":[{"href":"https:\/\/www.kvzrt.hu\/index.php?rest_route=\/wp\/v2\/pages\/1824","targetHints":{"allow":["GET"]}}],"collection":[{"href":"https:\/\/www.kvzrt.hu\/index.php?rest_route=\/wp\/v2\/pages"}],"about":[{"href":"https:\/\/www.kvzrt.hu\/index.php?rest_route=\/wp\/v2\/types\/page"}],"author":[{"embeddable":true,"href":"https:\/\/www.kvzrt.hu\/index.php?rest_route=\/wp\/v2\/users\/2"}],"replies":[{"embeddable":true,"href":"https:\/\/www.kvzrt.hu\/index.php?rest_route=%2Fwp%2Fv2%2Fcomments&post=1824"}],"version-history":[{"count":3,"href":"https:\/\/www.kvzrt.hu\/index.php?rest_route=\/wp\/v2\/pages\/1824\/revisions"}],"predecessor-version":[{"id":1832,"href":"https:\/\/www.kvzrt.hu\/index.php?rest_route=\/wp\/v2\/pages\/1824\/revisions\/1832"}],"up":[{"embeddable":true,"href":"https:\/\/www.kvzrt.hu\/index.php?rest_route=\/wp\/v2\/pages\/1744"}],"wp:attachment":[{"href":"https:\/\/www.kvzrt.hu\/index.php?rest_route=%2Fwp%2Fv2%2Fmedia&parent=1824"}],"curies":[{"name":"wp","href":"https:\/\/api.w.org\/{rel}","templated":true}]}}