{"id":1814,"date":"2019-06-03T15:27:45","date_gmt":"2019-06-03T14:27:45","guid":{"rendered":"http:\/\/www.kvzrt.hu\/?page_id=1814"},"modified":"2019-06-03T15:31:43","modified_gmt":"2019-06-03T14:31:43","slug":"gepeszeti-gyorsszolgalat-2019","status":"publish","type":"page","link":"https:\/\/www.kvzrt.hu\/?page_id=1814","title":{"rendered":"G\u00e9p\u00e9szeti gyorsszolg\u00e1lat 2019"},"content":{"rendered":"<p><a href=\"http:\/\/www.kvzrt.hu\/wp-content\/uploads\/2019\/06\/felhivas-3.pdf\">felhivas<\/a><\/p>\n<p><a href=\"http:\/\/www.kvzrt.hu\/wp-content\/uploads\/2019\/06\/K\u00f6zbeszerz\u00e9si-dokumentum_G\u00e9p\u00e9szeti-gyorsszolg\u00e1lat.pdf\">K\u00f6zbeszerz\u00e9si dokumentum_G\u00e9p\u00e9szeti gyorsszolg\u00e1lat<\/a><\/p>\n<p><a href=\"http:\/\/www.kvzrt.hu\/wp-content\/uploads\/2019\/06\/M\u0171szaki-le\u00edr\u00e1s_G\u00e9p\u00e9szeti-gyorsszolg\u00e1lat_V\u00e9gleges.pdf\">M\u0171szaki le\u00edr\u00e1s_G\u00e9p\u00e9szeti gyorsszolg\u00e1lat_V\u00e9gleges<\/a><\/p>\n<p><a href=\"http:\/\/www.kvzrt.hu\/wp-content\/uploads\/2019\/06\/V\u00e1llalkoz\u00e1si-keretszerz\u0151d\u00e9s-Gyorszolg\u00e1lat-g\u00e9p\u00e9szet_190414.pdf\">V\u00e1llalkoz\u00e1si keretszerz\u0151d\u00e9s &#8211; Gyorszolg\u00e1lat, g\u00e9p\u00e9szet_190414<\/a><\/p>\n<p><a href=\"http:\/\/www.kvzrt.hu\/wp-content\/uploads\/2019\/06\/Gyorsszolg\u00e1lat-\u00e9p\u00fcletg\u00e9p\u00e9szet_\u00e1razatlan-t\u00e9teles-k\u00f6lts\u00e9gvet\u00e9s.pdf\">Gyorsszolg\u00e1lat \u00e9p\u00fcletg\u00e9p\u00e9szet_\u00e1razatlan t\u00e9teles k\u00f6lts\u00e9gvet\u00e9s<\/a><\/p>\n<p><a href=\"http:\/\/www.kvzrt.hu\/wp-content\/uploads\/2019\/06\/KVZrt_G\u00e9p\u00e9szeti-gyorsszolg_Bont\u00e1siJK.pdf\">KVZrt_G\u00e9p\u00e9szeti gyorsszolg_Bont\u00e1siJK<\/a><\/p>\n","protected":false},"excerpt":{"rendered":"<p>felhivas K\u00f6zbeszerz\u00e9si dokumentum_G\u00e9p\u00e9szeti gyorsszolg\u00e1lat M\u0171szaki le\u00edr\u00e1s_G\u00e9p\u00e9szeti gyorsszolg\u00e1lat_V\u00e9gleges V\u00e1llalkoz\u00e1si keretszerz\u0151d\u00e9s &#8211; Gyorszolg\u00e1lat, g\u00e9p\u00e9szet_190414 Gyorsszolg\u00e1lat \u00e9p\u00fcletg\u00e9p\u00e9szet_\u00e1razatlan t\u00e9teles k\u00f6lts\u00e9gvet\u00e9s KVZrt_G\u00e9p\u00e9szeti gyorsszolg_Bont\u00e1siJK<\/p>\n","protected":false},"author":2,"featured_media":0,"parent":1744,"menu_order":0,"comment_status":"closed","ping_status":"closed","template":"","meta":{"_monsterinsights_skip_tracking":false,"_monsterinsights_sitenote_active":false,"_monsterinsights_sitenote_note":"","_monsterinsights_sitenote_category":0,"footnotes":""},"class_list":["post-1814","page","type-page","status-publish","hentry"],"_links":{"self":[{"href":"https:\/\/www.kvzrt.hu\/index.php?rest_route=\/wp\/v2\/pages\/1814","targetHints":{"allow":["GET"]}}],"collection":[{"href":"https:\/\/www.kvzrt.hu\/index.php?rest_route=\/wp\/v2\/pages"}],"about":[{"href":"https:\/\/www.kvzrt.hu\/index.php?rest_route=\/wp\/v2\/types\/page"}],"author":[{"embeddable":true,"href":"https:\/\/www.kvzrt.hu\/index.php?rest_route=\/wp\/v2\/users\/2"}],"replies":[{"embeddable":true,"href":"https:\/\/www.kvzrt.hu\/index.php?rest_route=%2Fwp%2Fv2%2Fcomments&post=1814"}],"version-history":[{"count":3,"href":"https:\/\/www.kvzrt.hu\/index.php?rest_route=\/wp\/v2\/pages\/1814\/revisions"}],"predecessor-version":[{"id":1823,"href":"https:\/\/www.kvzrt.hu\/index.php?rest_route=\/wp\/v2\/pages\/1814\/revisions\/1823"}],"up":[{"embeddable":true,"href":"https:\/\/www.kvzrt.hu\/index.php?rest_route=\/wp\/v2\/pages\/1744"}],"wp:attachment":[{"href":"https:\/\/www.kvzrt.hu\/index.php?rest_route=%2Fwp%2Fv2%2Fmedia&parent=1814"}],"curies":[{"name":"wp","href":"https:\/\/api.w.org\/{rel}","templated":true}]}}