{"id":1805,"date":"2019-06-03T15:24:18","date_gmt":"2019-06-03T14:24:18","guid":{"rendered":"http:\/\/www.kvzrt.hu\/?page_id=1805"},"modified":"2019-06-03T15:26:49","modified_gmt":"2019-06-03T14:26:49","slug":"gesztenye-ovoda-udvar","status":"publish","type":"page","link":"https:\/\/www.kvzrt.hu\/?page_id=1805","title":{"rendered":"Gesztenye \u00f3voda udvar"},"content":{"rendered":"<p><a href=\"http:\/\/www.kvzrt.hu\/wp-content\/uploads\/2019\/06\/felhivas-2.pdf\">felhivas<\/a><\/p>\n<p><a href=\"http:\/\/www.kvzrt.hu\/wp-content\/uploads\/2019\/06\/ajanlattetelre_felhivott_gazdasagi_szereplok.pdf\">ajanlattetelre_felhivott_gazdasagi_szereplok<\/a><\/p>\n<p><a href=\"http:\/\/www.kvzrt.hu\/wp-content\/uploads\/2019\/06\/KVZrt_Gesztenye\u00d3voda_KD_v3.pdf\">KVZrt_Gesztenye\u00d3voda_KD_v3<\/a><\/p>\n<p><a href=\"http:\/\/www.kvzrt.hu\/wp-content\/uploads\/2019\/06\/Gesztenye-\u00d3voda-udvar-fel\u00faj\u00edt\u00e1s-v\u00e1llalkoz\u00e1si-szerz\u0151d\u00e9s.pdf\">Gesztenye \u00d3voda udvar fel\u00faj\u00edt\u00e1s &#8211; v\u00e1llalkoz\u00e1si szerz\u0151d\u00e9s<\/a><\/p>\n<p><a href=\"http:\/\/www.kvzrt.hu\/wp-content\/uploads\/2019\/06\/EKR000449142019_bontasi_jegyzokonyv_201905060811.pdf\">EKR000449142019_bontasi_jegyzokonyv_201905060811<\/a><\/p>\n","protected":false},"excerpt":{"rendered":"<p>felhivas ajanlattetelre_felhivott_gazdasagi_szereplok KVZrt_Gesztenye\u00d3voda_KD_v3 Gesztenye \u00d3voda udvar fel\u00faj\u00edt\u00e1s &#8211; v\u00e1llalkoz\u00e1si szerz\u0151d\u00e9s EKR000449142019_bontasi_jegyzokonyv_201905060811<\/p>\n","protected":false},"author":2,"featured_media":0,"parent":1744,"menu_order":0,"comment_status":"closed","ping_status":"closed","template":"","meta":{"_monsterinsights_skip_tracking":false,"_monsterinsights_sitenote_active":false,"_monsterinsights_sitenote_note":"","_monsterinsights_sitenote_category":0,"footnotes":""},"class_list":["post-1805","page","type-page","status-publish","hentry"],"_links":{"self":[{"href":"https:\/\/www.kvzrt.hu\/index.php?rest_route=\/wp\/v2\/pages\/1805","targetHints":{"allow":["GET"]}}],"collection":[{"href":"https:\/\/www.kvzrt.hu\/index.php?rest_route=\/wp\/v2\/pages"}],"about":[{"href":"https:\/\/www.kvzrt.hu\/index.php?rest_route=\/wp\/v2\/types\/page"}],"author":[{"embeddable":true,"href":"https:\/\/www.kvzrt.hu\/index.php?rest_route=\/wp\/v2\/users\/2"}],"replies":[{"embeddable":true,"href":"https:\/\/www.kvzrt.hu\/index.php?rest_route=%2Fwp%2Fv2%2Fcomments&post=1805"}],"version-history":[{"count":3,"href":"https:\/\/www.kvzrt.hu\/index.php?rest_route=\/wp\/v2\/pages\/1805\/revisions"}],"predecessor-version":[{"id":1813,"href":"https:\/\/www.kvzrt.hu\/index.php?rest_route=\/wp\/v2\/pages\/1805\/revisions\/1813"}],"up":[{"embeddable":true,"href":"https:\/\/www.kvzrt.hu\/index.php?rest_route=\/wp\/v2\/pages\/1744"}],"wp:attachment":[{"href":"https:\/\/www.kvzrt.hu\/index.php?rest_route=%2Fwp%2Fv2%2Fmedia&parent=1805"}],"curies":[{"name":"wp","href":"https:\/\/api.w.org\/{rel}","templated":true}]}}