{"id":1794,"date":"2019-06-03T15:15:34","date_gmt":"2019-06-03T14:15:34","guid":{"rendered":"http:\/\/www.kvzrt.hu\/?page_id=1794"},"modified":"2019-06-03T15:19:35","modified_gmt":"2019-06-03T14:19:35","slug":"lavotta-u-lakotelep-belso-utak","status":"publish","type":"page","link":"https:\/\/www.kvzrt.hu\/?page_id=1794","title":{"rendered":"Lavotta u. lak\u00f3telep bels\u0151 utak"},"content":{"rendered":"<p><a href=\"http:\/\/www.kvzrt.hu\/wp-content\/uploads\/2019\/06\/KBVK_Lavotta_burkolat_Felh\u00edvott-gazdas\u00e1gi-szerepl\u0151k.pdf\">KBVK_Lavotta_burkolat_Felh\u00edvott gazdas\u00e1gi szerepl\u0151k<\/a><\/p>\n<p><a href=\"http:\/\/www.kvzrt.hu\/wp-content\/uploads\/2019\/06\/KBVK_Lavotta_burkolat_AF_ver2.0_EKR.pdf\">KBVK_Lavotta_burkolat_AF_ver2.0_EKR<\/a><\/p>\n<p><a href=\"http:\/\/www.kvzrt.hu\/wp-content\/uploads\/2019\/06\/KBVK_Lavotta_burkolat_KD_ver2.0.pdf\">KBVK_Lavotta_burkolat_KD_ver2.0<\/a><\/p>\n<p><a href=\"http:\/\/www.kvzrt.hu\/wp-content\/uploads\/2019\/06\/KBVK_Lavotta_burkolat_szerz\u0151d\u00e9stervezet_ver3.0.pdf\">KBVK_Lavotta_burkolat_szerz\u0151d\u00e9stervezet_ver3.0<\/a><\/p>\n<p><a href=\"http:\/\/www.kvzrt.hu\/wp-content\/uploads\/2019\/06\/EKR000383592019_bontasi_jegyzokonyv_201904161505.pdf\">EKR000383592019_bontasi_jegyzokonyv_201904161505<\/a><\/p>\n<p>&nbsp;<\/p>\n","protected":false},"excerpt":{"rendered":"<p>KBVK_Lavotta_burkolat_Felh\u00edvott gazdas\u00e1gi szerepl\u0151k KBVK_Lavotta_burkolat_AF_ver2.0_EKR KBVK_Lavotta_burkolat_KD_ver2.0 KBVK_Lavotta_burkolat_szerz\u0151d\u00e9stervezet_ver3.0 EKR000383592019_bontasi_jegyzokonyv_201904161505 &nbsp;<\/p>\n","protected":false},"author":2,"featured_media":0,"parent":1744,"menu_order":0,"comment_status":"closed","ping_status":"closed","template":"","meta":{"_monsterinsights_skip_tracking":false,"_monsterinsights_sitenote_active":false,"_monsterinsights_sitenote_note":"","_monsterinsights_sitenote_category":0,"footnotes":""},"class_list":["post-1794","page","type-page","status-publish","hentry"],"_links":{"self":[{"href":"https:\/\/www.kvzrt.hu\/index.php?rest_route=\/wp\/v2\/pages\/1794","targetHints":{"allow":["GET"]}}],"collection":[{"href":"https:\/\/www.kvzrt.hu\/index.php?rest_route=\/wp\/v2\/pages"}],"about":[{"href":"https:\/\/www.kvzrt.hu\/index.php?rest_route=\/wp\/v2\/types\/page"}],"author":[{"embeddable":true,"href":"https:\/\/www.kvzrt.hu\/index.php?rest_route=\/wp\/v2\/users\/2"}],"replies":[{"embeddable":true,"href":"https:\/\/www.kvzrt.hu\/index.php?rest_route=%2Fwp%2Fv2%2Fcomments&post=1794"}],"version-history":[{"count":5,"href":"https:\/\/www.kvzrt.hu\/index.php?rest_route=\/wp\/v2\/pages\/1794\/revisions"}],"predecessor-version":[{"id":1804,"href":"https:\/\/www.kvzrt.hu\/index.php?rest_route=\/wp\/v2\/pages\/1794\/revisions\/1804"}],"up":[{"embeddable":true,"href":"https:\/\/www.kvzrt.hu\/index.php?rest_route=\/wp\/v2\/pages\/1744"}],"wp:attachment":[{"href":"https:\/\/www.kvzrt.hu\/index.php?rest_route=%2Fwp%2Fv2%2Fmedia&parent=1794"}],"curies":[{"name":"wp","href":"https:\/\/api.w.org\/{rel}","templated":true}]}}