{"id":1785,"date":"2019-06-03T15:10:37","date_gmt":"2019-06-03T14:10:37","guid":{"rendered":"http:\/\/www.kvzrt.hu\/?page_id=1785"},"modified":"2019-06-03T15:13:44","modified_gmt":"2019-06-03T14:13:44","slug":"gyakorlo-utca-rekonstrukcio","status":"publish","type":"page","link":"https:\/\/www.kvzrt.hu\/?page_id=1785","title":{"rendered":"Gyakorl\u00f3 utca rekonstrukci\u00f3"},"content":{"rendered":"<p><a href=\"http:\/\/www.kvzrt.hu\/wp-content\/uploads\/2019\/06\/ATF_gyakorl\u00f3-utca.pdf\">ATF_gyakorl\u00f3 utca<\/a><\/p>\n<p><a href=\"http:\/\/www.kvzrt.hu\/wp-content\/uploads\/2019\/06\/KBVK_Gyakorl\u00f3-utca_KD.pdf\">KBVK_Gyakorl\u00f3 utca_KD<\/a><\/p>\n<p><a href=\"http:\/\/www.kvzrt.hu\/wp-content\/uploads\/2019\/06\/Gyakorl\u00f3-utca-V\u00e1llalkoz\u00e1si-Szerz\u0151d\u00e9s-tervezet.pdf\">Gyakorl\u00f3 utca V\u00e1llalkoz\u00e1si Szerz\u0151d\u00e9s tervezet<\/a><\/p>\n<p><a href=\"http:\/\/www.kvzrt.hu\/wp-content\/uploads\/2019\/06\/F\u0151\u00f6sszes\u00edt\u0151-\u00e9s-\u00c1razatlan-K\u00f6lts\u00e9gvet\u00e9s.pdf\">F\u0151\u00f6sszes\u00edt\u0151 \u00e9s \u00c1razatlan K\u00f6lts\u00e9gvet\u00e9s<\/a><\/p>\n<p><a href=\"http:\/\/www.kvzrt.hu\/wp-content\/uploads\/2019\/06\/\u00c1razatlan-K\u00f6lts\u00e9gvet\u00e9s.pdf\">\u00c1razatlan K\u00f6lts\u00e9gvet\u00e9s<\/a><\/p>\n<p><a href=\"http:\/\/www.kvzrt.hu\/wp-content\/uploads\/2019\/06\/EKR000301482019_bontasi_jegyzokonyv_201904021609.pdf\">EKR000301482019_bontasi_jegyzokonyv_201904021609<\/a><\/p>\n","protected":false},"excerpt":{"rendered":"<p>ATF_gyakorl\u00f3 utca KBVK_Gyakorl\u00f3 utca_KD Gyakorl\u00f3 utca V\u00e1llalkoz\u00e1si Szerz\u0151d\u00e9s tervezet F\u0151\u00f6sszes\u00edt\u0151 \u00e9s \u00c1razatlan K\u00f6lts\u00e9gvet\u00e9s \u00c1razatlan K\u00f6lts\u00e9gvet\u00e9s EKR000301482019_bontasi_jegyzokonyv_201904021609<\/p>\n","protected":false},"author":2,"featured_media":0,"parent":1744,"menu_order":0,"comment_status":"closed","ping_status":"closed","template":"","meta":{"_monsterinsights_skip_tracking":false,"_monsterinsights_sitenote_active":false,"_monsterinsights_sitenote_note":"","_monsterinsights_sitenote_category":0,"footnotes":""},"class_list":["post-1785","page","type-page","status-publish","hentry"],"_links":{"self":[{"href":"https:\/\/www.kvzrt.hu\/index.php?rest_route=\/wp\/v2\/pages\/1785","targetHints":{"allow":["GET"]}}],"collection":[{"href":"https:\/\/www.kvzrt.hu\/index.php?rest_route=\/wp\/v2\/pages"}],"about":[{"href":"https:\/\/www.kvzrt.hu\/index.php?rest_route=\/wp\/v2\/types\/page"}],"author":[{"embeddable":true,"href":"https:\/\/www.kvzrt.hu\/index.php?rest_route=\/wp\/v2\/users\/2"}],"replies":[{"embeddable":true,"href":"https:\/\/www.kvzrt.hu\/index.php?rest_route=%2Fwp%2Fv2%2Fcomments&post=1785"}],"version-history":[{"count":2,"href":"https:\/\/www.kvzrt.hu\/index.php?rest_route=\/wp\/v2\/pages\/1785\/revisions"}],"predecessor-version":[{"id":1793,"href":"https:\/\/www.kvzrt.hu\/index.php?rest_route=\/wp\/v2\/pages\/1785\/revisions\/1793"}],"up":[{"embeddable":true,"href":"https:\/\/www.kvzrt.hu\/index.php?rest_route=\/wp\/v2\/pages\/1744"}],"wp:attachment":[{"href":"https:\/\/www.kvzrt.hu\/index.php?rest_route=%2Fwp%2Fv2%2Fmedia&parent=1785"}],"curies":[{"name":"wp","href":"https:\/\/api.w.org\/{rel}","templated":true}]}}